{"id":59136,"date":"2024-08-27T09:22:51","date_gmt":"2024-08-27T07:22:51","guid":{"rendered":"https:\/\/octorate.com\/privacy-policy\/"},"modified":"2025-10-03T12:03:36","modified_gmt":"2025-10-03T10:03:36","slug":"privacy-policy","status":"publish","type":"page","link":"https:\/\/octorate.com\/ro\/privacy-policy\/","title":{"rendered":"Privacy Policy"},"content":{"rendered":"<p>[et_pb_section fb_built=&#8221;1&#8243; inner_shadow=&#8221;on&#8221; admin_label=&#8221;Hero&#8221; _builder_version=&#8221;4.24.2&#8243; background_color=&#8221;#000000&#8243; background_enable_image=&#8221;off&#8221; background_position=&#8221;center_right&#8221; background_horizontal_offset=&#8221;100%&#8221; background_blend=&#8221;multiply&#8221; background_enable_pattern_style=&#8221;on&#8221; background_pattern_style=&#8221;diagonal-stripes-2&#8243; background_pattern_color=&#8221;#141414&#8243; background_pattern_size=&#8221;custom&#8221; background_pattern_repeat_origin=&#8221;center&#8221; background_pattern_blend_mode=&#8221;screen&#8221; custom_padding=&#8221;||0px||false|false&#8221; global_colors_info=&#8221;{}&#8221;][et_pb_row _builder_version=&#8221;4.16&#8243; custom_padding=&#8221;|||0px||&#8221; global_colors_info=&#8221;{}&#8221;][et_pb_column type=&#8221;4_4&#8243; _builder_version=&#8221;4.16&#8243; custom_padding=&#8221;||60px|&#8221; global_colors_info=&#8221;{}&#8221; custom_padding__hover=&#8221;|||&#8221;][et_pb_text _builder_version=&#8221;4.16&#8243; text_font=&#8221;Open Sans|600|||||||&#8221; text_line_height=&#8221;1.8em&#8221; header_font=&#8221;Poppins||||||||&#8221; header_font_size=&#8221;36px&#8221; header_line_height=&#8221;1.4em&#8221; background_layout=&#8221;dark&#8221; custom_margin=&#8221;||||false|false&#8221; global_colors_info=&#8221;{}&#8221;]<\/p>\n<h1><b>PRIVACY POLICY<\/b><\/h1>\n<p>[\/et_pb_text][\/et_pb_column][\/et_pb_row][\/et_pb_section][et_pb_section fb_built=&#8221;1&#8243; _builder_version=&#8221;4.16&#8243; _module_preset=&#8221;default&#8221; global_colors_info=&#8221;{}&#8221;][et_pb_row _builder_version=&#8221;4.16&#8243; _module_preset=&#8221;default&#8221; global_colors_info=&#8221;{}&#8221;][et_pb_column type=&#8221;4_4&#8243; _builder_version=&#8221;4.16&#8243; _module_preset=&#8221;default&#8221; global_colors_info=&#8221;{}&#8221;][et_pb_text _builder_version=&#8221;4.24.2&#8243; _module_preset=&#8221;default&#8221; global_colors_info=&#8221;{}&#8221;]<\/p>\n<p>Informare privind prelucrarea datelor cu caracter personal \u00een conformitate cu Regulamentul UE 679\/2016 (GDPR)<\/p>\n<p>V\u0103 inform\u0103m, \u00een conformitate cu art. 13 din Regulamentul UE 679\/2016 (GDPR), c\u0103 societatea noastr\u0103 va prelucra datele personale pe care ni le furniza\u021bi \u00een conformitate cu legisla\u021bia privind protec\u021bia datelor personale \u0219i respect\u00e2nd obliga\u021biile \u0219i garan\u021biile prev\u0103zute de normele legale, contractuale \u0219i de reglementare.<\/p>\n<p>Aceast\u0103 Politic\u0103 de Confiden\u021bialitate descrie politicile Octorate S.r.l., Via Filippo Caruso, 23, 00173 Roma, Italia, email: legal@octorate.com, telefon: +39 06 4542 0568, privind colectarea, utilizarea \u0219i divulgarea informa\u021biilor dvs. atunci c\u00e2nd utiliza\u021bi site-ul nostru https:\/\/octorate.com (denumit \u00een continuare \u201eServiciul\u201d). Acces\u00e2nd sau utiliz\u00e2nd Serviciul, sunte\u021bi de acord cu colectarea, utilizarea \u0219i divulgarea informa\u021biilor dvs. \u00een conformitate cu aceast\u0103 Politic\u0103. Dac\u0103 nu sunte\u021bi de acord, v\u0103 rug\u0103m s\u0103 nu utiliza\u021bi Serviciul.<\/p>\n<p>Datele personale pe care ni le furniza\u021bi sunt colectate pentru urm\u0103toarele scopuri:<\/p>\n<p>furnizarea serviciilor solicitate \u0219i gestionarea eventualelor reclama\u021bii \u0219i\/sau litigii;<br \/>trimiterea de comunic\u0103ri comerciale referitoare la produse, servicii sau ini\u021biative ale Editorului \u0219i\/sau ale partenerilor s\u0103i comerciali sau ale altor companii ter\u021be; activit\u0103\u021bi de v\u00e2nz\u0103ri \u0219i distribu\u021bie direct\u0103 \u0219i indirect\u0103; evaluarea gradului de satisfac\u021bie a clien\u021bilor cu privire la calitatea serviciilor furnizate; realizarea de studii \u0219i cercet\u0103ri statistice \u0219i de pia\u021b\u0103. Lipsa, completarea par\u021bial\u0103 sau incorect\u0103 a datelor dvs. poate duce la imposibilitatea de a v\u0103 furniza serviciile solicitate.<br \/>Prelucr\u0103rile men\u021bionate \u00een punctele 1 \u0219i 2 pot fi efectuate prin metode informatice sau manuale, cu proceduri care s\u0103 garanteze conformitatea cu dispozi\u021biile legislative \u00een vigoare.<br \/>\u00cen cadrul organiza\u021biei noastre, datele pot fi cunoscute doar de persoane specific autorizate \u0219i instruite.<\/p>\n<p>Operatorul de date este Octorate S.r.l. Pentru informa\u021bii referitoare la prelucrarea datelor cu caracter personal efectuat\u0103 de c\u0103tre operator, precum \u0219i pentru exercitarea drepturilor persoanelor vizate (conform articolelor 15-22 din Regulamentul UE 679\/2016 \u201eGDPR\u201d), v\u0103 invit\u0103m s\u0103 utiliza\u021bi adresa de e-mail dedicat\u0103: <a href=\"mailto:privacy@octorate.com\">privacy@octorate.com<\/a>. De asemenea, v\u0103 pute\u021bi adresa responsabilului cu protec\u021bia datelor (DPO) pentru a v\u0103 exercita drepturile \u0219i\/sau pentru orice clarific\u0103ri legate de protec\u021bia datelor personale, la adresa: <a href=\"mailto:DPO@octorate.com\">DPO@octorate.com<\/a>.<\/p>\n<p>Persoana vizat\u0103 poate, \u00een orice moment, s\u0103-\u0219i exercite drepturile prev\u0103zute de Regulamentul UE.<\/p>\n<p>Pentru a v\u0103 exercita drepturile prev\u0103zute de Regulamentul UE (art. 15 Dreptul de acces; art. 16 Rectificare; art. 17 \u0218tergere), trebuie s\u0103 scrie\u021bi la legal@octorate.com.<\/p>\n<p>V\u0103 inform\u0103m c\u0103, din motive tehnice, timpul necesar pentru \u0219tergerea eventual\u0103 a datelor dvs. personale din arhiv\u0103 va fi de maximum 5 zile lucr\u0103toare.<\/p>\n<p>&nbsp;<\/p>\n<h3>Date Colectate<\/h3>\n<p>Vom colecta \u0219i prelucra urm\u0103toarele date personale:<\/p>\n<p>&#8211; Nume<br \/>&#8211; Email<br \/>&#8211; Num\u0103r de telefon<br \/>&#8211; Data na\u0219terii<br \/>&#8211; Adres\u0103<br \/>&#8211; Adres\u0103 de munc\u0103<br \/>&#8211; Informa\u021bii de plat\u0103<\/p>\n<p>&nbsp;<\/p>\n<h3>Scopul Prelucr\u0103rii<\/h3>\n<p>Folosim datele colectate \u00een urm\u0103toarele scopuri:<\/p>\n<p>&#8211; Marketing\/Promo\u021bii<br \/>&#8211; Crearea contului de utilizator<br \/>&#8211; Colectarea feedback-ului<br \/>&#8211; Suport clien\u021bi<br \/>&#8211; Gestionarea informa\u021biilor administrative<br \/>&#8211; Publicitate direc\u021bionat\u0103<br \/>&#8211; Protec\u021bia site-ului<br \/>&#8211; Gestionarea contului de utilizator<br \/>\u00cen cazul utiliz\u0103rilor suplimentare, vom solicita consim\u021b\u0103m\u00e2ntul dvs. \u0219i vom prelucra datele doar pentru scopurile pentru care a\u021bi acordat consim\u021b\u0103m\u00e2ntul, cu excep\u021bia cazului \u00een care exist\u0103 o alt\u0103 obliga\u021bie legal\u0103.<\/p>\n<p>&nbsp;<\/p>\n<h3>Partajarea Datelor<\/h3>\n<p>Nu vom transfera datele dvs. personale c\u0103tre ter\u021bi f\u0103r\u0103 consim\u021b\u0103m\u00e2ntul dvs. Ter\u021bii c\u0103tre care transfer\u0103m datele sunt obliga\u021bi s\u0103 le utilizeze exclusiv \u00een scopurile pentru care au fost transferate \u0219i s\u0103 nu le p\u0103streze mai mult dec\u00e2t este necesar pentru acele scopuri.<\/p>\n<p>De asemenea, putem divulga datele dvs. pentru: (1) a respecta legile aplicabile; (2) a pune \u00een aplicare acordurile noastre; sau (3) a r\u0103spunde la reclama\u021biile conform c\u0103rora utilizarea Serviciului de c\u0103tre dvs. \u00eencalc\u0103 drepturile unor ter\u021bi.<\/p>\n<p>\u00cen cazul unei fuziuni sau achizi\u021bii a companiei noastre, datele dvs. vor fi transferate noului proprietar.<\/p>\n<p>&nbsp;<\/p>\n<p>&nbsp;<\/p>\n<h3>P\u0103strarea Datelor<\/h3>\n<p>Vom p\u0103stra datele dvs. at\u00e2t timp c\u00e2t este necesar pentru scopurile pentru care au fost colectate. Putem p\u0103stra anumite date pentru mai mult timp din motive legale sau pentru interese legitime, cum ar fi prevenirea fraudei. Persoana vizat\u0103 poate, \u00een orice moment, s\u0103-\u0219i exercite drepturile prev\u0103zute de Regulamentul UE.<\/p>\n<p>&nbsp;<\/p>\n<h3>Drepturile Tale<\/h3>\n<p>Conform legii aplicabile, ai dreptul de a accesa, rectifica sau \u0219terge datele tale personale, de a solicita limitarea prelucr\u0103rii, de a te opune prelucr\u0103rii, de a solicita portabilitatea datelor sau de a-\u021bi retrage consim\u021b\u0103m\u00e2ntul pentru prelucrare. Po\u021bi exercita aceste drepturi scriind la legal@octorate.com.<\/p>\n<p>&nbsp;<\/p>\n<h3>Cookie-uri \u0219i Tehnologii de Urm\u0103rire<\/h3>\n<p>Pentru mai multe informa\u021bii despre utilizarea cookie-urilor \u0219i op\u021biunile tale de gestionare, consult\u0103 Politica noastr\u0103 de Cookie-uri.<\/p>\n<p>&nbsp;<\/p>\n<h3>Securitate<\/h3>\n<p>Adopt\u0103m m\u0103suri de securitate rezonabile pentru a-\u021bi proteja datele, dar nu putem garanta o securitate absolut\u0103 din cauza riscurilor inerente transmiterii de date online. Transmi\u021bi informa\u021biile pe propriul risc.<\/p>\n<p>&nbsp;<\/p>\n<h3>Link-uri c\u0103tre Ter\u021bi<\/h3>\n<p class=\"p1\">Serviciul nostru poate con\u021bine link-uri c\u0103tre alte site-uri care nu sunt gestionate de noi. Aceast\u0103 Politic\u0103 nu se aplic\u0103 acelor site-uri. \u00ce\u021bi recomand\u0103m s\u0103 cite\u0219ti politicile de confiden\u021bialitate ale acestora.<\/p>\n<h3><strong><\/strong><\/h3>\n<h3><strong><\/strong><\/h3>\n<h3>Modific\u0103ri ale Politicii de Confiden\u021bialitate<\/h3>\n<p>Prezenta Politic\u0103 de Confiden\u021bialitate poate suferi modific\u0103ri \u00een timp, inclusiv \u00een leg\u0103tur\u0103 cu eventualele noi reglement\u0103ri sectoriale, actualizarea sau furnizarea de noi servicii sau inova\u021bii tehnologice, motiv pentru care utilizatorul\/vizitatorul este invitat s\u0103 consulte periodic aceast\u0103 pagin\u0103.<\/p>\n<p>[\/et_pb_text][\/et_pb_column][\/et_pb_row][\/et_pb_section]<\/p>\n","protected":false},"excerpt":{"rendered":"<p>Exploreaz\u0103 Politica de Confiden\u021bialitate Octorate: transparen\u021b\u0103 \u00een colectarea, utilizarea \u0219i protec\u021bia datelor tale personale pentru a-\u021bi asigura siguran\u021ba \u0219i confiden\u021bialitatea.<\/p>\n","protected":false},"author":29,"featured_media":18049,"parent":0,"menu_order":0,"comment_status":"closed","ping_status":"closed","template":"","meta":{"_et_pb_use_builder":"on","_et_pb_old_content":"<!-- wp:paragraph -->\n<p>La piattaforma \u00e8 un servizio di www.Octorate.com Octorate con sede in Via Filippo Caruso, 23, 00173, Roma.<\/p>\n<!-- \/wp:paragraph -->\n\n<!-- wp:paragraph -->\n<p><strong>Sito web:<\/strong>&nbsp;<a href=\"https:\/\/www.octorate.com\/\" target=\"_blank\" rel=\"noreferrer noopener\">www.Octorate.com<\/a><\/p>\n<!-- \/wp:paragraph -->\n\n<!-- wp:paragraph -->\n<p>Octorate Srl (di seguito OR) \u00e8 un Booking Engine, Channel Manager, PMS e OctoSite dedicati alle strutture ricettive (alberghi, residence, ecc \u2026), per l\u2019attuazione in tempo reale le prenotazioni online originati sul sito del proprietario.<\/p>\n<!-- \/wp:paragraph -->\n\n<!-- wp:paragraph -->\n<p><strong>Le prenotazioni originate da OR sono completamente gratuite; nessuna commissione sulle transazioni \u00e8 richiesto.<\/strong><br>Questo sistema offre ai proprietari delle strutture ricettive la possibilit\u00e0 di configurare gli orari di prenotazione e le varie tariffe piani per le prenotazioni online.<\/p>\n<!-- \/wp:paragraph -->\n\n<!-- wp:paragraph -->\n<p>Nota: i servizi offerti dalla OR sono caratterizzati da una tecnologia in continua evoluzione.<\/p>\n<!-- \/wp:paragraph -->\n\n<!-- wp:paragraph -->\n<p>OR si riserva il diritto di apportare modifiche ai servizi offerti a propria discrezione e in qualsiasi momento, se ritenuto necessario, e ogni volta che i cambiamenti tecnologici; queste modifiche sarebbero coinvolgano i servizi e il modo in cui questi servizi vengono offerti al cliente, il nostro obiettivo \u00e8 un miglioramento continuo e l\u2019ottimizzazione dei servizi forniti.<\/p>\n<!-- \/wp:paragraph -->\n\n<!-- wp:heading {\"level\":3} -->\n<h3>LINK:<\/h3>\n<!-- \/wp:heading -->\n\n<!-- wp:paragraph -->\n<p>L\u2019utilizzo del software di prenotazione online e la sua integrazione nel sito web della struttura avviene attivando un link che verr\u00e0 fornito al momento della registrazione e della configurazione di detto sito.<\/p>\n<!-- \/wp:paragraph -->\n\n<!-- wp:paragraph -->\n<p>OR creer\u00e0 una pagina per la prenotazione on-line per ogni abbonato.<\/p>\n<!-- \/wp:paragraph -->\n\n<!-- wp:paragraph -->\n<p>Non sarebbe necessario modificare mai pi\u00f9, o installare software aggiuntivo.<\/p>\n<!-- \/wp:paragraph -->\n\n<!-- wp:heading {\"level\":3} -->\n<h3>DATA ENTRY:<\/h3>\n<!-- \/wp:heading -->\n\n<!-- wp:paragraph -->\n<p>Il rappresentante della struttura ricettiva \u00e8 responsabile per l\u2019immissione di dati in linea (tariffe, orari di prenotazione, ecc). Il programma di auto-gestione \u00e8 accessibile 24 ore al giorno via internet subordinata alla disponibilit\u00e0 di tale servizio offerto al cliente da parte del provider di servizi Internet.<\/p>\n<!-- \/wp:paragraph -->\n\n<!-- wp:paragraph -->\n<p>Il nome utente e la password necessari per accedere al sistema di gestione saranno scelti dalla persona che rappresenta la struttura ricettiva, persona che avr\u00e0 il compito di assicurare la riservatezza e per non divulgare tali informazioni a terzi.<\/p>\n<!-- \/wp:paragraph -->\n\n<!-- wp:heading {\"level\":3} -->\n<h3>SISTEMA DI PRENOTAZIONE<\/h3>\n<!-- \/wp:heading -->\n\n<!-- wp:paragraph -->\n<p>Le prenotazioni vengono effettuate interamente online attraverso un server sicuro SSL, sulla base dei dati precedentemente immessi nel sistema dalla struttura ricettiva che si assume la totale responsabilit\u00e0 per l\u2019accuratezza delle informazioni.<\/p>\n<!-- \/wp:paragraph -->\n\n<!-- wp:paragraph -->\n<p>Il cliente e la struttura ricettiva sono le uniche parti del contratto; ogni parte ricever\u00e0 una conferma della prenotazione in tempo reale via e-mail.<br>Evidentemente, OR&nbsp;non agisce come intermediario; esso fornisce solo il software che permette la prenotazione on-line.<\/p>\n<!-- \/wp:paragraph -->\n\n<!-- wp:heading {\"level\":3} -->\n<h3>CARTA DI CREDITO<\/h3>\n<!-- \/wp:heading -->\n\n<!-- wp:paragraph -->\n<p>Si noti che al momento della prenotazione on line nessun pagamento \u00e8 effettuato; la carta di credito viene utilizzato esclusivamente come un mezzo per garantire la prenotazione on-line. La carta di credito \u00e8 controllato solo per quanto riguarda la validit\u00e0 del dato insieme di numeri attraverso il cosiddetto algoritmo Luhn. OR non garantisce l\u2019autenticit\u00e0 di detta carta di credito memorizzata nei suoi server e criptati e non possono essere decodificati da OR in conformit\u00e0 con gli standard di sicurezza PCI-DSS.<\/p>\n<!-- \/wp:paragraph -->\n\n<!-- wp:paragraph -->\n<p>La successiva ricarica delle carte di credito dei clienti \u00e8 pienamente la responsabilit\u00e0 della struttura ricettiva.<br>Non agire come intermediario OR \u00e8 completamente sollevato di eventuali controversie tra la struttura ricettiva e dei suoi clienti.<\/p>\n<!-- \/wp:paragraph -->\n\n<!-- wp:heading {\"level\":3} -->\n<h3>CHANNEL MANAGER<\/h3>\n<!-- \/wp:heading -->\n\n<!-- wp:paragraph -->\n<p>Nonostante OR&nbsp;fornisca questo servizio utilizzando tecnologie affidabili e mantenga un costante monitoraggio e aggiornamento delle stesse e considerato che i servizi sono caratterizzati da una tecnologia in continua evoluzione,&nbsp;la struttura ricettiva \u00e8 tenuta a verificare il corretto aggiornamento e allineamento dei portali connessi.<br>OR&nbsp;non \u00e8 responsabile di eventuali overbooking della struttura ricettiva, di mancati aggiornamenti dei portali e di mancati guadagni.<\/p>\n<!-- \/wp:paragraph -->\n\n<!-- wp:heading {\"level\":3} -->\n<h3>SISTEMI DI PAGAMENTO<\/h3>\n<!-- \/wp:heading -->\n\n<!-- wp:paragraph -->\n<p>OR fornisce il servizio di integrazione con diversi payment gateway e partner per la gestione dei pagamenti. Il servizio offerto da OR \u00e8 esclusivamente tecnico e riguarda la connessione con i sistemi suddetti. OR non interagisce in alcun modo con gli organi istituzionali di pagamento e non effettua intermediazioni bancarie, non \u00e8 pertanto responsabile di eventuali contestazioni e mancati\/o errati accrediti di importi legati alle prenotazioni e ai servizi offerti dall\u2019utilizzatore.<br>Il responsabile dei servizi di incasso e pagamento e il relativo supporto in merito alle contestazioni deve essere fornito dal partner scelto per la gestione dei pagamenti.<\/p>\n<!-- \/wp:paragraph -->\n\n<!-- wp:heading {\"level\":3} -->\n<h3>SERVIZIO ALLOGGIATI POLIZIA DI STATO E ISTAT<\/h3>\n<!-- \/wp:heading -->\n\n<!-- wp:paragraph -->\n<p>OR fornisce il servizio per la creazione e l\u2019invio delle schedine alloggiati per il portale web della Polizia di Stato e per la raccolta dati ISTAT. OR fornisce il servizio utilizzando tecnologie affidabili, monitorando il funzionamento e aggiornando costantemente i sistemi. Considerato il cambiamento costante e continuo delle procedure e delle normative degli organi vigenti, OR \u00e8 impossibilitata a garantire il corretto invio delle schedine alloggiati e dei dati ISTAT agli organi preposti secondo le tempistiche richieste. \u00c8 responsabilit\u00e0 dell\u2019utilizzatore verificare il corretto invio della documentazione tramite OR oppure provvedere tramite i canali ufficiali.<\/p>\n<!-- \/wp:paragraph -->\n\n<!-- wp:heading {\"level\":3} -->\n<h3>DURATA DEL CONTRATTO<\/h3>\n<!-- \/wp:heading -->\n\n<!-- wp:paragraph -->\n<p>Il contratto diventa efficace al momento della registrazione e ha una validit\u00e0 illimitata. La cancellazione \u00e8 possibile in qualsiasi momento per entrambe le parti. All\u2019interno della sezione \u201cUpgrade\u201d l\u2019utente pu\u00f2 disattivare autonomamente uno o tutti i servizi che compongono la piattaforma.<\/p>\n<!-- \/wp:paragraph -->\n\n<!-- wp:heading {\"level\":3} -->\n<h3>GIURISDIZIONE<\/h3>\n<!-- \/wp:heading -->\n\n<!-- wp:paragraph -->\n<p>Il presente contratto deve intendersi interpretato e regolato in conformit\u00e0 con la Legge Italiana. Per tutto quanto non espressamente regolato dal presente contratto, troveranno applicazione le disposizioni del Codice<\/p>\n<!-- \/wp:paragraph -->\n\n<!-- wp:paragraph -->\n<p>Civile in materia. Per qualsiasi controversia relativa all\u2019interpretazione e\/o esecuzione del presente contratto sar\u00e0 competente in via esclusiva il Foro di Roma<\/p>\n<!-- \/wp:paragraph -->\n\n<!-- wp:heading {\"level\":3} -->\n<h3>INFORMAZIONI RIGUARDANTI IL TRATTAMENTO DEI DATI<\/h3>\n<!-- \/wp:heading -->\n\n<!-- wp:heading -->\n<h2><strong>Informativa sulla Privacy<\/strong><\/h2>\n<!-- \/wp:heading -->\n\n<!-- wp:paragraph -->\n<p>Informativa circa il trattamento dei dati personali ai sensi del Regolamento UE 679\/2016 (GDPR)<\/p>\n<!-- \/wp:paragraph -->\n\n<!-- wp:paragraph -->\n<p>La informiamo, ai sensi dell\u2019art. 13 del Regolamento UE 679\/2016(GDPR), che la nostra societ\u00e0 proceder\u00e0 al trattamento dei dati personali da Lei forniti nel rispetto della normativa in materia di tutela del trattamento dei dati personali e nel rispetto degli obblighi e delle garanzie delle norme di legge, contrattuali e regolamentari.I dati personali da Lei forniti sono raccolti per le seguenti finalit\u00e0: 1) erogazione dei servizi richiesti e gestione di eventuali reclami e\/o contenziosi;<br>2) invio di comunicazioni commerciali relative a prodotti, servizi o iniziative dell\u2019Editore e\/o di suoi partner commerciali o di societ\u00e0 terze; attivit\u00e0 di vendite e di collocamento dirette ed indirette; rilevazioni del grado di soddisfazione della clientela sulla qualit\u00e0 dei servizi forniti; effettuazione di studi e ricerche statistiche e di mercato. Il mancato, parziale o inesatto conferimento dei Suoi dati potrebbe avere come conseguenza l\u2019impossibilit\u00e0 di fornirLe i servizi richiesti.<\/p>\n<!-- \/wp:paragraph -->\n\n<!-- wp:paragraph -->\n<p>I trattamenti di cui ai precedenti punti 1 e 2 potranno essere eseguiti con modalit\u00e0 informatiche o manuali con procedure tali da garantirne la conformit\u00e0 alle disposizioni normative vigenti in materia.All\u2019interno della nostra organizzazione i dati potranno essere conosciuti solo da soggetti specificatamente autorizzati e istruiti.<\/p>\n<!-- \/wp:paragraph -->\n\n<!-- wp:paragraph -->\n<p>Titolare del trattamento \u00e8 la societ\u00e0 Octorate Srl con sede in Via Filippo Caruso,23 Roma (Italia).<\/p>\n<!-- \/wp:paragraph -->\n\n<!-- wp:paragraph -->\n<p>L\u2019interessato potr\u00e0 in qualsiasi momento esercitare i diritti previsti dal Regolamento UE.Per esercitare i diritti previsti dal Regolamento UE (art. 15 Diritto di accesso; art.16 Rettifica; art. 17 Cancellazione) dovr\u00e0 scrivere a tech@octorate.com<\/p>\n<!-- \/wp:paragraph -->\n\n<!-- wp:paragraph -->\n<p>Si informa che, per ragioni tecniche, i tempi necessari per l\u2019eventuale cancellazione dei Suoi dati personali dall\u2019archivio&nbsp; saranno al massimo di 5 giorni lavorativi.<\/p>\n<!-- \/wp:paragraph -->\n\n<!-- wp:paragraph -->\n<p>Il sito Octorate.com, cos\u00ec come il resto del mercato, utilizza i cookie, che sono delle brevi stringhe di testo che vengono inviate dal Server del sito al Browser dell\u2019utente\/visitatore del sito e vengono automaticamente salvati sul pc dell\u2019utente\/visitatore. La finalit\u00e0 principale di questi cookie \u00e8 quella di rendere pi\u00f9 fruibile la navigazione del sito e quindi si consiglia di configurare il proprio browser in modo da accettarli.<\/p>\n<!-- \/wp:paragraph -->\n\n<!-- wp:paragraph -->\n<p>Quasi tutti i browser sono impostati per accettare i cookie, tuttavia l\u2019utente\/visitatore pu\u00f2 autonomamente modificare la configurazione del proprio Browser e bloccare i cookie (opt-out). E\u2019 necessario sapere che in caso di blocco dei cookie la fruizione del sito octorate.com e l\u2019utilizzo di alcuni servizi pu\u00f2 risultare molto limitata o impossibile, in particolare di tutti i servizi ai quali si accede attraverso una registrazione.I cookie poi si distinguono in \u201cdi sessione\u201d e \u201cpersistenti\u201d, i primi una volta scaricati vengono poi eliminati alla chiusura del Browser, i secondi invece vengono memorizzati sul disco rigido dell\u2019utente\/visitatore fino alla loro scadenza.<\/p>\n<!-- \/wp:paragraph -->\n\n<!-- wp:heading {\"level\":3} -->\n<h3><strong>cookie policy<\/strong><\/h3>\n<!-- \/wp:heading -->\n\n<!-- wp:paragraph -->\n<p>I cookie persistenti vengono utilizzati principalmente per facilitare la navigazione del sito, per capire quali sezioni del sito hanno generato un certo numero di pagine e utenti e anche per l\u2019erogazione dei formati pubblicitari. In relazione ai messaggi pubblicitari Octorate.com, come la maggior parte dei siti concorrenti, utilizza cookie generati da altri siti per erogare i formati pubblicitari. Questi cookie possono sempre essere disattivati (opt-out) anche quando sono anonimi, cio\u00e8 non raccolgono informazioni personali che possono portare all\u2019identificazione dell\u2019utente (p.es. l\u2019indirizzo IP). A questo proposito si sottolinea che i dati di browser eventualmente identificati (personally identifiable information: PII) tramite un cookie non possono far risalire all\u2019utente e non vengono collezionati. I cookie di sessione invece vengono principalmente utilizzati in fase di autenticazione, autorizzazione e navigazione nei servizi ai quali si accede tramite una registrazione. (<a href=\"https:\/\/www.octorate.com\/it\/cookie-policy\/\">Cookie Policy<\/a>)<\/p>\n<!-- \/wp:paragraph -->\n\n<!-- wp:paragraph -->\n<p><strong>Modifiche Informativa sulla Privacy<\/strong><br>La presente Informativa sulla Privacy pu\u00f2 subire modifiche nel tempo, anche connesse all\u2019eventuale entrata in vigore di nuove normative di settore, all\u2019aggiornamento o erogazione di nuovi servizi ovvero ad intervenute innovazioni tecnologiche, per cui l\u2019utente\/visitatore \u00e8 invitato a consultare periodicamente questa pagina.<\/p>\n<!-- \/wp:paragraph -->","_et_gb_content_width":"","footnotes":""},"_links":{"self":[{"href":"https:\/\/octorate.com\/ro\/wp-json\/wp\/v2\/pages\/59136"}],"collection":[{"href":"https:\/\/octorate.com\/ro\/wp-json\/wp\/v2\/pages"}],"about":[{"href":"https:\/\/octorate.com\/ro\/wp-json\/wp\/v2\/types\/page"}],"author":[{"embeddable":true,"href":"https:\/\/octorate.com\/ro\/wp-json\/wp\/v2\/users\/29"}],"replies":[{"embeddable":true,"href":"https:\/\/octorate.com\/ro\/wp-json\/wp\/v2\/comments?post=59136"}],"version-history":[{"count":18,"href":"https:\/\/octorate.com\/ro\/wp-json\/wp\/v2\/pages\/59136\/revisions"}],"predecessor-version":[{"id":74379,"href":"https:\/\/octorate.com\/ro\/wp-json\/wp\/v2\/pages\/59136\/revisions\/74379"}],"wp:featuredmedia":[{"embeddable":true,"href":"https:\/\/octorate.com\/ro\/wp-json\/wp\/v2\/media\/18049"}],"wp:attachment":[{"href":"https:\/\/octorate.com\/ro\/wp-json\/wp\/v2\/media?parent=59136"}],"curies":[{"name":"wp","href":"https:\/\/api.w.org\/{rel}","templated":true}]}}