{"id":24172,"date":"2022-06-08T11:04:35","date_gmt":"2022-06-08T09:04:35","guid":{"rendered":"https:\/\/octorate.com\/programul-octorate-pentru-asociati-octorate\/"},"modified":"2022-06-22T15:18:41","modified_gmt":"2022-06-22T13:18:41","slug":"programul-pentru-asociati","status":"publish","type":"page","link":"https:\/\/octorate.com\/ro\/programul-pentru-asociati\/","title":{"rendered":"Programul Octorate pentru asocia\u021bi | Octorate"},"content":{"rendered":"\n[et_pb_section fb_built=&#8221;1&#8243; admin_label=&#8221;Hero&#8221; _builder_version=&#8221;4.7.7&#8243; use_background_color_gradient=&#8221;on&#8221; background_color_gradient_start=&#8221;#8834fd&#8221; background_color_gradient_end=&#8221;#c756ec&#8221; background_color_gradient_direction=&#8221;60deg&#8221; background_image=&#8221;https:\/\/www2.octorate.com\/wordpress\/wp-content\/uploads\/2021\/02\/reseller-program.png&#8221; parallax=&#8221;on&#8221; parallax_method=&#8221;off&#8221; custom_padding=&#8221;100px|0px|100px|0px||&#8221; global_colors_info=&#8221;{}&#8221;][et_pb_row _builder_version=&#8221;4.7.7&#8243; custom_padding=&#8221;||0px|||&#8221; global_colors_info=&#8221;{}&#8221;][et_pb_column type=&#8221;4_4&#8243; _builder_version=&#8221;4.7.7&#8243; custom_padding=&#8221;||60px|&#8221; global_colors_info=&#8221;{}&#8221; custom_padding__hover=&#8221;|||&#8221;][et_pb_text _builder_version=&#8221;4.7.7&#8243; text_font=&#8221;Open Sans|600|||||||&#8221; text_line_height=&#8221;1.8em&#8221; header_font=&#8221;Poppins||||||||&#8221; header_font_size=&#8221;36px&#8221; header_line_height=&#8221;1.4em&#8221; background_layout=&#8221;dark&#8221; custom_margin=&#8221;||7px||false|false&#8221; custom_padding=&#8221;||22px|||&#8221; text_text_shadow_style=&#8221;preset4&#8243; text_text_shadow_horizontal_length=&#8221;0.12em&#8221; text_text_shadow_vertical_length=&#8221;0.18em&#8221; global_colors_info=&#8221;{}&#8221;]<h1><strong><span class=\"titoloPagina\">OCTORATE<\/span><\/strong><\/h1>\r\n<h1><strong>ASOCIA\u021aI<\/strong><\/h1>\r\n<h1 style=\"text-align: left;\"><strong><span class=\"titoloPagina\">PROGRAM<\/span><\/strong><\/h1>\r\n&nbsp;\r\n<h5>RECOMANDA\u021aI PRODUSELE NOASTRE<\/h5>\r\n<h5>C\u00c2\u0218TIGA\u021aI COMISIOANE RECURENTE<\/h5>[\/et_pb_text][et_pb_button button_url=&#8221;https:\/\/form.jotform.com\/210424578143351&#8243; url_new_window=&#8221;on&#8221; button_text=&#8221;\u00ceNSCRIE\u021aI-V\u0102&#8221; _builder_version=&#8221;4.7.7&#8243; _module_preset=&#8221;default&#8221; button_text_color=&#8221;#ffffff&#8221; button_bg_color=&#8221;#e09900&#8243; button_border_width=&#8221;0px&#8221; button_border_radius=&#8221;10px&#8221; button_letter_spacing=&#8221;1px&#8221; global_colors_info=&#8221;{}&#8221;][\/et_pb_button][\/et_pb_column][\/et_pb_row][\/et_pb_section][et_pb_section fb_built=&#8221;1&#8243; _builder_version=&#8221;4.7.5&#8243; _module_preset=&#8221;default&#8221; background_color=&#8221;#00adba&#8221; custom_margin=&#8221;||||false|false&#8221; custom_padding=&#8221;19px||20px||false|false&#8221; global_colors_info=&#8221;{}&#8221;][et_pb_row _builder_version=&#8221;4.7.5&#8243; _module_preset=&#8221;default&#8221; custom_padding=&#8221;20px||0px||false|false&#8221; global_colors_info=&#8221;{}&#8221;][et_pb_column type=&#8221;4_4&#8243; _builder_version=&#8221;4.7.5&#8243; _module_preset=&#8221;default&#8221; global_colors_info=&#8221;{}&#8221;][et_pb_text _builder_version=&#8221;4.7.7&#8243; _module_preset=&#8221;default&#8221; custom_margin=&#8221;||23px|||&#8221; global_colors_info=&#8221;{}&#8221;]<h2 style=\"text-align: LEFT;\"><span style=\"color: #ffffff;\"><b>PENTRU DISTRIBUITORI, ADMINISTRATORI DE PROPRIET\u0102\u021aI, AGEN\u021aII \u0218I CONSILIERI<\/b><\/span><\/h2>[\/et_pb_text][et_pb_text _builder_version=&#8221;4.7.7&#8243; _module_preset=&#8221;default&#8221; text_font_size=&#8221;18px&#8221; custom_padding=&#8221;||35px|||&#8221; global_colors_info=&#8221;{}&#8221;]<p style=\"text-align: LEFT;\"><span style=\"color: #ffffff;\">Programul nostru pentru asocia\u021bi v\u0103 permite s\u0103 c\u00e2\u0219tiga\u021bi comisioane recurente din achizi\u021bii \u0219i abonamente eligibile. Agen\u021biile de turism, distribuitorii, furnizorii, administratorii de propriet\u0103\u021bi \u0219i re\u021belele pot s\u0103-\u0219i monetizeze afacerile recomand\u00e2nd clien\u021bilor produsele inovatoare disponibile \u00een solu\u021bia all-in-one dezvoltat\u0103 de Octorate. Completa\u021bi formularul pentru a solicita activarea tabloului de bord pentru asocia\u021bi, \u00eencepe\u021bi s\u0103 c\u00e2\u0219tiga\u021bi comisioane \u0219i urm\u0103ri\u021bi cotele de venituri.<\/span><\/p>[\/et_pb_text][\/et_pb_column][\/et_pb_row][\/et_pb_section][et_pb_section fb_built=&#8221;1&#8243; specialty=&#8221;on&#8221; admin_label=&#8221;Provalo&#8221; module_id=&#8221;provalo&#8221; _builder_version=&#8221;4.7.5&#8243; custom_padding=&#8221;||0px||false|false&#8221; global_colors_info=&#8221;{}&#8221;][et_pb_column type=&#8221;1_2&#8243; specialty_columns=&#8221;2&#8243; _builder_version=&#8221;3.25&#8243; custom_padding=&#8221;|||&#8221; global_colors_info=&#8221;{}&#8221; custom_padding__hover=&#8221;|||&#8221;][et_pb_row_inner _builder_version=&#8221;3.25&#8243; global_colors_info=&#8221;{}&#8221;][et_pb_column_inner saved_specialty_column_type=&#8221;1_2&#8243; _builder_version=&#8221;3.25&#8243; custom_padding=&#8221;|||&#8221; global_colors_info=&#8221;{}&#8221; custom_padding__hover=&#8221;|||&#8221;][et_pb_text _builder_version=&#8221;4.7.7&#8243; _module_preset=&#8221;default&#8221; global_colors_info=&#8221;{}&#8221;]<h5><strong>MONETIZA\u021aI RECOMAND\u00c2ND CELE MAI BUNE PRODUSE PENTRU MANAGEMENTUL FACILIT\u0102\u021aILOR DE CAZARE<\/strong><\/h5>[\/et_pb_text][et_pb_image src=&#8221;https:\/\/www2.octorate.com\/wordpress\/wp-content\/uploads\/2021\/02\/Octorate-Reseller-Program.png&#8221; alt=&#8221;Al\u0103tura\u021bi-v\u0103 programului de afiliere Octorate&#8221; title_text=&#8221;Programul Octorate Reseller&#8221; _builder_version=&#8221;4.7.7&#8243; _module_preset=&#8221;default&#8221; box_shadow_style=&#8221;preset2&#8243; global_colors_info=&#8221;{}&#8221;][\/et_pb_image][\/et_pb_column_inner][\/et_pb_row_inner][\/et_pb_column][et_pb_column type=&#8221;1_2&#8243; _builder_version=&#8221;3.25&#8243; custom_padding=&#8221;|||&#8221; global_colors_info=&#8221;{}&#8221; custom_padding__hover=&#8221;|||&#8221;][et_pb_text _builder_version=&#8221;4.7.7&#8243; _module_preset=&#8221;default&#8221; global_colors_info=&#8221;{}&#8221;]<h5><strong>CUM FUNC\u021aIONEAZ\u0102 PROGRAMUL PENTRU ASOCIA\u021aI?<\/strong><\/h5>[\/et_pb_text][et_pb_text _builder_version=&#8221;4.7.7&#8243; text_font=&#8221;||||||||&#8221; text_line_height=&#8221;1.8em&#8221; header_font=&#8221;||||||||&#8221; header_text_align=&#8221;left&#8221; header_2_font=&#8221;Poppins||||||||&#8221; header_2_font_size=&#8221;28px&#8221; header_2_line_height=&#8221;1.4em&#8221; header_3_font=&#8221;||||||||&#8221; module_alignment=&#8221;center&#8221; animation_direction=&#8221;left&#8221; global_colors_info=&#8221;{}&#8221;]Programul asigur\u0103 un venit recurent din achizi\u021biile calificate de solu\u021bii integrate Octorate pentru hoteluri, pensiuni, case de vacan\u021b\u0103, hosteluri \u0219i unit\u0103\u021bi de cazare turistic\u0103.\r\n\r\n<strong>Complet\u00e2nd formularul, pute\u021bi solicita activarea tabloului de bord al asociatului<\/strong>, unde ve\u021bi putea urm\u0103ri imaginea de ansamblu a clien\u021bilor dumneavoastr\u0103, monitoriz\u00e2nd comisionul pe care \u00eel c\u00e2\u0219tiga\u021bi. Cum \u00eencepe\u021bi?[\/et_pb_text][et_pb_text _builder_version=&#8221;4.7.7&#8243; text_font=&#8221;||||||||&#8221; text_line_height=&#8221;1.8em&#8221; header_font=&#8221;||||||||&#8221; header_text_align=&#8221;left&#8221; header_2_font=&#8221;Poppins||||||||&#8221; header_2_font_size=&#8221;28px&#8221; header_2_line_height=&#8221;1.4em&#8221; header_3_font=&#8221;||||||||&#8221; module_alignment=&#8221;center&#8221; animation_direction=&#8221;left&#8221; global_colors_info=&#8221;{}&#8221;]<strong>1. <a href=\"https:\/\/form.jotform.com\/210424578143351\" target=\"_blank\" rel=\"noopener\">\u00censcrie\u021bi-v\u0103 <\/a>\u00a0<\/strong>\r\n\r\n<strong>2. Recomanda\u021bi produsul nostru<\/strong>\r\n\r\n<strong>3. C\u00e2\u0219tiga\u021bi comisioane recurente<\/strong>[\/et_pb_text][et_pb_text _builder_version=&#8221;4.7.7&#8243; text_font=&#8221;||||||||&#8221; text_line_height=&#8221;1.8em&#8221; header_font=&#8221;||||||||&#8221; header_text_align=&#8221;left&#8221; header_2_font=&#8221;Poppins||||||||&#8221; header_2_font_size=&#8221;28px&#8221; header_2_line_height=&#8221;1.4em&#8221; header_3_font=&#8221;||||||||&#8221; module_alignment=&#8221;center&#8221; animation_direction=&#8221;left&#8221; global_colors_info=&#8221;{}&#8221;]<strong>Ratele noastre competitive de conversie<\/strong> ajut\u0103 la maximizarea c\u00e2\u0219tigurilor, pe baza activ\u0103rii monitorizate pe tabloul de bord \u0219i supravegheate \u00een colaborare cu departamentul nostru de v\u00e2nz\u0103ri.\r\n\r\nVeniturile din comisioanele pentru achizi\u021bii \u0219i programe eligibile difer\u0103 \u00een func\u021bie de categoria de produse.[\/et_pb_text][et_pb_text _builder_version=&#8221;4.7.7&#8243; _module_preset=&#8221;default&#8221; custom_margin=&#8221;||14px|||&#8221; global_colors_info=&#8221;{}&#8221;]<h5><strong>CUM M\u0102 CALIFIC PENTRU ACEST PROGRAM?<\/strong><\/h5>[\/et_pb_text][et_pb_text _builder_version=&#8221;4.7.7&#8243; text_font=&#8221;||||||||&#8221; text_line_height=&#8221;1.8em&#8221; header_font=&#8221;||||||||&#8221; header_text_align=&#8221;left&#8221; header_2_font=&#8221;Poppins||||||||&#8221; header_2_font_size=&#8221;28px&#8221; header_2_line_height=&#8221;1.4em&#8221; header_3_font=&#8221;||||||||&#8221; module_alignment=&#8221;center&#8221; custom_margin=&#8221;||16px|||&#8221; animation_direction=&#8221;left&#8221; global_colors_info=&#8221;{}&#8221;]Furnizorii de tehnologie pentru hoteluri \u0219i propriet\u0103\u021bi de vacan\u021b\u0103 de \u00eenchiriat se pot \u00eenscrie \u00een programul nostru de asocia\u021bi, \u00een calitate de consilieri hotelieri \u0219i administratori de propriet\u0103\u021bi, prezent\u00e2nd o dovad\u0103 a activit\u0103\u021bii lor de afaceri, valabil\u0103 de cel pu\u021bin 6 luni \u00eenainte la data \u00eenscrierii.[\/et_pb_text][\/et_pb_column][\/et_pb_section][et_pb_section fb_built=&#8221;1&#8243; _builder_version=&#8221;4.7.5&#8243; _module_preset=&#8221;default&#8221; background_color=&#8221;#ed8417&#8243; custom_margin=&#8221;||||false|false&#8221; custom_padding=&#8221;50px||17px||false|false&#8221; global_colors_info=&#8221;{}&#8221;][et_pb_row column_structure=&#8221;1_3,1_3,1_3&#8243; _builder_version=&#8221;4.7.5&#8243; _module_preset=&#8221;default&#8221; custom_padding=&#8221;0px||20px||false|false&#8221; global_colors_info=&#8221;{}&#8221;][et_pb_column type=&#8221;1_3&#8243; _builder_version=&#8221;4.7.5&#8243; _module_preset=&#8221;default&#8221; global_colors_info=&#8221;{}&#8221;][et_pb_text _builder_version=&#8221;4.7.7&#8243; _module_preset=&#8221;default&#8221; global_colors_info=&#8221;{}&#8221;]<h2 style=\"text-align: left;\"><strong><span style=\"color: #ffffff;\">JAL\u0102TURA\u021aI-V\u0102 PROGRAMULUI<\/span><\/strong><\/h2>[\/et_pb_text][\/et_pb_column][et_pb_column type=&#8221;1_3&#8243; _builder_version=&#8221;4.7.5&#8243; _module_preset=&#8221;default&#8221; global_colors_info=&#8221;{}&#8221;][et_pb_text _builder_version=&#8221;4.7.7&#8243; _module_preset=&#8221;default&#8221; text_text_color=&#8221;#ffffff&#8221; custom_margin=&#8221;||7px|||&#8221; global_colors_info=&#8221;{}&#8221;]<h5><strong><span style=\"color: #ffffff;\">C\u00c2\u0218TIGA VENITURI RECURENTE\r\n<\/span><\/strong><\/h5>[\/et_pb_text][et_pb_text _builder_version=&#8221;4.7.7&#8243; _module_preset=&#8221;default&#8221; text_text_color=&#8221;#ffffff&#8221; global_colors_info=&#8221;{}&#8221;]RECOMANDAREA DE PRODUSE OCTORATE PENTRU HOTELURI, PROPRIET\u0102\u021aI BNB \u0218I CASE DE VACAN\u021a\u0102[\/et_pb_text][\/et_pb_column][et_pb_column type=&#8221;1_3&#8243; _builder_version=&#8221;4.7.5&#8243; _module_preset=&#8221;default&#8221; global_colors_info=&#8221;{}&#8221;][et_pb_code _builder_version=&#8221;4.7.7&#8243; _module_preset=&#8221;default&#8221; global_colors_info=&#8221;{}&#8221;]<!-- Calendly link widget begin --><!-- [et_pb_line_break_holder] --><!-- [et_pb_line_break_holder] --><a style=\"background: #00b2ba; padding: 15px; border-radius: 5px; &lt;!-- [et_pb_line_break_holder] --&gt; box-shadow: 5px 5px #888888; color: #fff; font-weight: 600; text-transform: uppercase;\" href=\"https:\/\/form.jotform.com\/210424578143351\" target=\"_blank\" rel=\"noopener\">\u00ceNSCRIE\u021aI-V\u0102<\/a><!-- [et_pb_line_break_holder] --><!-- Calendly link widget end -->[\/et_pb_code][et_pb_divider show_divider=&#8221;off&#8221; _builder_version=&#8221;4.7.5&#8243; _module_preset=&#8221;default&#8221; global_colors_info=&#8221;{}&#8221;][\/et_pb_divider][\/et_pb_column][\/et_pb_row][\/et_pb_section][et_pb_section fb_built=&#8221;1&#8243; specialty=&#8221;on&#8221; admin_label=&#8221;Features&#8221; _builder_version=&#8221;4.7.4&#8243; background_enable_color=&#8221;off&#8221; custom_padding=&#8221;50px||0px||false|false&#8221; global_colors_info=&#8221;{}&#8221;][et_pb_column type=&#8221;1_2&#8243; _builder_version=&#8221;3.25&#8243; custom_padding=&#8221;|||&#8221; global_colors_info=&#8221;{}&#8221; custom_padding__hover=&#8221;|||&#8221;][et_pb_code _builder_version=&#8221;4.7.7&#8243; _module_preset=&#8221;default&#8221; global_colors_info=&#8221;{}&#8221;]<div align=\"center\"><!-- [et_pb_line_break_holder] --> <img decoding=\"async\" src=\"\/wordpress\/wp-content\/uploads\/2020\/12\/PMS-1.gif\" alt=\"\" title=\"\"><!-- [et_pb_line_break_holder] --><\/div>[\/et_pb_code][\/et_pb_column][et_pb_column type=&#8221;1_2&#8243; specialty_columns=&#8221;2&#8243; _builder_version=&#8221;3.25&#8243; custom_padding=&#8221;|||&#8221; global_colors_info=&#8221;{}&#8221; custom_padding__hover=&#8221;|||&#8221;][et_pb_row_inner _builder_version=&#8221;3.25&#8243; global_colors_info=&#8221;{}&#8221;][et_pb_column_inner saved_specialty_column_type=&#8221;1_2&#8243; _builder_version=&#8221;3.25&#8243; custom_padding=&#8221;|||&#8221; global_colors_info=&#8221;{}&#8221; custom_padding__hover=&#8221;|||&#8221;][et_pb_text _builder_version=&#8221;4.7.5&#8243; _module_preset=&#8221;default&#8221; global_colors_info=&#8221;{}&#8221;]<h2><strong>PMS<\/strong><\/h2>[\/et_pb_text][et_pb_text _builder_version=&#8221;4.7.7&#8243; text_font=&#8221;||||||||&#8221; text_line_height=&#8221;1.8em&#8221; header_font=&#8221;||||||||&#8221; header_2_font=&#8221;Poppins||||||||&#8221; header_2_font_size=&#8221;28px&#8221; header_2_line_height=&#8221;1.4em&#8221; header_3_font=&#8221;||||||||&#8221; module_alignment=&#8221;center&#8221; animation_style=&#8221;slide&#8221; animation_direction=&#8221;right&#8221; animation_intensity_slide=&#8221;10%&#8221; global_colors_info=&#8221;{}&#8221;]<h5>PMS SIMPLU PENTRU A GESTIONA HOTELURI, PENSIUNI, HOSTELURI SAU APARTAMENTE<\/h5>\r\nOur Property Management System is easy to use and allows to manage the invoices and the cash flow, hotel guest records, room assignment, cleanings and much more crucial aspect of the business. There is no need to install any software and it can be used wherever you want, from laptop or mobile.[\/et_pb_text][\/et_pb_column_inner][\/et_pb_row_inner][\/et_pb_column][\/et_pb_section][et_pb_section fb_built=&#8221;1&#8243; _builder_version=&#8221;4.7.4&#8243; _module_preset=&#8221;default&#8221; custom_padding=&#8221;0px||0px||false|false&#8221; global_colors_info=&#8221;{}&#8221;][et_pb_row _builder_version=&#8221;4.7.4&#8243; _module_preset=&#8221;default&#8221; global_colors_info=&#8221;{}&#8221;][et_pb_column type=&#8221;4_4&#8243; _builder_version=&#8221;4.7.4&#8243; _module_preset=&#8221;default&#8221; global_colors_info=&#8221;{}&#8221;][et_pb_divider _builder_version=&#8221;4.7.4&#8243; _module_preset=&#8221;default&#8221; custom_margin=&#8221;||||false|false&#8221; custom_padding=&#8221;||||false|false&#8221; global_colors_info=&#8221;{}&#8221;][\/et_pb_divider][\/et_pb_column][\/et_pb_row][\/et_pb_section][et_pb_section fb_built=&#8221;1&#8243; specialty=&#8221;on&#8221; admin_label=&#8221;Features&#8221; _builder_version=&#8221;4.7.4&#8243; background_enable_color=&#8221;off&#8221; custom_padding=&#8221;0px||0px||false|false&#8221; global_colors_info=&#8221;{}&#8221;][et_pb_column type=&#8221;1_2&#8243; _builder_version=&#8221;3.25&#8243; custom_padding=&#8221;|||&#8221; global_colors_info=&#8221;{}&#8221; custom_padding__hover=&#8221;|||&#8221;][et_pb_code _builder_version=&#8221;4.7.7&#8243; _module_preset=&#8221;default&#8221; global_colors_info=&#8221;{}&#8221;]<div align=\"center\"><!-- [et_pb_line_break_holder] --><img decoding=\"async\" src=\"\/wordpress\/wp-content\/uploads\/2020\/12\/booking-engine-evo-1.png\" alt=\"\" title=\"\"> <!-- [et_pb_line_break_holder] --><\/div>[\/et_pb_code][\/et_pb_column][et_pb_column type=&#8221;1_2&#8243; specialty_columns=&#8221;2&#8243; _builder_version=&#8221;3.25&#8243; custom_padding=&#8221;|||&#8221; global_colors_info=&#8221;{}&#8221; custom_padding__hover=&#8221;|||&#8221;][et_pb_row_inner _builder_version=&#8221;3.25&#8243; global_colors_info=&#8221;{}&#8221;][et_pb_column_inner saved_specialty_column_type=&#8221;1_2&#8243; _builder_version=&#8221;3.25&#8243; custom_padding=&#8221;|||&#8221; global_colors_info=&#8221;{}&#8221; custom_padding__hover=&#8221;|||&#8221;][et_pb_text _builder_version=&#8221;4.7.4&#8243; _module_preset=&#8221;default&#8221; global_colors_info=&#8221;{}&#8221;]<h2><strong>Booking Engine Evo<\/strong><\/h2>[\/et_pb_text][et_pb_text _builder_version=&#8221;4.7.7&#8243; text_font=&#8221;||||||||&#8221; text_line_height=&#8221;1.8em&#8221; header_font=&#8221;||||||||&#8221; header_2_font=&#8221;Poppins||||||||&#8221; header_2_font_size=&#8221;28px&#8221; header_2_line_height=&#8221;1.4em&#8221; header_3_font=&#8221;||||||||&#8221; module_alignment=&#8221;center&#8221; animation_style=&#8221;slide&#8221; animation_direction=&#8221;right&#8221; animation_intensity_slide=&#8221;10%&#8221; global_colors_info=&#8221;{}&#8221;]<h5>REZERVARE SIGUR\u0102, F\u0102R\u0102 COMISIOANE, DE PE SITE-UL DVS<\/h5>\r\nPute\u021bi primi rezerv\u0103ridirecte, f\u0103r\u0103 comision. Un modul integrat \u00een site-ul dvs. web, din care clien\u021bii dvs. vor rezerva \u0219i pl\u0103ti \u00een siguran\u021b\u0103 &#8211; cu standardul PCI-DSS \u0219i \u00een conformitate cu PSD2, 3D Secure \u0219i SCA. U\u0219or, complet personalizabil \u0219i potrivit pentru orice tip de dispozitiv. Compatibil cu wordpress, joomla, \u0219i toate CMS-urile principale.[\/et_pb_text][\/et_pb_column_inner][\/et_pb_row_inner][\/et_pb_column][\/et_pb_section][et_pb_section fb_built=&#8221;1&#8243; _builder_version=&#8221;4.7.4&#8243; _module_preset=&#8221;default&#8221; custom_padding=&#8221;0px||0px||false|false&#8221; global_colors_info=&#8221;{}&#8221;][et_pb_row _builder_version=&#8221;4.7.4&#8243; _module_preset=&#8221;default&#8221; global_colors_info=&#8221;{}&#8221;][et_pb_column type=&#8221;4_4&#8243; _builder_version=&#8221;4.7.4&#8243; _module_preset=&#8221;default&#8221; global_colors_info=&#8221;{}&#8221;][et_pb_divider _builder_version=&#8221;4.7.4&#8243; _module_preset=&#8221;default&#8221; custom_margin=&#8221;||||false|false&#8221; custom_padding=&#8221;||||false|false&#8221; global_colors_info=&#8221;{}&#8221;][\/et_pb_divider][\/et_pb_column][\/et_pb_row][\/et_pb_section][et_pb_section fb_built=&#8221;1&#8243; specialty=&#8221;on&#8221; admin_label=&#8221;Features&#8221; _builder_version=&#8221;4.7.4&#8243; background_enable_color=&#8221;off&#8221; custom_padding=&#8221;25px||0px||false|false&#8221; global_colors_info=&#8221;{}&#8221;][et_pb_column type=&#8221;1_2&#8243; _builder_version=&#8221;3.25&#8243; custom_padding=&#8221;|||&#8221; global_colors_info=&#8221;{}&#8221; custom_padding__hover=&#8221;|||&#8221;][et_pb_code _builder_version=&#8221;4.7.7&#8243; _module_preset=&#8221;default&#8221; global_colors_info=&#8221;{}&#8221;]<div align=\"center\"><!-- [et_pb_line_break_holder] --><img decoding=\"async\" src=\"\/wordpress\/wp-content\/uploads\/2020\/12\/channel-manager-NEW-1.gif\" alt=\"\" title=\"\"><!-- [et_pb_line_break_holder] --><\/div>[\/et_pb_code][\/et_pb_column][et_pb_column type=&#8221;1_2&#8243; specialty_columns=&#8221;2&#8243; _builder_version=&#8221;3.25&#8243; custom_padding=&#8221;|||&#8221; global_colors_info=&#8221;{}&#8221; custom_padding__hover=&#8221;|||&#8221;][et_pb_row_inner _builder_version=&#8221;3.25&#8243; global_colors_info=&#8221;{}&#8221;][et_pb_column_inner saved_specialty_column_type=&#8221;1_2&#8243; _builder_version=&#8221;3.25&#8243; custom_padding=&#8221;|||&#8221; global_colors_info=&#8221;{}&#8221; custom_padding__hover=&#8221;|||&#8221;][et_pb_text _builder_version=&#8221;4.7.4&#8243; _module_preset=&#8221;default&#8221; global_colors_info=&#8221;{}&#8221;]<h2><strong>Channel Manager<\/strong><\/h2>[\/et_pb_text][et_pb_text _builder_version=&#8221;4.7.7&#8243; text_font=&#8221;||||||||&#8221; text_line_height=&#8221;1.8em&#8221; header_font=&#8221;||||||||&#8221; header_2_font=&#8221;Poppins||||||||&#8221; header_2_font_size=&#8221;28px&#8221; header_2_line_height=&#8221;1.4em&#8221; header_3_font=&#8221;||||||||&#8221; module_alignment=&#8221;center&#8221; animation_style=&#8221;slide&#8221; animation_direction=&#8221;right&#8221; animation_intensity_slide=&#8221;10%&#8221; global_colors_info=&#8221;{}&#8221;]<h5>+130 DE AGEN\u021aII DE TURISM ONLINE PE UN SINGUR CALENDAR<\/h5>\r\nChannel Manager este un instrument care gestioneaz\u0103 toate canalele de distribu\u021bie online. Acesta este accesibil online \u0219i nu necesit\u0103 niciun fel de instalare. Un singur calendar din care pute\u021bi controla \u0219i sincroniza toate cele mai importante portaluri &#8211; Booking.com, Expedia, Airbnb, HRS + peste alte 130 de OTA-uri.[\/et_pb_text][\/et_pb_column_inner][\/et_pb_row_inner][\/et_pb_column][\/et_pb_section][et_pb_section fb_built=&#8221;1&#8243; _builder_version=&#8221;4.7.4&#8243; _module_preset=&#8221;default&#8221; custom_padding=&#8221;0px||0px||false|false&#8221; global_colors_info=&#8221;{}&#8221;][et_pb_row _builder_version=&#8221;4.7.4&#8243; _module_preset=&#8221;default&#8221; global_colors_info=&#8221;{}&#8221;][et_pb_column type=&#8221;4_4&#8243; _builder_version=&#8221;4.7.4&#8243; _module_preset=&#8221;default&#8221; global_colors_info=&#8221;{}&#8221;][et_pb_divider _builder_version=&#8221;4.7.4&#8243; _module_preset=&#8221;default&#8221; custom_margin=&#8221;||||false|false&#8221; custom_padding=&#8221;||||false|false&#8221; global_colors_info=&#8221;{}&#8221;][\/et_pb_divider][\/et_pb_column][\/et_pb_row][\/et_pb_section][et_pb_section fb_built=&#8221;1&#8243; specialty=&#8221;on&#8221; admin_label=&#8221;Features&#8221; _builder_version=&#8221;4.7.4&#8243; custom_padding=&#8221;0px||0px||false|false&#8221; global_colors_info=&#8221;{}&#8221;][et_pb_column type=&#8221;1_2&#8243; specialty_columns=&#8221;2&#8243; _builder_version=&#8221;3.25&#8243; custom_padding=&#8221;|||&#8221; global_colors_info=&#8221;{}&#8221; custom_padding__hover=&#8221;|||&#8221;][et_pb_row_inner _builder_version=&#8221;3.25&#8243; global_colors_info=&#8221;{}&#8221;][et_pb_column_inner saved_specialty_column_type=&#8221;1_2&#8243; _builder_version=&#8221;3.25&#8243; custom_padding=&#8221;|||&#8221; global_colors_info=&#8221;{}&#8221; custom_padding__hover=&#8221;|||&#8221;][et_pb_code _builder_version=&#8221;4.7.5&#8243; _module_preset=&#8221;default&#8221; animation_style=&#8221;slide&#8221; animation_direction=&#8221;left&#8221; animation_intensity_slide=&#8221;10%&#8221; global_colors_info=&#8221;{}&#8221;]<div align=\"center\"><!-- [et_pb_line_break_holder] --><img decoding=\"async\" src=\"\/wordpress\/wp-content\/uploads\/2020\/12\/Octosite.gif\" alt=\"\" title=\"\"> <!-- [et_pb_line_break_holder] --><\/div>[\/et_pb_code][\/et_pb_column_inner][\/et_pb_row_inner][\/et_pb_column][et_pb_column type=&#8221;1_2&#8243; _builder_version=&#8221;3.25&#8243; custom_padding=&#8221;|||&#8221; global_colors_info=&#8221;{}&#8221; custom_padding__hover=&#8221;|||&#8221;][et_pb_text _builder_version=&#8221;4.7.5&#8243; _module_preset=&#8221;default&#8221; global_colors_info=&#8221;{}&#8221;]<h2><strong>Octosite<\/strong><\/h2>[\/et_pb_text][et_pb_text _builder_version=&#8221;4.7.7&#8243; text_font=&#8221;||||||||&#8221; text_line_height=&#8221;1.8em&#8221; header_font=&#8221;||||||||&#8221; header_text_align=&#8221;left&#8221; header_2_font=&#8221;Poppins||||||||&#8221; header_2_font_size=&#8221;28px&#8221; header_2_line_height=&#8221;1.4em&#8221; header_3_font=&#8221;||||||||&#8221; module_alignment=&#8221;center&#8221; animation_style=&#8221;slide&#8221; animation_direction=&#8221;right&#8221; animation_intensity_slide=&#8221;10%&#8221; global_colors_info=&#8221;{}&#8221;]<h5>Site-ul perfect pentru cazare\r\ngata \u00een doar cinci minute<\/h5>\r\nSite-ul dvs. modern, optimizat pentru experien\u021ba mobil\u0103 \u0219i pentru motoarele de c\u0103utare (Google, Bing, Yahoo, etc.), u\u0219or de utilizat \u0219i personalizabil. Pute\u021bi alege din 3 teme diferite \u0219i proaspete, toate integrate nativ cu motorul nostru de rezervare.[\/et_pb_text][\/et_pb_column][\/et_pb_section]\n","protected":false},"excerpt":{"rendered":"<p>C\u00e2\u0219tiga\u021bi comision din recomandarea solu\u021biilor inovatoare ale Octorate. Completa\u021bi formularul pentru a v\u0103 \u00eenscrie<\/p>\n","protected":false},"author":2,"featured_media":18790,"parent":0,"menu_order":0,"comment_status":"closed","ping_status":"closed","template":"","meta":{"_et_pb_use_builder":"on","_et_pb_old_content":"","_et_gb_content_width":"","footnotes":""},"_links":{"self":[{"href":"https:\/\/octorate.com\/ro\/wp-json\/wp\/v2\/pages\/24172"}],"collection":[{"href":"https:\/\/octorate.com\/ro\/wp-json\/wp\/v2\/pages"}],"about":[{"href":"https:\/\/octorate.com\/ro\/wp-json\/wp\/v2\/types\/page"}],"author":[{"embeddable":true,"href":"https:\/\/octorate.com\/ro\/wp-json\/wp\/v2\/users\/2"}],"replies":[{"embeddable":true,"href":"https:\/\/octorate.com\/ro\/wp-json\/wp\/v2\/comments?post=24172"}],"version-history":[{"count":0,"href":"https:\/\/octorate.com\/ro\/wp-json\/wp\/v2\/pages\/24172\/revisions"}],"wp:featuredmedia":[{"embeddable":true,"href":"https:\/\/octorate.com\/ro\/wp-json\/wp\/v2\/media\/18790"}],"wp:attachment":[{"href":"https:\/\/octorate.com\/ro\/wp-json\/wp\/v2\/media?parent=24172"}],"curies":[{"name":"wp","href":"https:\/\/api.w.org\/{rel}","templated":true}]}}