{"id":59079,"date":"2024-08-27T17:01:07","date_gmt":"2024-08-27T15:01:07","guid":{"rendered":"https:\/\/octorate.com\/?page_id=59079"},"modified":"2025-10-03T12:03:11","modified_gmt":"2025-10-03T10:03:11","slug":"privacy-policy","status":"publish","type":"page","link":"https:\/\/octorate.com\/pl\/privacy-policy\/","title":{"rendered":"Privacy Policy"},"content":{"rendered":"<p>[et_pb_section fb_built=&#8221;1&#8243; inner_shadow=&#8221;on&#8221; admin_label=&#8221;Hero&#8221; _builder_version=&#8221;4.24.2&#8243; background_color=&#8221;#000000&#8243; background_enable_image=&#8221;off&#8221; background_position=&#8221;center_right&#8221; background_horizontal_offset=&#8221;100%&#8221; background_blend=&#8221;multiply&#8221; background_enable_pattern_style=&#8221;on&#8221; background_pattern_style=&#8221;diagonal-stripes-2&#8243; background_pattern_color=&#8221;#141414&#8243; background_pattern_size=&#8221;custom&#8221; background_pattern_repeat_origin=&#8221;center&#8221; background_pattern_blend_mode=&#8221;screen&#8221; custom_padding=&#8221;||0px||false|false&#8221; global_colors_info=&#8221;{}&#8221;][et_pb_row _builder_version=&#8221;4.16&#8243; custom_padding=&#8221;|||0px||&#8221; global_colors_info=&#8221;{}&#8221;][et_pb_column type=&#8221;4_4&#8243; _builder_version=&#8221;4.16&#8243; custom_padding=&#8221;||60px|&#8221; global_colors_info=&#8221;{}&#8221; custom_padding__hover=&#8221;|||&#8221;][et_pb_text _builder_version=&#8221;4.16&#8243; text_font=&#8221;Open Sans|600|||||||&#8221; text_line_height=&#8221;1.8em&#8221; header_font=&#8221;Poppins||||||||&#8221; header_font_size=&#8221;36px&#8221; header_line_height=&#8221;1.4em&#8221; background_layout=&#8221;dark&#8221; custom_margin=&#8221;||||false|false&#8221; global_colors_info=&#8221;{}&#8221;]<\/p>\n<h1><b>PRIVACY POLICY<\/b><\/h1>\n<p>[\/et_pb_text][\/et_pb_column][\/et_pb_row][\/et_pb_section][et_pb_section fb_built=&#8221;1&#8243; _builder_version=&#8221;4.16&#8243; _module_preset=&#8221;default&#8221; global_colors_info=&#8221;{}&#8221;][et_pb_row _builder_version=&#8221;4.16&#8243; _module_preset=&#8221;default&#8221; global_colors_info=&#8221;{}&#8221;][et_pb_column type=&#8221;4_4&#8243; _builder_version=&#8221;4.16&#8243; _module_preset=&#8221;default&#8221; global_colors_info=&#8221;{}&#8221;][et_pb_text _builder_version=&#8221;4.24.2&#8243; _module_preset=&#8221;default&#8221; global_colors_info=&#8221;{}&#8221;]<\/p>\n<p>Informacja dotycz\u0105ca przetwarzania danych osobowych zgodnie z Rozporz\u0105dzeniem UE 679\/2016 (GDPR)<\/p>\n<p>Informujemy, zgodnie z art. 13 Rozporz\u0105dzenia UE 679\/2016 (GDPR), \u017ce nasza firma b\u0119dzie przetwarza\u0107 przekazane przez Pana\/Pani\u0105 dane osobowe zgodnie z przepisami dotycz\u0105cymi ochrony danych osobowych oraz z zachowaniem obowi\u0105zk\u00f3w i gwarancji wynikaj\u0105cych z przepis\u00f3w prawa, um\u00f3w i regulacji.<\/p>\n<p>Niniejsza Polityka Prywatno\u015bci opisuje zasady Octorate S.r.l., Via Filippo Caruso, 23, 00173 Rzym, W\u0142ochy, email: legal@octorate.com, telefon: +39 06 4542 0568, dotycz\u0105ce zbierania, wykorzystywania i ujawniania Twoich informacji podczas korzystania z naszej strony internetowej https:\/\/octorate.com (dalej \u201eUs\u0142uga\u201d). Uzyskuj\u0105c dost\u0119p lub korzystaj\u0105c z Us\u0142ugi, wyra\u017casz zgod\u0119 na zbieranie, wykorzystywanie i ujawnianie Twoich informacji zgodnie z niniejsz\u0105 Polityk\u0105. Je\u015bli nie wyra\u017casz zgody, prosimy o niekorzystanie z Us\u0142ugi.<\/p>\n<p>Przekazane przez Pana\/Pani\u0105 dane osobowe s\u0105 zbierane w nast\u0119puj\u0105cych celach:<\/p>\n<p>\u015bwiadczenie wymaganych us\u0142ug i zarz\u0105dzanie ewentualnymi reklamacjami i\/lub sporami;<br \/>wysy\u0142anie komunikacji handlowej dotycz\u0105cej produkt\u00f3w, us\u0142ug lub inicjatyw Wydawcy i\/lub jego partner\u00f3w handlowych lub firm trzecich; dzia\u0142alno\u015b\u0107 sprzeda\u017cowa bezpo\u015brednia i po\u015brednia; pomiar poziomu zadowolenia klient\u00f3w z jako\u015bci \u015bwiadczonych us\u0142ug; prowadzenie bada\u0144 i analiz statystycznych oraz rynkowych. Brak, cz\u0119\u015bciowe lub nieprawid\u0142owe przekazanie danych mo\u017ce uniemo\u017cliwi\u0107 nam \u015bwiadczenie wymaganych us\u0142ug.<br \/>Przetwarzanie, o kt\u00f3rym mowa w punktach 1 i 2, mo\u017ce by\u0107 przeprowadzane metodami elektronicznymi lub r\u0119cznymi, z zachowaniem procedur zapewniaj\u0105cych zgodno\u015b\u0107 z obowi\u0105zuj\u0105cymi przepisami.<br \/>W ramach naszej organizacji dane mog\u0105 by\u0107 dost\u0119pne jedynie dla upowa\u017cnionych i przeszkolonych os\u00f3b.<\/p>\n<p>Administratorem danych jest Octorate S.r.l. W celu uzyskania informacji dotycz\u0105cych przetwarzania danych osobowych przez Administratora oraz w celu skorzystania z praw os\u00f3b, kt\u00f3rych dane dotycz\u0105 (zgodnie z artyku\u0142ami 15-22 Rozporz\u0105dzenia UE 679\/2016 \u201eRODO\u201d), zapraszamy do skorzystania z dedykowanego adresu e-mail: <a href=\"mailto:privacy@octorate.com\">privacy@octorate.com<\/a>. Mo\u017cna r\u00f3wnie\u017c skontaktowa\u0107 si\u0119 z naszym Inspektorem Ochrony Danych (DPO), aby skorzysta\u0107 ze swoich praw i\/lub uzyska\u0107 wyja\u015bnienia dotycz\u0105ce ochrony danych osobowych, pod adresem: <a href=\"mailto:DPO@octorate.com\">DPO@octorate.com<\/a>.<\/p>\n<p>Osoba, kt\u00f3rej dane dotycz\u0105, mo\u017ce w dowolnym momencie skorzysta\u0107 z praw przewidzianych przez Rozporz\u0105dzenie UE.<\/p>\n<p>Aby skorzysta\u0107 z praw przewidzianych przez Rozporz\u0105dzenie UE (art. 15 Prawo dost\u0119pu; art. 16 Sprostowanie; art. 17 Usuni\u0119cie), nale\u017cy napisa\u0107 na adres legal@octorate.com.<\/p>\n<p>Informujemy, \u017ce z powod\u00f3w technicznych czas potrzebny na ewentualne usuni\u0119cie Twoich danych osobowych z naszego archiwum wyniesie maksymalnie 5 dni roboczych.<\/p>\n<p>&nbsp;<\/p>\n<h3>Zbierane Dane<\/h3>\n<p>B\u0119dziemy zbiera\u0107 i przetwarza\u0107 nast\u0119puj\u0105ce dane osobowe:<\/p>\n<p>&#8211; Imi\u0119 i nazwisko<br \/>&#8211; Email<br \/>&#8211; Numer telefonu<br \/>&#8211; Data urodzenia<br \/>&#8211; Adres<br \/>&#8211; Adres s\u0142u\u017cbowy<br \/>&#8211; Informacje dotycz\u0105ce p\u0142atno\u015bci<\/p>\n<p>&nbsp;<\/p>\n<h3>Cele Przetwarzania<\/h3>\n<p>Zbierane dane wykorzystujemy w nast\u0119puj\u0105cych celach:<\/p>\n<p>&#8211; Marketing\/Promocje<br \/>&#8211; Tworzenie konta u\u017cytkownika<br \/>&#8211; Zbieranie opinii<br \/>&#8211; Obs\u0142uga klienta<br \/>&#8211; Zarz\u0105dzanie informacjami administracyjnymi<br \/>&#8211; Reklama ukierunkowana<br \/>&#8211; Ochrona strony<br \/>Zarz\u0105dzanie kontem u\u017cytkownika<br \/>W przypadku dodatkowych zastosowa\u0144, poprosimy o Twoj\u0105 zgod\u0119 i b\u0119dziemy przetwarza\u0107 dane wy\u0142\u0105cznie w celach, na kt\u00f3re wyrazi\u0142e\u015b\/a\u015b zgod\u0119, chyba \u017ce istnieje inny obowi\u0105zek prawny.<\/p>\n<p>&nbsp;<\/p>\n<p>&nbsp;<\/p>\n<h3>Udost\u0119pnianie Danych<\/h3>\n<p>Nie przeka\u017cemy Twoich danych osobowych osobom trzecim bez Twojej zgody. Osoby trzecie, kt\u00f3rym przekazujemy dane, s\u0105 zobowi\u0105zane do wykorzystywania ich wy\u0142\u0105cznie w celach, dla kt\u00f3rych zosta\u0142y przekazane, i nie przechowywania ich d\u0142u\u017cej ni\u017c to konieczne.<\/p>\n<p>Mo\u017cemy r\u00f3wnie\u017c ujawni\u0107 Twoje dane w celu: (1) przestrzegania obowi\u0105zuj\u0105cych przepis\u00f3w prawa; (2) egzekwowania naszych um\u00f3w; lub (3) odpowiedzi na roszczenia, \u017ce korzystanie przez Ciebie z Us\u0142ugi narusza prawa os\u00f3b trzecich.<\/p>\n<p>W przypadku fuzji lub przej\u0119cia naszej firmy Twoje dane zostan\u0105 przekazane nowemu w\u0142a\u015bcicielowi.<\/p>\n<p>&nbsp;<\/p>\n<p>&nbsp;<\/p>\n<h3>Przechowywanie Danych<\/h3>\n<p>B\u0119dziemy przechowywa\u0107 Twoje dane tak d\u0142ugo, jak to konieczne do cel\u00f3w, dla kt\u00f3rych zosta\u0142y zebrane. Mo\u017cemy przechowywa\u0107 niekt\u00f3re dane d\u0142u\u017cej z powod\u00f3w prawnych lub w uzasadnionych interesach, takich jak zapobieganie oszustwom. Osoba, kt\u00f3rej dane dotycz\u0105, mo\u017ce w dowolnym momencie skorzysta\u0107 z praw przewidzianych przez Rozporz\u0105dzenie UE.<\/p>\n<p>&nbsp;<\/p>\n<h3>Twoje Prawa<\/h3>\n<p>Zgodnie z obowi\u0105zuj\u0105cym prawem masz prawo dost\u0119pu, sprostowania lub usuni\u0119cia swoich danych osobowych, \u017c\u0105dania ograniczenia przetwarzania, sprzeciwu wobec przetwarzania, \u017c\u0105dania przenoszenia danych lub wycofania zgody na przetwarzanie. Mo\u017cesz skorzysta\u0107 z tych praw, pisz\u0105c do nas na adres legal@octorate.com.<\/p>\n<p>&nbsp;<\/p>\n<h3>Pliki cookie i Technologie \u015aledzenia<\/h3>\n<p>Aby uzyska\u0107 wi\u0119cej informacji na temat korzystania z plik\u00f3w cookie i Twoich opcji zarz\u0105dzania, zapoznaj si\u0119 z nasz\u0105 Polityk\u0105 Cookie.<\/p>\n<p>&nbsp;<\/p>\n<h3>Bezpiecze\u0144stwo<\/h3>\n<p>Podejmujemy rozs\u0105dne \u015brodki bezpiecze\u0144stwa w celu ochrony Twoich danych, ale nie mo\u017cemy zagwarantowa\u0107 ca\u0142kowitego bezpiecze\u0144stwa z uwagi na ryzyka zwi\u0105zane z transmisj\u0105 danych w internecie. Przesy\u0142asz informacje na w\u0142asne ryzyko.<\/p>\n<p>&nbsp;<\/p>\n<h3>Linki do Stron Trzecich<\/h3>\n<p class=\"p1\">Nasza Us\u0142uga mo\u017ce zawiera\u0107 linki do innych stron, kt\u00f3re nie s\u0105 przez nas zarz\u0105dzane. Niniejsza Polityka nie ma zastosowania do tych stron. Zalecamy zapoznanie si\u0119 z ich politykami prywatno\u015bci.<\/p>\n<h3><strong><\/strong><\/h3>\n<h3><strong><\/strong><\/h3>\n<h3>Zmiany w Polityce Prywatno\u015bci<\/h3>\n<p>Niniejsza Polityka Prywatno\u015bci mo\u017ce by\u0107 zmieniana w miar\u0119 up\u0142ywu czasu, w zwi\u0105zku z ewentualnym wej\u015bciem w \u017cycie nowych przepis\u00f3w sektorowych, aktualizacj\u0105 lub \u015bwiadczeniem nowych us\u0142ug b\u0105d\u017a innowacjami technologicznymi, dlatego u\u017cytkownik\/odwiedzaj\u0105cy powinien regularnie przegl\u0105da\u0107 t\u0119 stron\u0119.<\/p>\n<p>[\/et_pb_text][\/et_pb_column][\/et_pb_row][\/et_pb_section]<\/p>\n","protected":false},"excerpt":{"rendered":"<p>Poznaj Polityk\u0119 Prywatno\u015bci Octorate: przejrzysto\u015b\u0107 w zbieraniu, wykorzystaniu i ochronie Twoich danych osobowych dla bezpiecze\u0144stwa i prywatno\u015bci.<\/p>\n","protected":false},"author":29,"featured_media":18048,"parent":0,"menu_order":0,"comment_status":"closed","ping_status":"closed","template":"","meta":{"_et_pb_use_builder":"on","_et_pb_old_content":"<!-- wp:paragraph -->\n<p>La piattaforma \u00e8 un servizio di www.Octorate.com Octorate con sede in Via Filippo Caruso, 23, 00173, Roma.<\/p>\n<!-- \/wp:paragraph -->\n\n<!-- wp:paragraph -->\n<p><strong>Sito web:<\/strong>&nbsp;<a href=\"https:\/\/www.octorate.com\/\" target=\"_blank\" rel=\"noreferrer noopener\">www.Octorate.com<\/a><\/p>\n<!-- \/wp:paragraph -->\n\n<!-- wp:paragraph -->\n<p>Octorate Srl (di seguito OR) \u00e8 un Booking Engine, Channel Manager, PMS e OctoSite dedicati alle strutture ricettive (alberghi, residence, ecc \u2026), per l\u2019attuazione in tempo reale le prenotazioni online originati sul sito del proprietario.<\/p>\n<!-- \/wp:paragraph -->\n\n<!-- wp:paragraph -->\n<p><strong>Le prenotazioni originate da OR sono completamente gratuite; nessuna commissione sulle transazioni \u00e8 richiesto.<\/strong><br>Questo sistema offre ai proprietari delle strutture ricettive la possibilit\u00e0 di configurare gli orari di prenotazione e le varie tariffe piani per le prenotazioni online.<\/p>\n<!-- \/wp:paragraph -->\n\n<!-- wp:paragraph -->\n<p>Nota: i servizi offerti dalla OR sono caratterizzati da una tecnologia in continua evoluzione.<\/p>\n<!-- \/wp:paragraph -->\n\n<!-- wp:paragraph -->\n<p>OR si riserva il diritto di apportare modifiche ai servizi offerti a propria discrezione e in qualsiasi momento, se ritenuto necessario, e ogni volta che i cambiamenti tecnologici; queste modifiche sarebbero coinvolgano i servizi e il modo in cui questi servizi vengono offerti al cliente, il nostro obiettivo \u00e8 un miglioramento continuo e l\u2019ottimizzazione dei servizi forniti.<\/p>\n<!-- \/wp:paragraph -->\n\n<!-- wp:heading {\"level\":3} -->\n<h3>LINK:<\/h3>\n<!-- \/wp:heading -->\n\n<!-- wp:paragraph -->\n<p>L\u2019utilizzo del software di prenotazione online e la sua integrazione nel sito web della struttura avviene attivando un link che verr\u00e0 fornito al momento della registrazione e della configurazione di detto sito.<\/p>\n<!-- \/wp:paragraph -->\n\n<!-- wp:paragraph -->\n<p>OR creer\u00e0 una pagina per la prenotazione on-line per ogni abbonato.<\/p>\n<!-- \/wp:paragraph -->\n\n<!-- wp:paragraph -->\n<p>Non sarebbe necessario modificare mai pi\u00f9, o installare software aggiuntivo.<\/p>\n<!-- \/wp:paragraph -->\n\n<!-- wp:heading {\"level\":3} -->\n<h3>DATA ENTRY:<\/h3>\n<!-- \/wp:heading -->\n\n<!-- wp:paragraph -->\n<p>Il rappresentante della struttura ricettiva \u00e8 responsabile per l\u2019immissione di dati in linea (tariffe, orari di prenotazione, ecc). Il programma di auto-gestione \u00e8 accessibile 24 ore al giorno via internet subordinata alla disponibilit\u00e0 di tale servizio offerto al cliente da parte del provider di servizi Internet.<\/p>\n<!-- \/wp:paragraph -->\n\n<!-- wp:paragraph -->\n<p>Il nome utente e la password necessari per accedere al sistema di gestione saranno scelti dalla persona che rappresenta la struttura ricettiva, persona che avr\u00e0 il compito di assicurare la riservatezza e per non divulgare tali informazioni a terzi.<\/p>\n<!-- \/wp:paragraph -->\n\n<!-- wp:heading {\"level\":3} -->\n<h3>SISTEMA DI PRENOTAZIONE<\/h3>\n<!-- \/wp:heading -->\n\n<!-- wp:paragraph -->\n<p>Le prenotazioni vengono effettuate interamente online attraverso un server sicuro SSL, sulla base dei dati precedentemente immessi nel sistema dalla struttura ricettiva che si assume la totale responsabilit\u00e0 per l\u2019accuratezza delle informazioni.<\/p>\n<!-- \/wp:paragraph -->\n\n<!-- wp:paragraph -->\n<p>Il cliente e la struttura ricettiva sono le uniche parti del contratto; ogni parte ricever\u00e0 una conferma della prenotazione in tempo reale via e-mail.<br>Evidentemente, OR&nbsp;non agisce come intermediario; esso fornisce solo il software che permette la prenotazione on-line.<\/p>\n<!-- \/wp:paragraph -->\n\n<!-- wp:heading {\"level\":3} -->\n<h3>CARTA DI CREDITO<\/h3>\n<!-- \/wp:heading -->\n\n<!-- wp:paragraph -->\n<p>Si noti che al momento della prenotazione on line nessun pagamento \u00e8 effettuato; la carta di credito viene utilizzato esclusivamente come un mezzo per garantire la prenotazione on-line. La carta di credito \u00e8 controllato solo per quanto riguarda la validit\u00e0 del dato insieme di numeri attraverso il cosiddetto algoritmo Luhn. OR non garantisce l\u2019autenticit\u00e0 di detta carta di credito memorizzata nei suoi server e criptati e non possono essere decodificati da OR in conformit\u00e0 con gli standard di sicurezza PCI-DSS.<\/p>\n<!-- \/wp:paragraph -->\n\n<!-- wp:paragraph -->\n<p>La successiva ricarica delle carte di credito dei clienti \u00e8 pienamente la responsabilit\u00e0 della struttura ricettiva.<br>Non agire come intermediario OR \u00e8 completamente sollevato di eventuali controversie tra la struttura ricettiva e dei suoi clienti.<\/p>\n<!-- \/wp:paragraph -->\n\n<!-- wp:heading {\"level\":3} -->\n<h3>CHANNEL MANAGER<\/h3>\n<!-- \/wp:heading -->\n\n<!-- wp:paragraph -->\n<p>Nonostante OR&nbsp;fornisca questo servizio utilizzando tecnologie affidabili e mantenga un costante monitoraggio e aggiornamento delle stesse e considerato che i servizi sono caratterizzati da una tecnologia in continua evoluzione,&nbsp;la struttura ricettiva \u00e8 tenuta a verificare il corretto aggiornamento e allineamento dei portali connessi.<br>OR&nbsp;non \u00e8 responsabile di eventuali overbooking della struttura ricettiva, di mancati aggiornamenti dei portali e di mancati guadagni.<\/p>\n<!-- \/wp:paragraph -->\n\n<!-- wp:heading {\"level\":3} -->\n<h3>SISTEMI DI PAGAMENTO<\/h3>\n<!-- \/wp:heading -->\n\n<!-- wp:paragraph -->\n<p>OR fornisce il servizio di integrazione con diversi payment gateway e partner per la gestione dei pagamenti. Il servizio offerto da OR \u00e8 esclusivamente tecnico e riguarda la connessione con i sistemi suddetti. OR non interagisce in alcun modo con gli organi istituzionali di pagamento e non effettua intermediazioni bancarie, non \u00e8 pertanto responsabile di eventuali contestazioni e mancati\/o errati accrediti di importi legati alle prenotazioni e ai servizi offerti dall\u2019utilizzatore.<br>Il responsabile dei servizi di incasso e pagamento e il relativo supporto in merito alle contestazioni deve essere fornito dal partner scelto per la gestione dei pagamenti.<\/p>\n<!-- \/wp:paragraph -->\n\n<!-- wp:heading {\"level\":3} -->\n<h3>SERVIZIO ALLOGGIATI POLIZIA DI STATO E ISTAT<\/h3>\n<!-- \/wp:heading -->\n\n<!-- wp:paragraph -->\n<p>OR fornisce il servizio per la creazione e l\u2019invio delle schedine alloggiati per il portale web della Polizia di Stato e per la raccolta dati ISTAT. OR fornisce il servizio utilizzando tecnologie affidabili, monitorando il funzionamento e aggiornando costantemente i sistemi. Considerato il cambiamento costante e continuo delle procedure e delle normative degli organi vigenti, OR \u00e8 impossibilitata a garantire il corretto invio delle schedine alloggiati e dei dati ISTAT agli organi preposti secondo le tempistiche richieste. \u00c8 responsabilit\u00e0 dell\u2019utilizzatore verificare il corretto invio della documentazione tramite OR oppure provvedere tramite i canali ufficiali.<\/p>\n<!-- \/wp:paragraph -->\n\n<!-- wp:heading {\"level\":3} -->\n<h3>DURATA DEL CONTRATTO<\/h3>\n<!-- \/wp:heading -->\n\n<!-- wp:paragraph -->\n<p>Il contratto diventa efficace al momento della registrazione e ha una validit\u00e0 illimitata. La cancellazione \u00e8 possibile in qualsiasi momento per entrambe le parti. All\u2019interno della sezione \u201cUpgrade\u201d l\u2019utente pu\u00f2 disattivare autonomamente uno o tutti i servizi che compongono la piattaforma.<\/p>\n<!-- \/wp:paragraph -->\n\n<!-- wp:heading {\"level\":3} -->\n<h3>GIURISDIZIONE<\/h3>\n<!-- \/wp:heading -->\n\n<!-- wp:paragraph -->\n<p>Il presente contratto deve intendersi interpretato e regolato in conformit\u00e0 con la Legge Italiana. Per tutto quanto non espressamente regolato dal presente contratto, troveranno applicazione le disposizioni del Codice<\/p>\n<!-- \/wp:paragraph -->\n\n<!-- wp:paragraph -->\n<p>Civile in materia. Per qualsiasi controversia relativa all\u2019interpretazione e\/o esecuzione del presente contratto sar\u00e0 competente in via esclusiva il Foro di Roma<\/p>\n<!-- \/wp:paragraph -->\n\n<!-- wp:heading {\"level\":3} -->\n<h3>INFORMAZIONI RIGUARDANTI IL TRATTAMENTO DEI DATI<\/h3>\n<!-- \/wp:heading -->\n\n<!-- wp:heading -->\n<h2><strong>Informativa sulla Privacy<\/strong><\/h2>\n<!-- \/wp:heading -->\n\n<!-- wp:paragraph -->\n<p>Informativa circa il trattamento dei dati personali ai sensi del Regolamento UE 679\/2016 (GDPR)<\/p>\n<!-- \/wp:paragraph -->\n\n<!-- wp:paragraph -->\n<p>La informiamo, ai sensi dell\u2019art. 13 del Regolamento UE 679\/2016(GDPR), che la nostra societ\u00e0 proceder\u00e0 al trattamento dei dati personali da Lei forniti nel rispetto della normativa in materia di tutela del trattamento dei dati personali e nel rispetto degli obblighi e delle garanzie delle norme di legge, contrattuali e regolamentari.I dati personali da Lei forniti sono raccolti per le seguenti finalit\u00e0: 1) erogazione dei servizi richiesti e gestione di eventuali reclami e\/o contenziosi;<br>2) invio di comunicazioni commerciali relative a prodotti, servizi o iniziative dell\u2019Editore e\/o di suoi partner commerciali o di societ\u00e0 terze; attivit\u00e0 di vendite e di collocamento dirette ed indirette; rilevazioni del grado di soddisfazione della clientela sulla qualit\u00e0 dei servizi forniti; effettuazione di studi e ricerche statistiche e di mercato. Il mancato, parziale o inesatto conferimento dei Suoi dati potrebbe avere come conseguenza l\u2019impossibilit\u00e0 di fornirLe i servizi richiesti.<\/p>\n<!-- \/wp:paragraph -->\n\n<!-- wp:paragraph -->\n<p>I trattamenti di cui ai precedenti punti 1 e 2 potranno essere eseguiti con modalit\u00e0 informatiche o manuali con procedure tali da garantirne la conformit\u00e0 alle disposizioni normative vigenti in materia.All\u2019interno della nostra organizzazione i dati potranno essere conosciuti solo da soggetti specificatamente autorizzati e istruiti.<\/p>\n<!-- \/wp:paragraph -->\n\n<!-- wp:paragraph -->\n<p>Titolare del trattamento \u00e8 la societ\u00e0 Octorate Srl con sede in Via Filippo Caruso,23 Roma (Italia).<\/p>\n<!-- \/wp:paragraph -->\n\n<!-- wp:paragraph -->\n<p>L\u2019interessato potr\u00e0 in qualsiasi momento esercitare i diritti previsti dal Regolamento UE.Per esercitare i diritti previsti dal Regolamento UE (art. 15 Diritto di accesso; art.16 Rettifica; art. 17 Cancellazione) dovr\u00e0 scrivere a tech@octorate.com<\/p>\n<!-- \/wp:paragraph -->\n\n<!-- wp:paragraph -->\n<p>Si informa che, per ragioni tecniche, i tempi necessari per l\u2019eventuale cancellazione dei Suoi dati personali dall\u2019archivio&nbsp; saranno al massimo di 5 giorni lavorativi.<\/p>\n<!-- \/wp:paragraph -->\n\n<!-- wp:paragraph -->\n<p>Il sito Octorate.com, cos\u00ec come il resto del mercato, utilizza i cookie, che sono delle brevi stringhe di testo che vengono inviate dal Server del sito al Browser dell\u2019utente\/visitatore del sito e vengono automaticamente salvati sul pc dell\u2019utente\/visitatore. La finalit\u00e0 principale di questi cookie \u00e8 quella di rendere pi\u00f9 fruibile la navigazione del sito e quindi si consiglia di configurare il proprio browser in modo da accettarli.<\/p>\n<!-- \/wp:paragraph -->\n\n<!-- wp:paragraph -->\n<p>Quasi tutti i browser sono impostati per accettare i cookie, tuttavia l\u2019utente\/visitatore pu\u00f2 autonomamente modificare la configurazione del proprio Browser e bloccare i cookie (opt-out). E\u2019 necessario sapere che in caso di blocco dei cookie la fruizione del sito octorate.com e l\u2019utilizzo di alcuni servizi pu\u00f2 risultare molto limitata o impossibile, in particolare di tutti i servizi ai quali si accede attraverso una registrazione.I cookie poi si distinguono in \u201cdi sessione\u201d e \u201cpersistenti\u201d, i primi una volta scaricati vengono poi eliminati alla chiusura del Browser, i secondi invece vengono memorizzati sul disco rigido dell\u2019utente\/visitatore fino alla loro scadenza.<\/p>\n<!-- \/wp:paragraph -->\n\n<!-- wp:heading {\"level\":3} -->\n<h3><strong>cookie policy<\/strong><\/h3>\n<!-- \/wp:heading -->\n\n<!-- wp:paragraph -->\n<p>I cookie persistenti vengono utilizzati principalmente per facilitare la navigazione del sito, per capire quali sezioni del sito hanno generato un certo numero di pagine e utenti e anche per l\u2019erogazione dei formati pubblicitari. In relazione ai messaggi pubblicitari Octorate.com, come la maggior parte dei siti concorrenti, utilizza cookie generati da altri siti per erogare i formati pubblicitari. Questi cookie possono sempre essere disattivati (opt-out) anche quando sono anonimi, cio\u00e8 non raccolgono informazioni personali che possono portare all\u2019identificazione dell\u2019utente (p.es. l\u2019indirizzo IP). A questo proposito si sottolinea che i dati di browser eventualmente identificati (personally identifiable information: PII) tramite un cookie non possono far risalire all\u2019utente e non vengono collezionati. I cookie di sessione invece vengono principalmente utilizzati in fase di autenticazione, autorizzazione e navigazione nei servizi ai quali si accede tramite una registrazione. (<a href=\"https:\/\/www.octorate.com\/it\/cookie-policy\/\">Cookie Policy<\/a>)<\/p>\n<!-- \/wp:paragraph -->\n\n<!-- wp:paragraph -->\n<p><strong>Modifiche Informativa sulla Privacy<\/strong><br>La presente Informativa sulla Privacy pu\u00f2 subire modifiche nel tempo, anche connesse all\u2019eventuale entrata in vigore di nuove normative di settore, all\u2019aggiornamento o erogazione di nuovi servizi ovvero ad intervenute innovazioni tecnologiche, per cui l\u2019utente\/visitatore \u00e8 invitato a consultare periodicamente questa pagina.<\/p>\n<!-- \/wp:paragraph -->","_et_gb_content_width":"","footnotes":""},"_links":{"self":[{"href":"https:\/\/octorate.com\/pl\/wp-json\/wp\/v2\/pages\/59079"}],"collection":[{"href":"https:\/\/octorate.com\/pl\/wp-json\/wp\/v2\/pages"}],"about":[{"href":"https:\/\/octorate.com\/pl\/wp-json\/wp\/v2\/types\/page"}],"author":[{"embeddable":true,"href":"https:\/\/octorate.com\/pl\/wp-json\/wp\/v2\/users\/29"}],"replies":[{"embeddable":true,"href":"https:\/\/octorate.com\/pl\/wp-json\/wp\/v2\/comments?post=59079"}],"version-history":[{"count":17,"href":"https:\/\/octorate.com\/pl\/wp-json\/wp\/v2\/pages\/59079\/revisions"}],"predecessor-version":[{"id":74376,"href":"https:\/\/octorate.com\/pl\/wp-json\/wp\/v2\/pages\/59079\/revisions\/74376"}],"wp:featuredmedia":[{"embeddable":true,"href":"https:\/\/octorate.com\/pl\/wp-json\/wp\/v2\/media\/18048"}],"wp:attachment":[{"href":"https:\/\/octorate.com\/pl\/wp-json\/wp\/v2\/media?parent=59079"}],"curies":[{"name":"wp","href":"https:\/\/api.w.org\/{rel}","templated":true}]}}