{"id":24701,"date":"2022-06-13T16:21:31","date_gmt":"2022-06-13T14:21:31","guid":{"rendered":"https:\/\/octorate.com\/wytyczne-dotyczace-marki\/"},"modified":"2024-05-23T16:47:08","modified_gmt":"2024-05-23T14:47:08","slug":"wytyczne-dotyczace-marki","status":"publish","type":"page","link":"https:\/\/octorate.com\/pl\/wytyczne-dotyczace-marki\/","title":{"rendered":"Wytyczne dotycz\u0105ce marki"},"content":{"rendered":"<p>[et_pb_section fb_built=&#8221;1&#8243; _builder_version=&#8221;4.24.2&#8243; _module_preset=&#8221;default&#8221; custom_margin=&#8221;0px||0%||false|false&#8221; custom_margin_tablet=&#8221;20%||5%||false|false&#8221; custom_margin_phone=&#8221;40%||||false|false&#8221; custom_margin_last_edited=&#8221;on|tablet&#8221; custom_padding=&#8221;0px||2px||false|false&#8221; global_colors_info=&#8221;{}&#8221; locked=&#8221;off&#8221;][et_pb_row use_custom_gutter=&#8221;on&#8221; gutter_width=&#8221;1&#8243; custom_padding_last_edited=&#8221;on|phone&#8221; disabled_on=&#8221;on|off|off&#8221; _builder_version=&#8221;4.24.2&#8243; _module_preset=&#8221;default&#8221; custom_margin=&#8221;|auto||auto|false|false&#8221; custom_padding=&#8221;3%||0%||false|false&#8221; custom_padding_tablet=&#8221;||3px||false|false&#8221; custom_padding_phone=&#8221;5%||0.6%||false|false&#8221; scroll_fade=&#8221;0|50|50|100|100%|100%|0%&#8221; custom_css_main_element=&#8221;align-items:center&#8221; locked=&#8221;off&#8221; global_colors_info=&#8221;{}&#8221;][et_pb_column type=&#8221;4_4&#8243; _builder_version=&#8221;4.24.2&#8243; _module_preset=&#8221;default&#8221; global_colors_info=&#8221;{}&#8221;][et_pb_text _builder_version=&#8221;4.24.2&#8243; text_font=&#8221;||||||||&#8221; text_text_color=&#8221;#333333&#8243; text_font_size=&#8221;0.9em&#8221; text_letter_spacing=&#8221;2px&#8221; header_font=&#8221;||||||||&#8221; header_text_align=&#8221;left&#8221; header_text_color=&#8221;#000000&#8243; header_2_font=&#8221;Poppins||||||||&#8221; header_2_font_size=&#8221;28px&#8221; header_2_line_height=&#8221;1.4em&#8221; header_3_font=&#8221;||||||||&#8221; module_alignment=&#8221;center&#8221; custom_padding=&#8221;||||false|false&#8221; animation_direction=&#8221;left&#8221; hover_enabled=&#8221;0&#8243; locked=&#8221;off&#8221; global_colors_info=&#8221;{}&#8221; sticky_enabled=&#8221;0&#8243;]<\/p>\n<p>WYTYCZNE DOTYCZ\u0104CE MARKI<\/p>\n<p>[\/et_pb_text][et_pb_text module_class=&#8221;titolo-prodotti-ita&#8221; _builder_version=&#8221;4.24.2&#8243; _module_preset=&#8221;default&#8221; header_font=&#8221;Montserrat||||||||&#8221; header_text_color=&#8221;#333333&#8243; header_font_size=&#8221;4em&#8221; background_layout=&#8221;dark&#8221; min_height=&#8221;97.8px&#8221; header_text_align_tablet=&#8221;&#8221; header_text_align_phone=&#8221;left&#8221; header_text_align_last_edited=&#8221;on|phone&#8221; header_font_size_tablet=&#8221;5em&#8221; header_font_size_phone=&#8221;4em&#8221; header_font_size_last_edited=&#8221;on|desktop&#8221; custom_css_main_element=&#8221;text-wrap: balance;&#8221; locked=&#8221;off&#8221; global_colors_info=&#8221;{}&#8221; custom_css_main_element_last_edited=&#8221;on|phone&#8221; custom_css_main_element_phone=&#8221;text-wrap: balance&#8221; custom_css_main_element_tablet=&#8221;text-wrap: balance;&#8221;]<\/p>\n<h1>Nale\u017cy przestrzega\u0107 poni\u017cszych najlepszych praktyk<\/h1>\n<p>[\/et_pb_text][\/et_pb_column][\/et_pb_row][et_pb_row use_custom_gutter=&#8221;on&#8221; gutter_width=&#8221;1&#8243; custom_padding_last_edited=&#8221;on|phone&#8221; _builder_version=&#8221;4.24.2&#8243; _module_preset=&#8221;default&#8221; custom_margin=&#8221;|auto||auto|false|false&#8221; custom_padding=&#8221;3%||0%||false|false&#8221; custom_padding_tablet=&#8221;||3px||false|false&#8221; custom_padding_phone=&#8221;5%||0%||false|false&#8221; scroll_fade=&#8221;0|50|50|100|100%|100%|0%&#8221; custom_css_main_element=&#8221;align-items:center&#8221; locked=&#8221;off&#8221; global_colors_info=&#8221;{}&#8221; disabled_on=&#8221;off|on|on&#8221;][et_pb_column type=&#8221;4_4&#8243; _builder_version=&#8221;4.24.2&#8243; _module_preset=&#8221;default&#8221; global_colors_info=&#8221;{}&#8221;][et_pb_text _builder_version=&#8221;4.24.2&#8243; text_font=&#8221;||||||||&#8221; text_text_color=&#8221;#333333&#8243; text_font_size=&#8221;0.9em&#8221; text_letter_spacing=&#8221;2px&#8221; header_font=&#8221;||||||||&#8221; header_text_align=&#8221;left&#8221; header_text_color=&#8221;#000000&#8243; header_2_font=&#8221;Poppins||||||||&#8221; header_2_font_size=&#8221;28px&#8221; header_2_line_height=&#8221;1.4em&#8221; header_3_font=&#8221;||||||||&#8221; module_alignment=&#8221;center&#8221; custom_padding=&#8221;||||false|false&#8221; animation_direction=&#8221;left&#8221; hover_enabled=&#8221;0&#8243; locked=&#8221;off&#8221; global_colors_info=&#8221;{}&#8221; sticky_enabled=&#8221;0&#8243;]<\/p>\n<p>WYTYCZNE DOTYCZ\u0104CE MARKI<\/p>\n<p>[\/et_pb_text][et_pb_text module_class=&#8221;titolo-prodotti-ita&#8221; _builder_version=&#8221;4.24.2&#8243; _module_preset=&#8221;default&#8221; header_font=&#8221;Montserrat||||||||&#8221; header_text_color=&#8221;#333333&#8243; header_font_size=&#8221;4em&#8221; background_layout=&#8221;dark&#8221; header_text_align_tablet=&#8221;&#8221; header_text_align_phone=&#8221;left&#8221; header_text_align_last_edited=&#8221;on|phone&#8221; header_font_size_tablet=&#8221;5em&#8221; header_font_size_phone=&#8221;4em&#8221; header_font_size_last_edited=&#8221;on|desktop&#8221; custom_css_main_element=&#8221;text-wrap: balance;&#8221; locked=&#8221;off&#8221; global_colors_info=&#8221;{}&#8221; custom_css_main_element_last_edited=&#8221;on|phone&#8221; custom_css_main_element_phone=&#8221;text-wrap: balance&#8221; custom_css_main_element_tablet=&#8221;text-wrap: balance;&#8221;]<\/p>\n<h1>Nale\u017cy przestrzega\u0107 poni\u017cszych najlepszych praktyk<\/h1>\n<p>[\/et_pb_text][\/et_pb_column][\/et_pb_row][\/et_pb_section][et_pb_section fb_built=&#8221;1&#8243; fullwidth=&#8221;on&#8221; disabled_on=&#8221;off|on|on&#8221; _builder_version=&#8221;4.24.2&#8243; _module_preset=&#8221;default&#8221; custom_margin=&#8221;2px|||||&#8221; global_colors_info=&#8221;{}&#8221; locked=&#8221;off&#8221;][et_pb_fullwidth_image src=&#8221;https:\/\/octorate.com\/wordpress\/wp-content\/uploads\/2024\/05\/PL_1-1.png&#8221; title_text=&#8221;PL_1&#8243; _builder_version=&#8221;4.24.2&#8243; _module_preset=&#8221;default&#8221; width=&#8221;100%&#8221; module_alignment=&#8221;center&#8221; hover_enabled=&#8221;0&#8243; global_colors_info=&#8221;{}&#8221; sticky_enabled=&#8221;0&#8243;][\/et_pb_fullwidth_image][et_pb_fullwidth_image src=&#8221;https:\/\/octorate.com\/wordpress\/wp-content\/uploads\/2024\/05\/PL_2-1.png&#8221; title_text=&#8221;PL_2&#8243; _builder_version=&#8221;4.24.2&#8243; _module_preset=&#8221;default&#8221; width=&#8221;100%&#8221; module_alignment=&#8221;center&#8221; hover_enabled=&#8221;0&#8243; global_colors_info=&#8221;{}&#8221; sticky_enabled=&#8221;0&#8243;][\/et_pb_fullwidth_image][\/et_pb_section][et_pb_section fb_built=&#8221;1&#8243; fullwidth=&#8221;on&#8221; disabled_on=&#8221;on|off|off&#8221; _builder_version=&#8221;4.24.2&#8243; _module_preset=&#8221;default&#8221; global_colors_info=&#8221;{}&#8221; locked=&#8221;off&#8221;][et_pb_fullwidth_image src=&#8221;https:\/\/octorate.com\/wordpress\/wp-content\/uploads\/2024\/05\/PL_1-1.png&#8221; title_text=&#8221;PL_1&#8243; _builder_version=&#8221;4.24.2&#8243; _module_preset=&#8221;default&#8221; width=&#8221;80%&#8221; module_alignment=&#8221;center&#8221; hover_enabled=&#8221;0&#8243; global_colors_info=&#8221;{}&#8221; sticky_enabled=&#8221;0&#8243;][\/et_pb_fullwidth_image][et_pb_fullwidth_image src=&#8221;https:\/\/octorate.com\/wordpress\/wp-content\/uploads\/2024\/05\/PL_2-1.png&#8221; title_text=&#8221;PL_2&#8243; _builder_version=&#8221;4.24.2&#8243; _module_preset=&#8221;default&#8221; width=&#8221;80%&#8221; module_alignment=&#8221;center&#8221; hover_enabled=&#8221;0&#8243; global_colors_info=&#8221;{}&#8221; sticky_enabled=&#8221;0&#8243;][\/et_pb_fullwidth_image][\/et_pb_section][et_pb_section fb_built=&#8221;1&#8243; _builder_version=&#8221;4.24.2&#8243; _module_preset=&#8221;default&#8221; custom_margin=&#8221;0px||0%||false|false&#8221; custom_margin_tablet=&#8221;20%||5%||false|false&#8221; custom_margin_phone=&#8221;4.4%||5%||false|false&#8221; custom_margin_last_edited=&#8221;on|tablet&#8221; custom_padding=&#8221;0px||||false|false&#8221; global_colors_info=&#8221;{}&#8221; locked=&#8221;off&#8221;][et_pb_row use_custom_gutter=&#8221;on&#8221; gutter_width=&#8221;1&#8243; custom_padding_last_edited=&#8221;on|phone&#8221; disabled_on=&#8221;off|off|off&#8221; _builder_version=&#8221;4.24.2&#8243; _module_preset=&#8221;default&#8221; width=&#8221;84%&#8221; custom_margin=&#8221;0px|auto||auto|false|false&#8221; custom_padding=&#8221;3%||0%||false|false&#8221; custom_padding_tablet=&#8221;||3px||false|false&#8221; custom_padding_phone=&#8221;5%||0.6%||false|false&#8221; scroll_fade=&#8221;0|50|50|100|100%|100%|0%&#8221; custom_css_main_element=&#8221;align-items:center&#8221; locked=&#8221;off&#8221; global_colors_info=&#8221;{}&#8221;][et_pb_column type=&#8221;4_4&#8243; _builder_version=&#8221;4.24.2&#8243; _module_preset=&#8221;default&#8221; global_colors_info=&#8221;{}&#8221;][et_pb_code _builder_version=&#8221;4.24.2&#8243; _module_preset=&#8221;default&#8221; text_orientation=&#8221;center&#8221; module_alignment=&#8221;center&#8221; hover_enabled=&#8221;0&#8243; locked=&#8221;off&#8221; global_colors_info=&#8221;{}&#8221; sticky_enabled=&#8221;0&#8243;]<a class=\"cta-hd-vr\" href=\"https:\/\/octorate.com\/wordpress\/wp-content\/uploads\/2024\/04\/Octorate_Logo_Pack_2024.zip\">POBIERZ LOGOTYPY<\/a>[\/et_pb_code][\/et_pb_column][\/et_pb_row][\/et_pb_section]<\/p>\n","protected":false},"excerpt":{"rendered":"<p>Wytyczne dotycz\u0105ce marki. Aby u\u017cywa\u0107 logo Octorate w swojej komunikacji, nale\u017cy przestrzega\u0107 poni\u017cszych najlepszych praktyk.<\/p>\n","protected":false},"author":2,"featured_media":18765,"parent":0,"menu_order":0,"comment_status":"closed","ping_status":"closed","template":"","meta":{"_et_pb_use_builder":"on","_et_pb_old_content":"","_et_gb_content_width":"","footnotes":""},"_links":{"self":[{"href":"https:\/\/octorate.com\/pl\/wp-json\/wp\/v2\/pages\/24701"}],"collection":[{"href":"https:\/\/octorate.com\/pl\/wp-json\/wp\/v2\/pages"}],"about":[{"href":"https:\/\/octorate.com\/pl\/wp-json\/wp\/v2\/types\/page"}],"author":[{"embeddable":true,"href":"https:\/\/octorate.com\/pl\/wp-json\/wp\/v2\/users\/2"}],"replies":[{"embeddable":true,"href":"https:\/\/octorate.com\/pl\/wp-json\/wp\/v2\/comments?post=24701"}],"version-history":[{"count":6,"href":"https:\/\/octorate.com\/pl\/wp-json\/wp\/v2\/pages\/24701\/revisions"}],"predecessor-version":[{"id":57217,"href":"https:\/\/octorate.com\/pl\/wp-json\/wp\/v2\/pages\/24701\/revisions\/57217"}],"wp:featuredmedia":[{"embeddable":true,"href":"https:\/\/octorate.com\/pl\/wp-json\/wp\/v2\/media\/18765"}],"wp:attachment":[{"href":"https:\/\/octorate.com\/pl\/wp-json\/wp\/v2\/media?parent=24701"}],"curies":[{"name":"wp","href":"https:\/\/api.w.org\/{rel}","templated":true}]}}