{"id":24694,"date":"2022-06-11T20:18:39","date_gmt":"2022-06-11T18:18:39","guid":{"rendered":"https:\/\/octorate.com\/aktualnosci\/"},"modified":"2023-05-31T09:54:02","modified_gmt":"2023-05-31T07:54:02","slug":"aktualnosci","status":"publish","type":"page","link":"https:\/\/octorate.com\/pl\/aktualnosci\/","title":{"rendered":"Aktualno\u015bci"},"content":{"rendered":"<p>[et_pb_section fb_built=&#8221;1&#8243; _builder_version=&#8221;4.16&#8243; _module_preset=&#8221;default&#8221; background_image=&#8221;https:\/\/octorate.com\/wordpress\/wp-content\/uploads\/2022\/02\/sfondo-home-octorate.webp&#8221; custom_padding=&#8221;50px||||false|false&#8221; locked=&#8221;off&#8221; global_colors_info=&#8221;{}&#8221;][et_pb_row make_equal=&#8221;on&#8221; _builder_version=&#8221;4.16&#8243; _module_preset=&#8221;default&#8221; custom_css_main_element=&#8221;align-items:center&#8221; global_colors_info=&#8221;{}&#8221;][et_pb_column type=&#8221;4_4&#8243; _builder_version=&#8221;4.16&#8243; _module_preset=&#8221;default&#8221; global_colors_info=&#8221;{}&#8221;][et_pb_text _builder_version=&#8221;4.16&#8243; _module_preset=&#8221;default&#8221; header_text_color=&#8221;#FFFFFF&#8221; header_font_size=&#8221;3.5em&#8221; custom_margin=&#8221;||-1px|||&#8221; header_font_size_tablet=&#8221;3.5em&#8221; header_font_size_phone=&#8221;2em&#8221; header_font_size_last_edited=&#8221;on|phone&#8221; global_colors_info=&#8221;{}&#8221;]<\/p>\n<h1>Wiadomo\u015bci, artyku\u0142y i spostrze\u017cenia dostosowane do potrzeb hotelarzy i zarz\u0105dc\u00f3w nieruchomo\u015bci<\/h1>\n<p>[\/et_pb_text][et_pb_text _builder_version=&#8221;4.16&#8243; _module_preset=&#8221;default&#8221; text_font_size=&#8221;1.7em&#8221; text_line_height=&#8221;1.1em&#8221; header_font=&#8221;|700|||||||&#8221; header_font_size=&#8221;3em&#8221; background_layout=&#8221;dark&#8221; custom_padding=&#8221;19px|||||&#8221; text_font_size_tablet=&#8221;1.7em&#8221; text_font_size_phone=&#8221;1.3em&#8221; text_font_size_last_edited=&#8221;on|phone&#8221; text_text_shadow_style=&#8221;preset2&#8243; locked=&#8221;off&#8221; global_colors_info=&#8221;{}&#8221;]Witamy na blogu Octorate[\/et_pb_text][\/et_pb_column][\/et_pb_row][\/et_pb_section][et_pb_section fb_built=&#8221;1&#8243; _builder_version=&#8221;4.16&#8243; _module_preset=&#8221;default&#8221; global_colors_info=&#8221;{}&#8221;][et_pb_row column_structure=&#8221;3_4,1_4&#8243; _builder_version=&#8221;4.16&#8243; _module_preset=&#8221;default&#8221; locked=&#8221;off&#8221; global_colors_info=&#8221;{}&#8221;][et_pb_column type=&#8221;3_4&#8243; _builder_version=&#8221;4.16&#8243; _module_preset=&#8221;default&#8221; global_colors_info=&#8221;{}&#8221;][et_pb_blog fullwidth=&#8221;off&#8221; include_categories=&#8221;current&#8221; excerpt_length=&#8221;120&#8243; show_more=&#8221;on&#8221; _builder_version=&#8221;4.16&#8243; _module_preset=&#8221;default&#8221; header_text_align=&#8221;left&#8221; header_font_size=&#8221;2em&#8221; header_line_height=&#8221;1.3em&#8221; meta_font=&#8221;|700|||||||&#8221; read_more_font=&#8221;|700||on|||||&#8221; read_more_line_height=&#8221;4em&#8221; pagination_text_color=&#8221;#000000&#8243; pagination_font_size=&#8221;2em&#8221; module_alignment=&#8221;center&#8221; link_option_url_new_window=&#8221;on&#8221; border_radii=&#8221;on|10px|10px|10px|10px&#8221; box_shadow_style=&#8221;preset3&#8243; global_colors_info=&#8221;{}&#8221; transform_styles__hover_enabled=&#8221;off|desktop&#8221; transform_scale__hover_enabled=&#8221;off|desktop&#8221; transform_translate__hover_enabled=&#8221;off|desktop&#8221; transform_rotate__hover_enabled=&#8221;off|desktop&#8221; transform_skew__hover_enabled=&#8221;off|desktop&#8221; transform_origin__hover_enabled=&#8221;off|desktop&#8221; transform_scale__hover=&#8221;112%|112%&#8221;][\/et_pb_blog][\/et_pb_column][et_pb_column type=&#8221;1_4&#8243; _builder_version=&#8221;4.16&#8243; _module_preset=&#8221;default&#8221; sticky_position=&#8221;top&#8221; sticky_offset_top=&#8221;20px&#8221; sticky_limit_bottom=&#8221;section&#8221; global_colors_info=&#8221;{}&#8221;][et_pb_search_posttype button_color=&#8221;#f1f1f1&#8243; include_posttypes=&#8221;on|off|off&#8221; _builder_version=&#8221;4.16&#8243; _module_preset=&#8221;default&#8221; button_font=&#8221;||||||||&#8221; button_text_color=&#8221;#000000&#8243; border_radii=&#8221;on|10px|10px|10px|10px&#8221; locked=&#8221;off&#8221; global_colors_info=&#8221;{}&#8221;][\/et_pb_search_posttype][et_pb_code _builder_version=&#8221;4.19.5&#8243; _module_preset=&#8221;default&#8221; text_orientation=&#8221;right&#8221; module_alignment=&#8221;right&#8221; custom_margin=&#8221;||0px|0px|false|false&#8221; custom_padding=&#8221;10%|10%|10%|10%|true|false&#8221; custom_padding_tablet=&#8221;|1em||0px|true|false&#8221; custom_padding_phone=&#8221;&#8221; custom_padding_last_edited=&#8221;on|tablet&#8221; border_radii=&#8221;on|10px|10px|10px|10px&#8221; border_width_all=&#8221;1px&#8221; border_color_all=&#8221;#d9d9d9&#8243; locked=&#8221;off&#8221; global_colors_info=&#8221;{}&#8221;]<\/p>\n<h3 style=\"text-align: center;\">Zam\u00f3w bezp\u0142atn\u0105 prezentacj\u0119<\/h3>\n<p><!-- [et_pb_line_break_holder] --><!-- [et_pb_line_break_holder] --><!-- [et_pb_line_break_holder] --><pee style=\"text-align: left; line-height: 1.6em; font-size: 1em;\">Zam\u00f3w prezentacj\u0119, aby dowiedzie\u0107 si\u0119, jak Octorate mo\u017ce upro\u015bci\u0107 zarz\u0105dzanie hotelem, pensjonatem lub domem wakacyjnym.<\/pee><!-- [et_pb_line_break_holder] --><\/br><!-- [et_pb_line_break_holder] --><!-- Calendly link widget begin --><!-- [et_pb_line_break_holder] --><!-- [et_pb_line_break_holder] --><\/p>\n<div align=\"center\"><!-- [et_pb_line_break_holder] --><!-- [et_pb_line_break_holder] --><link href=\"https:\/\/assets.calendly.com\/assets\/external\/widget.css\" rel=\"stylesheet\"><!-- [et_pb_line_break_holder] --><!-- [et_pb_line_break_holder] --> <script src=\"https:\/\/assets.calendly.com\/assets\/external\/widget.js\" type=\"text\/javascript\"><\/script><!-- [et_pb_line_break_holder] --><a<!-- [et_pb_line_break_holder] -->   onclick=&#8221;Calendly.initPopupWidget({url: &#8216;https:\/\/calendly.com\/d\/ywh-4xd-vs2&#8217;});&#8221; style=&#8221;\/* old browsers *\/<!-- [et_pb_line_break_holder] -->background: -moz-linear-gradient(left, #ff5000 1%, #e09900 100%); \/* ff3.6-15 *\/<!-- [et_pb_line_break_holder] -->background: -webkit-linear-gradient(left, #ff5000 1%,#e09900 100%); \/* chrome10-25,safari5.1-6 *\/<!-- [et_pb_line_break_holder] -->background: linear-gradient(to right, #ff5000 1%,#e09900 100%); \/* w3c, ie10+, ff16+, chrome26+, opera12+, safari7+ *\/<!-- [et_pb_line_break_holder] -->filter: progid:DXImageTransform.Microsoft.gradient( startColorstr=&#8217;#ff5000&#8242;, endColorstr=&#8217;#e09900&#8242;,GradientType=1 ); \/* ie6-9 *\/<!-- [et_pb_line_break_holder] --> ; padding: .5em; color: #fff; font-weight: 600; text-transform: uppercase; border-radius: 5px; font-size: 1em;&#8221;>ZAM\u00d3W PREZENTACJ\u0118<\/a><\/div>\n<p>[\/et_pb_code][et_pb_code _builder_version=&#8221;4.21.0&#8243; _module_preset=&#8221;default&#8221; text_orientation=&#8221;right&#8221; module_alignment=&#8221;right&#8221; custom_margin=&#8221;15%|||0px|false|false&#8221; custom_padding=&#8221;10%|10%|10%|10%|true|false&#8221; custom_padding_tablet=&#8221;|1em||0px|true|false&#8221; custom_padding_phone=&#8221;&#8221; custom_padding_last_edited=&#8221;on|tablet&#8221; hover_enabled=&#8221;0&#8243; border_radii=&#8221;on|10px|10px|10px|10px&#8221; border_width_all=&#8221;1px&#8221; border_color_all=&#8221;#d9d9d9&#8243; locked=&#8221;off&#8221; global_colors_info=&#8221;{}&#8221; sticky_enabled=&#8221;0&#8243;]<\/p>\n<div align=\"center\"><!-- [et_pb_line_break_holder] --><\/p>\n<h3 style=\"text-align:center\">Zapisz si\u0119 do newslettera Octorate!<\/h3>\n<p><!-- [et_pb_line_break_holder] --><pee style=\"text-align:left; line-height: 1.6em; font-size: 1em\"><\/pee><!-- [et_pb_line_break_holder] --><pee><!-- [et_pb_line_break_holder] -->  <!-- [et_pb_line_break_holder] --><\/pee><!-- [et_pb_line_break_holder] --><!-- [et_pb_line_break_holder] -->    <a style=\"background: black; padding: .5em;   color: #fff;    font-weight: 600;    text-transform: uppercase; border-radius: 5px; font-size: .85em\"\"<!-- [et_pb_line_break_holder] -->      href=&#8221;javascript:void(<!-- [et_pb_line_break_holder] -->        window.open(<!-- [et_pb_line_break_holder] -->          &#8216;https:\/\/form.jotform.com\/231443117279354&#8217;,<!-- [et_pb_line_break_holder] -->          &#8216;blank&#8217;,<!-- [et_pb_line_break_holder] -->          &#8216;scrollbars=yes,<!-- [et_pb_line_break_holder] -->          toolbar=no,<!-- [et_pb_line_break_holder] -->          width=700,<!-- [et_pb_line_break_holder] -->          height=500&#8242;<!-- [et_pb_line_break_holder] -->        )<!-- [et_pb_line_break_holder] -->      )<!-- [et_pb_line_break_holder] -->    &#8220;><!-- [et_pb_line_break_holder] -->      POZOSTA\u0143 NA BIE\u017b\u0104CO<!-- [et_pb_line_break_holder] -->    <\/a><!-- [et_pb_line_break_holder] --><\/div>\n<p>[\/et_pb_code][\/et_pb_column][\/et_pb_row][\/et_pb_section]<\/p>\n","protected":false},"excerpt":{"rendered":"<p>Wiadomo\u015bci, artyku\u0142y i spostrze\u017cenia dostosowane do potrzeb hotelarzy i zarz\u0105dc\u00f3w nieruchomo\u015bciWitamy na blogu OctorateZapisz si\u0119 do newslettera Octorate!<\/p>\n","protected":false},"author":1,"featured_media":19629,"parent":0,"menu_order":0,"comment_status":"closed","ping_status":"closed","template":"","meta":{"_et_pb_use_builder":"on","_et_pb_old_content":"","_et_gb_content_width":"","footnotes":""},"_links":{"self":[{"href":"https:\/\/octorate.com\/pl\/wp-json\/wp\/v2\/pages\/24694"}],"collection":[{"href":"https:\/\/octorate.com\/pl\/wp-json\/wp\/v2\/pages"}],"about":[{"href":"https:\/\/octorate.com\/pl\/wp-json\/wp\/v2\/types\/page"}],"author":[{"embeddable":true,"href":"https:\/\/octorate.com\/pl\/wp-json\/wp\/v2\/users\/1"}],"replies":[{"embeddable":true,"href":"https:\/\/octorate.com\/pl\/wp-json\/wp\/v2\/comments?post=24694"}],"version-history":[{"count":0,"href":"https:\/\/octorate.com\/pl\/wp-json\/wp\/v2\/pages\/24694\/revisions"}],"wp:featuredmedia":[{"embeddable":true,"href":"https:\/\/octorate.com\/pl\/wp-json\/wp\/v2\/media\/19629"}],"wp:attachment":[{"href":"https:\/\/octorate.com\/pl\/wp-json\/wp\/v2\/media?parent=24694"}],"curies":[{"name":"wp","href":"https:\/\/api.w.org\/{rel}","templated":true}]}}