{"id":59012,"date":"2024-08-27T09:22:51","date_gmt":"2024-08-27T07:22:51","guid":{"rendered":"https:\/\/octorate.com\/privacy-policy\/"},"modified":"2025-10-03T12:00:05","modified_gmt":"2025-10-03T10:00:05","slug":"privacy-policy","status":"publish","type":"page","link":"https:\/\/octorate.com\/fr\/privacy-policy\/","title":{"rendered":"Privacy Policy"},"content":{"rendered":"<p>[et_pb_section fb_built=\u00a0\u00bb1&Prime; inner_shadow=\u00a0\u00bbon\u00a0\u00bb admin_label=\u00a0\u00bbHero\u00a0\u00bb _builder_version=\u00a0\u00bb4.24.2&Prime; background_color=\u00a0\u00bb#000000&Prime; background_enable_image=\u00a0\u00bboff\u00a0\u00bb background_position=\u00a0\u00bbcenter_right\u00a0\u00bb background_horizontal_offset=\u00a0\u00bb100%\u00a0\u00bb background_blend=\u00a0\u00bbmultiply\u00a0\u00bb background_enable_pattern_style=\u00a0\u00bbon\u00a0\u00bb background_pattern_style=\u00a0\u00bbdiagonal-stripes-2&Prime; background_pattern_color=\u00a0\u00bb#141414&Prime; background_pattern_size=\u00a0\u00bbcustom\u00a0\u00bb background_pattern_repeat_origin=\u00a0\u00bbcenter\u00a0\u00bb background_pattern_blend_mode=\u00a0\u00bbscreen\u00a0\u00bb custom_padding=\u00a0\u00bb||0px||false|false\u00a0\u00bb global_colors_info=\u00a0\u00bb{}\u00a0\u00bb][et_pb_row _builder_version=\u00a0\u00bb4.16&Prime; custom_padding=\u00a0\u00bb|||0px||\u00a0\u00bb global_colors_info=\u00a0\u00bb{}\u00a0\u00bb][et_pb_column type=\u00a0\u00bb4_4&Prime; _builder_version=\u00a0\u00bb4.16&Prime; custom_padding=\u00a0\u00bb||60px|\u00a0\u00bb global_colors_info=\u00a0\u00bb{}\u00a0\u00bb custom_padding__hover=\u00a0\u00bb|||\u00a0\u00bb][et_pb_text _builder_version=\u00a0\u00bb4.16&Prime; text_font=\u00a0\u00bbOpen Sans|600|||||||\u00a0\u00bb text_line_height=\u00a0\u00bb1.8em\u00a0\u00bb header_font=\u00a0\u00bbPoppins||||||||\u00a0\u00bb header_font_size=\u00a0\u00bb36px\u00a0\u00bb header_line_height=\u00a0\u00bb1.4em\u00a0\u00bb background_layout=\u00a0\u00bbdark\u00a0\u00bb custom_margin=\u00a0\u00bb||||false|false\u00a0\u00bb global_colors_info=\u00a0\u00bb{}\u00a0\u00bb]<\/p>\n<h1><b>PRIVACY POLICY<\/b><\/h1>\n<p>[\/et_pb_text][\/et_pb_column][\/et_pb_row][\/et_pb_section][et_pb_section fb_built=\u00a0\u00bb1&Prime; _builder_version=\u00a0\u00bb4.16&Prime; _module_preset=\u00a0\u00bbdefault\u00a0\u00bb global_colors_info=\u00a0\u00bb{}\u00a0\u00bb][et_pb_row _builder_version=\u00a0\u00bb4.16&Prime; _module_preset=\u00a0\u00bbdefault\u00a0\u00bb global_colors_info=\u00a0\u00bb{}\u00a0\u00bb][et_pb_column type=\u00a0\u00bb4_4&Prime; _builder_version=\u00a0\u00bb4.16&Prime; _module_preset=\u00a0\u00bbdefault\u00a0\u00bb global_colors_info=\u00a0\u00bb{}\u00a0\u00bb][et_pb_text _builder_version=\u00a0\u00bb4.24.2&Prime; _module_preset=\u00a0\u00bbdefault\u00a0\u00bb global_colors_info=\u00a0\u00bb{}\u00a0\u00bb]<\/p>\n<p>Informations concernant le traitement des donn\u00e9es personnelles conform\u00e9ment au R\u00e8glement UE 679\/2016 (GDPR)<\/p>\n<p>Nous vous informons, conform\u00e9ment \u00e0 l&rsquo;art. 13 du R\u00e8glement UE 679\/2016 (GDPR), que notre soci\u00e9t\u00e9 traitera les donn\u00e9es personnelles que vous fournissez en conformit\u00e9 avec la l\u00e9gislation sur la protection des donn\u00e9es personnelles et conform\u00e9ment aux obligations et garanties des normes l\u00e9gales, contractuelles et r\u00e9glementaires.<\/p>\n<p>Cette Politique de Confidentialit\u00e9 d\u00e9crit les politiques de Octorate S.r.l., Via Filippo Caruso, 23, 00173 Rome, Italie, email : legal@octorate.com, t\u00e9l\u00e9phone : +39 06 4542 0568, concernant la collecte, l&rsquo;utilisation et la divulgation de vos informations lorsque vous utilisez notre site web https:\/\/octorate.com (le \u201cService\u201d). En acc\u00e9dant ou en utilisant le Service, vous consentez \u00e0 la collecte, \u00e0 l&rsquo;utilisation et \u00e0 la divulgation de vos informations conform\u00e9ment \u00e0 cette Politique. Si vous ne consentez pas, veuillez ne pas utiliser le Service.<\/p>\n<p>Les donn\u00e9es personnelles que vous fournissez sont collect\u00e9es pour les finalit\u00e9s suivantes :<\/p>\n<p>prestation des services demand\u00e9s et gestion des r\u00e9clamations et\/ou litiges \u00e9ventuels ;<br \/>envoi de communications commerciales relatives aux produits, services ou initiatives de l&rsquo;\u00c9diteur et\/ou de ses partenaires commerciaux ou de soci\u00e9t\u00e9s tierces ; activit\u00e9s de vente directe et indirecte ; mesure de la satisfaction des clients quant \u00e0 la qualit\u00e9 des services fournis ; r\u00e9alisation d&rsquo;\u00e9tudes et de recherches statistiques et de march\u00e9. Le d\u00e9faut, partiel ou incorrect, de fournir vos donn\u00e9es pourrait entra\u00eener l&rsquo;impossibilit\u00e9 de vous fournir les services demand\u00e9s.<br \/>Les traitements mentionn\u00e9s aux points 1 et 2 ci-dessus peuvent \u00eatre effectu\u00e9s par des moyens informatiques ou manuels avec des proc\u00e9dures garantissant la conformit\u00e9 aux dispositions r\u00e9glementaires en vigueur.<br \/>Au sein de notre organisation, les donn\u00e9es ne pourront \u00eatre connues que par des personnes sp\u00e9cifiquement autoris\u00e9es et form\u00e9es.<\/p>\n<p>Le responsable du traitement est Octorate S.r.l. Pour toute information relative au traitement des donn\u00e9es personnelles effectu\u00e9 par le Responsable, ainsi que pour exercer les droits des personnes concern\u00e9es (selon les articles 15-22 du R\u00e8glement UE 679\/2016 \u201cRGPD\u201d), nous vous invitons \u00e0 utiliser l&rsquo;adresse e-mail d\u00e9di\u00e9e : <a href=\"mailto:privacy@octorate.com\">privacy@octorate.com<\/a>. Vous pouvez \u00e9galement contacter notre D\u00e9l\u00e9gu\u00e9 \u00e0 la protection des donn\u00e9es (DPO) pour exercer vos droits et\/ou pour toute clarification concernant la protection des donn\u00e9es personnelles, \u00e0 l&rsquo;adresse suivante : <a href=\"mailto:DPO@octorate.com\">DPO@octorate.com<\/a>.<\/p>\n<p>La personne concern\u00e9e peut exercer ses droits pr\u00e9vus par le R\u00e8glement UE \u00e0 tout moment.<\/p>\n<p>Pour exercer les droits pr\u00e9vus par le R\u00e8glement UE (art. 15 Droit d&rsquo;acc\u00e8s ; art. 16 Rectification ; art. 17 Suppression), vous devez \u00e9crire \u00e0 legal@octorate.com.<\/p>\n<p>Nous vous informons que, pour des raisons techniques, le temps n\u00e9cessaire \u00e0 la suppression \u00e9ventuelle de vos donn\u00e9es personnelles de nos archives sera au maximum de 5 jours ouvrables.<\/p>\n<p>&nbsp;<\/p>\n<h3>Donn\u00e9es Collect\u00e9es<\/h3>\n<p>Nous collecterons et traiterons les donn\u00e9es personnelles suivantes :<\/p>\n<p>&#8211; Nom<br \/>&#8211; Email<br \/>&#8211; Num\u00e9ro de t\u00e9l\u00e9phone<br \/>&#8211; Date de naissance<br \/>&#8211; Adresse<br \/>&#8211; Adresse professionnelle<br \/>&#8211; Informations de paiement<\/p>\n<p>&nbsp;<\/p>\n<h3>Finalit\u00e9s du Traitement<\/h3>\n<p>Nous utilisons les donn\u00e9es collect\u00e9es pour les finalit\u00e9s suivantes :<\/p>\n<p>&#8211; Marketing\/Promotions<br \/>&#8211; Cr\u00e9ation de compte utilisateur<br \/>&#8211; Collecte de retours d&rsquo;exp\u00e9rience<br \/>&#8211; Support client<br \/>&#8211; Gestion des informations administratives<br \/>&#8211; Publicit\u00e9 cibl\u00e9e<br \/>&#8211; Protection du site<br \/>&#8211; Gestion du compte utilisateur<br \/>En cas d&rsquo;utilisations suppl\u00e9mentaires, nous demanderons votre consentement et traiterons les donn\u00e9es uniquement pour les finalit\u00e9s pour lesquelles vous avez donn\u00e9 votre consentement, sauf obligation l\u00e9gale contraire.<\/p>\n<p>&nbsp;<\/p>\n<h3>Partage des Donn\u00e9es<\/h3>\n<p>Nous ne transf\u00e9rerons pas vos donn\u00e9es personnelles \u00e0 des tiers sans votre consentement. Les tiers auxquels nous transf\u00e9rons les donn\u00e9es sont tenus de les utiliser exclusivement pour les finalit\u00e9s pour lesquelles elles ont \u00e9t\u00e9 transf\u00e9r\u00e9es et de ne pas les conserver plus longtemps que n\u00e9cessaire pour ces finalit\u00e9s.<\/p>\n<p>Nous pouvons \u00e9galement divulguer vos donn\u00e9es pour : (1) nous conformer aux lois applicables ; (2) faire respecter nos accords ; ou (3) r\u00e9pondre aux r\u00e9clamations selon lesquelles votre utilisation du Service viole les droits de tiers.<\/p>\n<p>En cas de fusion ou d&rsquo;acquisition de notre soci\u00e9t\u00e9, vos donn\u00e9es seront transf\u00e9r\u00e9es au nouveau propri\u00e9taire.<\/p>\n<p>&nbsp;<\/p>\n<h3>Conservation des Donn\u00e9es<\/h3>\n<p>Nous conserverons vos donn\u00e9es aussi longtemps que n\u00e9cessaire pour les finalit\u00e9s pour lesquelles elles ont \u00e9t\u00e9 collect\u00e9es. Nous pouvons conserver certaines donn\u00e9es plus longtemps pour des obligations l\u00e9gales ou pour des int\u00e9r\u00eats l\u00e9gitimes tels que la pr\u00e9vention des fraudes. La personne concern\u00e9e peut exercer ses droits pr\u00e9vus par le R\u00e8glement UE \u00e0 tout moment.<\/p>\n<p>&nbsp;<\/p>\n<h3>Vos Droits<\/h3>\n<p>En vertu de la loi applicable, vous avez le droit d&rsquo;acc\u00e9der, de rectifier ou de supprimer vos donn\u00e9es personnelles, de demander la limitation du traitement, de vous opposer au traitement actif, de demander la portabilit\u00e9 des donn\u00e9es ou de retirer votre consentement au traitement. Vous pouvez exercer ces droits en nous \u00e9crivant \u00e0 legal@octorate.com.<\/p>\n<p>&nbsp;<\/p>\n<h3>Cookies et Technologies de Suivi<\/h3>\n<p>Pour plus d&rsquo;informations sur l&rsquo;utilisation des cookies et vos options de gestion, veuillez consulter notre Politique de Cookies.<\/p>\n<p>&nbsp;<\/p>\n<h3>S\u00e9curit\u00e9<\/h3>\n<p>Nous adoptons des mesures de s\u00e9curit\u00e9 raisonnables pour prot\u00e9ger vos donn\u00e9es, mais nous ne pouvons garantir une s\u00e9curit\u00e9 absolue en raison des risques inh\u00e9rents \u00e0 la transmission des donn\u00e9es en ligne. Vous transmettez les informations \u00e0 vos propres risques.<\/p>\n<p>&nbsp;<\/p>\n<h3>Liens vers des Tiers<\/h3>\n<p class=\"p1\">Il nostro Servizio pu\u00f2 contenere link ad altri siti non gestiti da noi. Questa Informativa non si applica a tali siti. Ti consigliamo di leggere le rispettive informative sulla privacy.<\/p>\n<h3><strong><\/strong><\/h3>\n<h3><strong><\/strong><\/h3>\n<h3>Modifications de la Politique de Confidentialit\u00e9<\/h3>\n<p>Cette Politique de Confidentialit\u00e9 peut \u00eatre mise \u00e0 jour au fil du temps, y compris en lien avec l&rsquo;entr\u00e9e en vigueur de nouvelles r\u00e9glementations sectorielles, la mise \u00e0 jour ou la fourniture de nouveaux services, ou des innovations technologiques, de sorte que les utilisateurs\/visiteurs sont invit\u00e9s \u00e0 consulter p\u00e9riodiquement cette page.<\/p>\n<p>[\/et_pb_text][\/et_pb_column][\/et_pb_row][\/et_pb_section]<\/p>\n","protected":false},"excerpt":{"rendered":"<p>Explorez la Politique de Confidentialit\u00e9 d&rsquo;Octorate : transparence sur la collecte, l&rsquo;utilisation et la protection de vos donn\u00e9es pour garantir s\u00e9curit\u00e9 et respect de la vie priv\u00e9e.<\/p>\n","protected":false},"author":29,"featured_media":1948,"parent":0,"menu_order":0,"comment_status":"closed","ping_status":"closed","template":"","meta":{"_et_pb_use_builder":"on","_et_pb_old_content":"<!-- wp:paragraph -->\n<p>La piattaforma \u00e8 un servizio di www.Octorate.com Octorate con sede in Via Filippo Caruso, 23, 00173, Roma.<\/p>\n<!-- \/wp:paragraph -->\n\n<!-- wp:paragraph -->\n<p><strong>Sito web:<\/strong>&nbsp;<a href=\"https:\/\/www.octorate.com\/\" target=\"_blank\" rel=\"noreferrer noopener\">www.Octorate.com<\/a><\/p>\n<!-- \/wp:paragraph -->\n\n<!-- wp:paragraph -->\n<p>Octorate Srl (di seguito OR) \u00e8 un Booking Engine, Channel Manager, PMS e OctoSite dedicati alle strutture ricettive (alberghi, residence, ecc \u2026), per l\u2019attuazione in tempo reale le prenotazioni online originati sul sito del proprietario.<\/p>\n<!-- \/wp:paragraph -->\n\n<!-- wp:paragraph -->\n<p><strong>Le prenotazioni originate da OR sono completamente gratuite; nessuna commissione sulle transazioni \u00e8 richiesto.<\/strong><br>Questo sistema offre ai proprietari delle strutture ricettive la possibilit\u00e0 di configurare gli orari di prenotazione e le varie tariffe piani per le prenotazioni online.<\/p>\n<!-- \/wp:paragraph -->\n\n<!-- wp:paragraph -->\n<p>Nota: i servizi offerti dalla OR sono caratterizzati da una tecnologia in continua evoluzione.<\/p>\n<!-- \/wp:paragraph -->\n\n<!-- wp:paragraph -->\n<p>OR si riserva il diritto di apportare modifiche ai servizi offerti a propria discrezione e in qualsiasi momento, se ritenuto necessario, e ogni volta che i cambiamenti tecnologici; queste modifiche sarebbero coinvolgano i servizi e il modo in cui questi servizi vengono offerti al cliente, il nostro obiettivo \u00e8 un miglioramento continuo e l\u2019ottimizzazione dei servizi forniti.<\/p>\n<!-- \/wp:paragraph -->\n\n<!-- wp:heading {\"level\":3} -->\n<h3>LINK:<\/h3>\n<!-- \/wp:heading -->\n\n<!-- wp:paragraph -->\n<p>L\u2019utilizzo del software di prenotazione online e la sua integrazione nel sito web della struttura avviene attivando un link che verr\u00e0 fornito al momento della registrazione e della configurazione di detto sito.<\/p>\n<!-- \/wp:paragraph -->\n\n<!-- wp:paragraph -->\n<p>OR creer\u00e0 una pagina per la prenotazione on-line per ogni abbonato.<\/p>\n<!-- \/wp:paragraph -->\n\n<!-- wp:paragraph -->\n<p>Non sarebbe necessario modificare mai pi\u00f9, o installare software aggiuntivo.<\/p>\n<!-- \/wp:paragraph -->\n\n<!-- wp:heading {\"level\":3} -->\n<h3>DATA ENTRY:<\/h3>\n<!-- \/wp:heading -->\n\n<!-- wp:paragraph -->\n<p>Il rappresentante della struttura ricettiva \u00e8 responsabile per l\u2019immissione di dati in linea (tariffe, orari di prenotazione, ecc). Il programma di auto-gestione \u00e8 accessibile 24 ore al giorno via internet subordinata alla disponibilit\u00e0 di tale servizio offerto al cliente da parte del provider di servizi Internet.<\/p>\n<!-- \/wp:paragraph -->\n\n<!-- wp:paragraph -->\n<p>Il nome utente e la password necessari per accedere al sistema di gestione saranno scelti dalla persona che rappresenta la struttura ricettiva, persona che avr\u00e0 il compito di assicurare la riservatezza e per non divulgare tali informazioni a terzi.<\/p>\n<!-- \/wp:paragraph -->\n\n<!-- wp:heading {\"level\":3} -->\n<h3>SISTEMA DI PRENOTAZIONE<\/h3>\n<!-- \/wp:heading -->\n\n<!-- wp:paragraph -->\n<p>Le prenotazioni vengono effettuate interamente online attraverso un server sicuro SSL, sulla base dei dati precedentemente immessi nel sistema dalla struttura ricettiva che si assume la totale responsabilit\u00e0 per l\u2019accuratezza delle informazioni.<\/p>\n<!-- \/wp:paragraph -->\n\n<!-- wp:paragraph -->\n<p>Il cliente e la struttura ricettiva sono le uniche parti del contratto; ogni parte ricever\u00e0 una conferma della prenotazione in tempo reale via e-mail.<br>Evidentemente, OR&nbsp;non agisce come intermediario; esso fornisce solo il software che permette la prenotazione on-line.<\/p>\n<!-- \/wp:paragraph -->\n\n<!-- wp:heading {\"level\":3} -->\n<h3>CARTA DI CREDITO<\/h3>\n<!-- \/wp:heading -->\n\n<!-- wp:paragraph -->\n<p>Si noti che al momento della prenotazione on line nessun pagamento \u00e8 effettuato; la carta di credito viene utilizzato esclusivamente come un mezzo per garantire la prenotazione on-line. La carta di credito \u00e8 controllato solo per quanto riguarda la validit\u00e0 del dato insieme di numeri attraverso il cosiddetto algoritmo Luhn. OR non garantisce l\u2019autenticit\u00e0 di detta carta di credito memorizzata nei suoi server e criptati e non possono essere decodificati da OR in conformit\u00e0 con gli standard di sicurezza PCI-DSS.<\/p>\n<!-- \/wp:paragraph -->\n\n<!-- wp:paragraph -->\n<p>La successiva ricarica delle carte di credito dei clienti \u00e8 pienamente la responsabilit\u00e0 della struttura ricettiva.<br>Non agire come intermediario OR \u00e8 completamente sollevato di eventuali controversie tra la struttura ricettiva e dei suoi clienti.<\/p>\n<!-- \/wp:paragraph -->\n\n<!-- wp:heading {\"level\":3} -->\n<h3>CHANNEL MANAGER<\/h3>\n<!-- \/wp:heading -->\n\n<!-- wp:paragraph -->\n<p>Nonostante OR&nbsp;fornisca questo servizio utilizzando tecnologie affidabili e mantenga un costante monitoraggio e aggiornamento delle stesse e considerato che i servizi sono caratterizzati da una tecnologia in continua evoluzione,&nbsp;la struttura ricettiva \u00e8 tenuta a verificare il corretto aggiornamento e allineamento dei portali connessi.<br>OR&nbsp;non \u00e8 responsabile di eventuali overbooking della struttura ricettiva, di mancati aggiornamenti dei portali e di mancati guadagni.<\/p>\n<!-- \/wp:paragraph -->\n\n<!-- wp:heading {\"level\":3} -->\n<h3>SISTEMI DI PAGAMENTO<\/h3>\n<!-- \/wp:heading -->\n\n<!-- wp:paragraph -->\n<p>OR fornisce il servizio di integrazione con diversi payment gateway e partner per la gestione dei pagamenti. Il servizio offerto da OR \u00e8 esclusivamente tecnico e riguarda la connessione con i sistemi suddetti. OR non interagisce in alcun modo con gli organi istituzionali di pagamento e non effettua intermediazioni bancarie, non \u00e8 pertanto responsabile di eventuali contestazioni e mancati\/o errati accrediti di importi legati alle prenotazioni e ai servizi offerti dall\u2019utilizzatore.<br>Il responsabile dei servizi di incasso e pagamento e il relativo supporto in merito alle contestazioni deve essere fornito dal partner scelto per la gestione dei pagamenti.<\/p>\n<!-- \/wp:paragraph -->\n\n<!-- wp:heading {\"level\":3} -->\n<h3>SERVIZIO ALLOGGIATI POLIZIA DI STATO E ISTAT<\/h3>\n<!-- \/wp:heading -->\n\n<!-- wp:paragraph -->\n<p>OR fornisce il servizio per la creazione e l\u2019invio delle schedine alloggiati per il portale web della Polizia di Stato e per la raccolta dati ISTAT. OR fornisce il servizio utilizzando tecnologie affidabili, monitorando il funzionamento e aggiornando costantemente i sistemi. Considerato il cambiamento costante e continuo delle procedure e delle normative degli organi vigenti, OR \u00e8 impossibilitata a garantire il corretto invio delle schedine alloggiati e dei dati ISTAT agli organi preposti secondo le tempistiche richieste. \u00c8 responsabilit\u00e0 dell\u2019utilizzatore verificare il corretto invio della documentazione tramite OR oppure provvedere tramite i canali ufficiali.<\/p>\n<!-- \/wp:paragraph -->\n\n<!-- wp:heading {\"level\":3} -->\n<h3>DURATA DEL CONTRATTO<\/h3>\n<!-- \/wp:heading -->\n\n<!-- wp:paragraph -->\n<p>Il contratto diventa efficace al momento della registrazione e ha una validit\u00e0 illimitata. La cancellazione \u00e8 possibile in qualsiasi momento per entrambe le parti. All\u2019interno della sezione \u201cUpgrade\u201d l\u2019utente pu\u00f2 disattivare autonomamente uno o tutti i servizi che compongono la piattaforma.<\/p>\n<!-- \/wp:paragraph -->\n\n<!-- wp:heading {\"level\":3} -->\n<h3>GIURISDIZIONE<\/h3>\n<!-- \/wp:heading -->\n\n<!-- wp:paragraph -->\n<p>Il presente contratto deve intendersi interpretato e regolato in conformit\u00e0 con la Legge Italiana. Per tutto quanto non espressamente regolato dal presente contratto, troveranno applicazione le disposizioni del Codice<\/p>\n<!-- \/wp:paragraph -->\n\n<!-- wp:paragraph -->\n<p>Civile in materia. Per qualsiasi controversia relativa all\u2019interpretazione e\/o esecuzione del presente contratto sar\u00e0 competente in via esclusiva il Foro di Roma<\/p>\n<!-- \/wp:paragraph -->\n\n<!-- wp:heading {\"level\":3} -->\n<h3>INFORMAZIONI RIGUARDANTI IL TRATTAMENTO DEI DATI<\/h3>\n<!-- \/wp:heading -->\n\n<!-- wp:heading -->\n<h2><strong>Informativa sulla Privacy<\/strong><\/h2>\n<!-- \/wp:heading -->\n\n<!-- wp:paragraph -->\n<p>Informativa circa il trattamento dei dati personali ai sensi del Regolamento UE 679\/2016 (GDPR)<\/p>\n<!-- \/wp:paragraph -->\n\n<!-- wp:paragraph -->\n<p>La informiamo, ai sensi dell\u2019art. 13 del Regolamento UE 679\/2016(GDPR), che la nostra societ\u00e0 proceder\u00e0 al trattamento dei dati personali da Lei forniti nel rispetto della normativa in materia di tutela del trattamento dei dati personali e nel rispetto degli obblighi e delle garanzie delle norme di legge, contrattuali e regolamentari.I dati personali da Lei forniti sono raccolti per le seguenti finalit\u00e0: 1) erogazione dei servizi richiesti e gestione di eventuali reclami e\/o contenziosi;<br>2) invio di comunicazioni commerciali relative a prodotti, servizi o iniziative dell\u2019Editore e\/o di suoi partner commerciali o di societ\u00e0 terze; attivit\u00e0 di vendite e di collocamento dirette ed indirette; rilevazioni del grado di soddisfazione della clientela sulla qualit\u00e0 dei servizi forniti; effettuazione di studi e ricerche statistiche e di mercato. Il mancato, parziale o inesatto conferimento dei Suoi dati potrebbe avere come conseguenza l\u2019impossibilit\u00e0 di fornirLe i servizi richiesti.<\/p>\n<!-- \/wp:paragraph -->\n\n<!-- wp:paragraph -->\n<p>I trattamenti di cui ai precedenti punti 1 e 2 potranno essere eseguiti con modalit\u00e0 informatiche o manuali con procedure tali da garantirne la conformit\u00e0 alle disposizioni normative vigenti in materia.All\u2019interno della nostra organizzazione i dati potranno essere conosciuti solo da soggetti specificatamente autorizzati e istruiti.<\/p>\n<!-- \/wp:paragraph -->\n\n<!-- wp:paragraph -->\n<p>Titolare del trattamento \u00e8 la societ\u00e0 Octorate Srl con sede in Via Filippo Caruso,23 Roma (Italia).<\/p>\n<!-- \/wp:paragraph -->\n\n<!-- wp:paragraph -->\n<p>L\u2019interessato potr\u00e0 in qualsiasi momento esercitare i diritti previsti dal Regolamento UE.Per esercitare i diritti previsti dal Regolamento UE (art. 15 Diritto di accesso; art.16 Rettifica; art. 17 Cancellazione) dovr\u00e0 scrivere a tech@octorate.com<\/p>\n<!-- \/wp:paragraph -->\n\n<!-- wp:paragraph -->\n<p>Si informa che, per ragioni tecniche, i tempi necessari per l\u2019eventuale cancellazione dei Suoi dati personali dall\u2019archivio&nbsp; saranno al massimo di 5 giorni lavorativi.<\/p>\n<!-- \/wp:paragraph -->\n\n<!-- wp:paragraph -->\n<p>Il sito Octorate.com, cos\u00ec come il resto del mercato, utilizza i cookie, che sono delle brevi stringhe di testo che vengono inviate dal Server del sito al Browser dell\u2019utente\/visitatore del sito e vengono automaticamente salvati sul pc dell\u2019utente\/visitatore. La finalit\u00e0 principale di questi cookie \u00e8 quella di rendere pi\u00f9 fruibile la navigazione del sito e quindi si consiglia di configurare il proprio browser in modo da accettarli.<\/p>\n<!-- \/wp:paragraph -->\n\n<!-- wp:paragraph -->\n<p>Quasi tutti i browser sono impostati per accettare i cookie, tuttavia l\u2019utente\/visitatore pu\u00f2 autonomamente modificare la configurazione del proprio Browser e bloccare i cookie (opt-out). E\u2019 necessario sapere che in caso di blocco dei cookie la fruizione del sito octorate.com e l\u2019utilizzo di alcuni servizi pu\u00f2 risultare molto limitata o impossibile, in particolare di tutti i servizi ai quali si accede attraverso una registrazione.I cookie poi si distinguono in \u201cdi sessione\u201d e \u201cpersistenti\u201d, i primi una volta scaricati vengono poi eliminati alla chiusura del Browser, i secondi invece vengono memorizzati sul disco rigido dell\u2019utente\/visitatore fino alla loro scadenza.<\/p>\n<!-- \/wp:paragraph -->\n\n<!-- wp:heading {\"level\":3} -->\n<h3><strong>cookie policy<\/strong><\/h3>\n<!-- \/wp:heading -->\n\n<!-- wp:paragraph -->\n<p>I cookie persistenti vengono utilizzati principalmente per facilitare la navigazione del sito, per capire quali sezioni del sito hanno generato un certo numero di pagine e utenti e anche per l\u2019erogazione dei formati pubblicitari. In relazione ai messaggi pubblicitari Octorate.com, come la maggior parte dei siti concorrenti, utilizza cookie generati da altri siti per erogare i formati pubblicitari. Questi cookie possono sempre essere disattivati (opt-out) anche quando sono anonimi, cio\u00e8 non raccolgono informazioni personali che possono portare all\u2019identificazione dell\u2019utente (p.es. l\u2019indirizzo IP). A questo proposito si sottolinea che i dati di browser eventualmente identificati (personally identifiable information: PII) tramite un cookie non possono far risalire all\u2019utente e non vengono collezionati. I cookie di sessione invece vengono principalmente utilizzati in fase di autenticazione, autorizzazione e navigazione nei servizi ai quali si accede tramite una registrazione. (<a href=\"https:\/\/www.octorate.com\/it\/cookie-policy\/\">Cookie Policy<\/a>)<\/p>\n<!-- \/wp:paragraph -->\n\n<!-- wp:paragraph -->\n<p><strong>Modifiche Informativa sulla Privacy<\/strong><br>La presente Informativa sulla Privacy pu\u00f2 subire modifiche nel tempo, anche connesse all\u2019eventuale entrata in vigore di nuove normative di settore, all\u2019aggiornamento o erogazione di nuovi servizi ovvero ad intervenute innovazioni tecnologiche, per cui l\u2019utente\/visitatore \u00e8 invitato a consultare periodicamente questa pagina.<\/p>\n<!-- \/wp:paragraph -->","_et_gb_content_width":"","footnotes":""},"_links":{"self":[{"href":"https:\/\/octorate.com\/fr\/wp-json\/wp\/v2\/pages\/59012"}],"collection":[{"href":"https:\/\/octorate.com\/fr\/wp-json\/wp\/v2\/pages"}],"about":[{"href":"https:\/\/octorate.com\/fr\/wp-json\/wp\/v2\/types\/page"}],"author":[{"embeddable":true,"href":"https:\/\/octorate.com\/fr\/wp-json\/wp\/v2\/users\/29"}],"replies":[{"embeddable":true,"href":"https:\/\/octorate.com\/fr\/wp-json\/wp\/v2\/comments?post=59012"}],"version-history":[{"count":16,"href":"https:\/\/octorate.com\/fr\/wp-json\/wp\/v2\/pages\/59012\/revisions"}],"predecessor-version":[{"id":74360,"href":"https:\/\/octorate.com\/fr\/wp-json\/wp\/v2\/pages\/59012\/revisions\/74360"}],"wp:featuredmedia":[{"embeddable":true,"href":"https:\/\/octorate.com\/fr\/wp-json\/wp\/v2\/media\/1948"}],"wp:attachment":[{"href":"https:\/\/octorate.com\/fr\/wp-json\/wp\/v2\/media?parent=59012"}],"curies":[{"name":"wp","href":"https:\/\/api.w.org\/{rel}","templated":true}]}}