{"id":59157,"date":"2024-08-27T09:22:51","date_gmt":"2024-08-27T07:22:51","guid":{"rendered":"https:\/\/octorate.com\/privacy-policy\/"},"modified":"2025-10-03T12:00:58","modified_gmt":"2025-10-03T10:00:58","slug":"privacy-policy","status":"publish","type":"page","link":"https:\/\/octorate.com\/es\/privacy-policy\/","title":{"rendered":"Privacy Policy"},"content":{"rendered":"<p>[et_pb_section fb_built=\u00bb1&#8243; inner_shadow=\u00bbon\u00bb admin_label=\u00bbHero\u00bb _builder_version=\u00bb4.24.2&#8243; background_color=\u00bb#000000&#8243; background_enable_image=\u00bboff\u00bb background_position=\u00bbcenter_right\u00bb background_horizontal_offset=\u00bb100%\u00bb background_blend=\u00bbmultiply\u00bb background_enable_pattern_style=\u00bbon\u00bb background_pattern_style=\u00bbdiagonal-stripes-2&#8243; background_pattern_color=\u00bb#141414&#8243; background_pattern_size=\u00bbcustom\u00bb background_pattern_repeat_origin=\u00bbcenter\u00bb background_pattern_blend_mode=\u00bbscreen\u00bb custom_padding=\u00bb||2px|||\u00bb global_colors_info=\u00bb{}\u00bb][et_pb_row _builder_version=\u00bb4.16&#8243; custom_padding=\u00bb|||0px||\u00bb global_colors_info=\u00bb{}\u00bb][et_pb_column type=\u00bb4_4&#8243; _builder_version=\u00bb4.16&#8243; custom_padding=\u00bb||60px|\u00bb global_colors_info=\u00bb{}\u00bb custom_padding__hover=\u00bb|||\u00bb][et_pb_text _builder_version=\u00bb4.16&#8243; text_font=\u00bbOpen Sans|600|||||||\u00bb text_line_height=\u00bb1.8em\u00bb header_font=\u00bbPoppins||||||||\u00bb header_font_size=\u00bb36px\u00bb header_line_height=\u00bb1.4em\u00bb background_layout=\u00bbdark\u00bb custom_margin=\u00bb||||false|false\u00bb global_colors_info=\u00bb{}\u00bb]<\/p>\n<h1><b>PRIVACY POLICY<\/b><\/h1>\n<p>[\/et_pb_text][\/et_pb_column][\/et_pb_row][\/et_pb_section][et_pb_section fb_built=\u00bb1&#8243; _builder_version=\u00bb4.16&#8243; _module_preset=\u00bbdefault\u00bb global_colors_info=\u00bb{}\u00bb][et_pb_row _builder_version=\u00bb4.16&#8243; _module_preset=\u00bbdefault\u00bb global_colors_info=\u00bb{}\u00bb][et_pb_column type=\u00bb4_4&#8243; _builder_version=\u00bb4.16&#8243; _module_preset=\u00bbdefault\u00bb global_colors_info=\u00bb{}\u00bb][et_pb_text _builder_version=\u00bb4.24.2&#8243; _module_preset=\u00bbdefault\u00bb global_colors_info=\u00bb{}\u00bb]<\/p>\n<p>Informaci\u00f3n sobre el tratamiento de datos personales conforme al Reglamento UE 679\/2016 (GDPR)<\/p>\n<p>Le informamos, de acuerdo con el art. 13 del Reglamento UE 679\/2016 (GDPR), que nuestra empresa proceder\u00e1 al tratamiento de los datos personales que usted nos proporcione, respetando la normativa sobre protecci\u00f3n de datos personales y cumpliendo con las obligaciones y garant\u00edas previstas por las normas legales, contractuales y reglamentarias.<\/p>\n<p>Esta Pol\u00edtica de Privacidad describe las pol\u00edticas de Octorate S.r.l., Via Filippo Caruso, 23, 00173 Roma, Italia, email: legal@octorate.com, tel\u00e9fono: +39 06 4542 0568, en relaci\u00f3n con la recopilaci\u00f3n, uso y divulgaci\u00f3n de su informaci\u00f3n cuando utiliza nuestro sitio web https:\/\/octorate.com (el \u201cServicio\u201d). Al acceder o utilizar el Servicio, usted consiente la recopilaci\u00f3n, uso y divulgaci\u00f3n de su informaci\u00f3n de acuerdo con esta Pol\u00edtica. Si no est\u00e1 de acuerdo, le rogamos que no utilice el Servicio.<\/p>\n<p>Los datos personales que nos proporcione se recopilan para los siguientes fines:<\/p>\n<p>prestaci\u00f3n de los servicios solicitados y gesti\u00f3n de posibles reclamaciones y\/o controversias;<br \/>env\u00edo de comunicaciones comerciales relacionadas con productos, servicios o iniciativas del Editor y\/o de sus socios comerciales o de empresas terceras; actividades de ventas y colocaci\u00f3n directas e indirectas; evaluaciones de la satisfacci\u00f3n del cliente con respecto a la calidad de los servicios prestados; realizaci\u00f3n de estudios y encuestas estad\u00edsticas y de mercado. La falta, parcial o incorrecta, de sus datos podr\u00eda dar lugar a la imposibilidad de prestarle los servicios solicitados.<br \/>Los tratamientos mencionados en los puntos 1 y 2 anteriores podr\u00e1n realizarse por medios inform\u00e1ticos o manuales con procedimientos que garanticen el cumplimiento de las disposiciones normativas vigentes.<br \/>Dentro de nuestra organizaci\u00f3n, los datos podr\u00e1n ser conocidos solo por personas espec\u00edficamente autorizadas e instruidas.<\/p>\n<p>El responsable del tratamiento es Octorate S.r.l. Para obtener informaci\u00f3n relacionada con el tratamiento de datos personales realizado por el Responsable, as\u00ed como para ejercer los derechos de los interesados (seg\u00fan los art\u00edculos 15-22 del Reglamento UE 679\/2016 \u201cGDPR\u201d), le invitamos a utilizar la direcci\u00f3n de correo electr\u00f3nico dedicada: <a href=\"mailto:privacy@octorate.com\">privacy@octorate.com<\/a>. Tambi\u00e9n puede ponerse en contacto con nuestro Delegado de Protecci\u00f3n de Datos (DPO) para ejercer sus derechos y\/o para cualquier aclaraci\u00f3n sobre la protecci\u00f3n de datos personales, a trav\u00e9s de la siguiente direcci\u00f3n: <a href=\"mailto:DPO@octorate.com\">DPO@octorate.com<\/a>.<\/p>\n<p>El interesado podr\u00e1, en cualquier momento, ejercer los derechos previstos por el Reglamento UE.<\/p>\n<p>Para ejercer los derechos previstos por el Reglamento UE (art. 15 Derecho de acceso; art. 16 Rectificaci\u00f3n; art. 17 Cancelaci\u00f3n), deber\u00e1 escribir a legal@octorate.com.<\/p>\n<p>Se informa que, por razones t\u00e9cnicas, el tiempo necesario para la posible eliminaci\u00f3n de sus datos personales del archivo ser\u00e1 de un m\u00e1ximo de 5 d\u00edas h\u00e1biles.<\/p>\n<p>&nbsp;<\/p>\n<h3>Datos Recopilados<\/h3>\n<p>Recopilaremos y trataremos los siguientes datos personales:<\/p>\n<p>&#8211; Nombre<br \/>&#8211; Email<br \/>&#8211; N\u00famero de tel\u00e9fono<br \/>&#8211; Fecha de nacimiento<br \/>&#8211; Direcci\u00f3n<br \/>&#8211; Direcci\u00f3n laboral<br \/>&#8211; Informaci\u00f3n de pago<\/p>\n<p>&nbsp;<\/p>\n<h3>Finalidad del Tratamiento<\/h3>\n<p>Utilizamos los datos recopilados para los siguientes fines:<\/p>\n<p>&#8211; Marketing\/Promociones<br \/>&#8211; Creaci\u00f3n de cuenta de usuario<br \/>&#8211; Recopilaci\u00f3n de opiniones<br \/>&#8211; Soporte al cliente<br \/>&#8211; Gesti\u00f3n de informaci\u00f3n administrativa<br \/>&#8211; Publicidad dirigida<br \/>&#8211; Protecci\u00f3n del sitio<br \/>&#8211; Gesti\u00f3n de la cuenta de usuario<br \/>En caso de usos adicionales, solicitaremos su consentimiento y trataremos los datos solo para los fines para los cuales haya dado su consentimiento, salvo que exista una obligaci\u00f3n legal diferente.<\/p>\n<p>&nbsp;<\/p>\n<h3>Compartici\u00f3n de Datos<\/h3>\n<p>No transferiremos sus datos personales a terceros sin su consentimiento. Los terceros a quienes transferimos los datos est\u00e1n obligados a utilizarlos exclusivamente para los fines para los cuales fueron transferidos y a no conservarlos m\u00e1s all\u00e1 del tiempo necesario para dichos fines.<\/p>\n<p>Tambi\u00e9n podemos divulgar sus datos para: (1) cumplir con las leyes aplicables; (2) hacer cumplir nuestros acuerdos; o (3) responder a reclamaciones de que su uso del Servicio infringe los derechos de terceros.<\/p>\n<p>En caso de fusi\u00f3n o adquisici\u00f3n de nuestra empresa, sus datos ser\u00e1n transferidos al nuevo propietario.<\/p>\n<p>&nbsp;<\/p>\n<h3>Conservaci\u00f3n de Datos<\/h3>\n<p>Conservaremos sus datos mientras sea necesario para los fines para los cuales fueron recopilados. Podemos conservar algunos datos durante m\u00e1s tiempo debido a obligaciones legales o por intereses leg\u00edtimos, como la prevenci\u00f3n del fraude. El interesado podr\u00e1, en cualquier momento, ejercer los derechos previstos por el Reglamento UE.<\/p>\n<p>&nbsp;<\/p>\n<h3>Sus Derechos<\/h3>\n<p>De acuerdo con la legislaci\u00f3n aplicable, usted tiene derecho a acceder, rectificar o eliminar sus datos personales, solicitar la limitaci\u00f3n del tratamiento, oponerse al tratamiento, solicitar la portabilidad de los datos o retirar su consentimiento para el tratamiento. Puede ejercer estos derechos escribiendo a legal@octorate.com.<\/p>\n<p>&nbsp;<\/p>\n<h3>Cookies y Tecnolog\u00edas de Seguimiento<\/h3>\n<p>Para obtener m\u00e1s informaci\u00f3n sobre el uso de cookies y sus opciones de gesti\u00f3n, consulte nuestra Pol\u00edtica de Cookies.<\/p>\n<p>&nbsp;<\/p>\n<h3>Seguridad<\/h3>\n<p>Adoptamos medidas de seguridad razonables para proteger sus datos, pero no podemos garantizar una seguridad absoluta debido a los riesgos inherentes a la transmisi\u00f3n de datos en l\u00ednea. Transmita la informaci\u00f3n bajo su propio riesgo.<\/p>\n<p>&nbsp;<\/p>\n<h3>Enlaces a Terceros<\/h3>\n<p class=\"p1\">Nuestro Servicio puede contener enlaces a otros sitios no gestionados por nosotros. Esta Pol\u00edtica no se aplica a dichos sitios. Le recomendamos leer las respectivas pol\u00edticas de privacidad.<\/p>\n<h3><strong><\/strong><\/h3>\n<h3><strong><\/strong><\/h3>\n<h3>Cambios en la Pol\u00edtica de Privacidad<\/h3>\n<p>Esta Pol\u00edtica de Privacidad puede modificarse con el tiempo, incluso en relaci\u00f3n con la entrada en vigor de nuevas normativas sectoriales, la actualizaci\u00f3n o prestaci\u00f3n de nuevos servicios o innovaciones tecnol\u00f3gicas, por lo que el usuario\/visitante est\u00e1 invitado a consultar peri\u00f3dicamente esta p\u00e1gina.<\/p>\n<p>[\/et_pb_text][\/et_pb_column][\/et_pb_row][\/et_pb_section]<\/p>\n","protected":false},"excerpt":{"rendered":"<p>Explora la Pol\u00edtica de Privacidad de Octorate: transparencia en la recopilaci\u00f3n, uso y protecci\u00f3n de tus datos personales para garantizarte seguridad y privacidad.<\/p>\n","protected":false},"author":29,"featured_media":1950,"parent":0,"menu_order":0,"comment_status":"closed","ping_status":"closed","template":"","meta":{"_et_pb_use_builder":"on","_et_pb_old_content":"<!-- wp:paragraph -->\n<p>La piattaforma \u00e8 un servizio di www.Octorate.com Octorate con sede in Via Filippo Caruso, 23, 00173, Roma.<\/p>\n<!-- \/wp:paragraph -->\n\n<!-- wp:paragraph -->\n<p><strong>Sito web:<\/strong>&nbsp;<a href=\"https:\/\/www.octorate.com\/\" target=\"_blank\" rel=\"noreferrer noopener\">www.Octorate.com<\/a><\/p>\n<!-- \/wp:paragraph -->\n\n<!-- wp:paragraph -->\n<p>Octorate Srl (di seguito OR) \u00e8 un Booking Engine, Channel Manager, PMS e OctoSite dedicati alle strutture ricettive (alberghi, residence, ecc \u2026), per l\u2019attuazione in tempo reale le prenotazioni online originati sul sito del proprietario.<\/p>\n<!-- \/wp:paragraph -->\n\n<!-- wp:paragraph -->\n<p><strong>Le prenotazioni originate da OR sono completamente gratuite; nessuna commissione sulle transazioni \u00e8 richiesto.<\/strong><br>Questo sistema offre ai proprietari delle strutture ricettive la possibilit\u00e0 di configurare gli orari di prenotazione e le varie tariffe piani per le prenotazioni online.<\/p>\n<!-- \/wp:paragraph -->\n\n<!-- wp:paragraph -->\n<p>Nota: i servizi offerti dalla OR sono caratterizzati da una tecnologia in continua evoluzione.<\/p>\n<!-- \/wp:paragraph -->\n\n<!-- wp:paragraph -->\n<p>OR si riserva il diritto di apportare modifiche ai servizi offerti a propria discrezione e in qualsiasi momento, se ritenuto necessario, e ogni volta che i cambiamenti tecnologici; queste modifiche sarebbero coinvolgano i servizi e il modo in cui questi servizi vengono offerti al cliente, il nostro obiettivo \u00e8 un miglioramento continuo e l\u2019ottimizzazione dei servizi forniti.<\/p>\n<!-- \/wp:paragraph -->\n\n<!-- wp:heading {\"level\":3} -->\n<h3>LINK:<\/h3>\n<!-- \/wp:heading -->\n\n<!-- wp:paragraph -->\n<p>L\u2019utilizzo del software di prenotazione online e la sua integrazione nel sito web della struttura avviene attivando un link che verr\u00e0 fornito al momento della registrazione e della configurazione di detto sito.<\/p>\n<!-- \/wp:paragraph -->\n\n<!-- wp:paragraph -->\n<p>OR creer\u00e0 una pagina per la prenotazione on-line per ogni abbonato.<\/p>\n<!-- \/wp:paragraph -->\n\n<!-- wp:paragraph -->\n<p>Non sarebbe necessario modificare mai pi\u00f9, o installare software aggiuntivo.<\/p>\n<!-- \/wp:paragraph -->\n\n<!-- wp:heading {\"level\":3} -->\n<h3>DATA ENTRY:<\/h3>\n<!-- \/wp:heading -->\n\n<!-- wp:paragraph -->\n<p>Il rappresentante della struttura ricettiva \u00e8 responsabile per l\u2019immissione di dati in linea (tariffe, orari di prenotazione, ecc). Il programma di auto-gestione \u00e8 accessibile 24 ore al giorno via internet subordinata alla disponibilit\u00e0 di tale servizio offerto al cliente da parte del provider di servizi Internet.<\/p>\n<!-- \/wp:paragraph -->\n\n<!-- wp:paragraph -->\n<p>Il nome utente e la password necessari per accedere al sistema di gestione saranno scelti dalla persona che rappresenta la struttura ricettiva, persona che avr\u00e0 il compito di assicurare la riservatezza e per non divulgare tali informazioni a terzi.<\/p>\n<!-- \/wp:paragraph -->\n\n<!-- wp:heading {\"level\":3} -->\n<h3>SISTEMA DI PRENOTAZIONE<\/h3>\n<!-- \/wp:heading -->\n\n<!-- wp:paragraph -->\n<p>Le prenotazioni vengono effettuate interamente online attraverso un server sicuro SSL, sulla base dei dati precedentemente immessi nel sistema dalla struttura ricettiva che si assume la totale responsabilit\u00e0 per l\u2019accuratezza delle informazioni.<\/p>\n<!-- \/wp:paragraph -->\n\n<!-- wp:paragraph -->\n<p>Il cliente e la struttura ricettiva sono le uniche parti del contratto; ogni parte ricever\u00e0 una conferma della prenotazione in tempo reale via e-mail.<br>Evidentemente, OR&nbsp;non agisce come intermediario; esso fornisce solo il software che permette la prenotazione on-line.<\/p>\n<!-- \/wp:paragraph -->\n\n<!-- wp:heading {\"level\":3} -->\n<h3>CARTA DI CREDITO<\/h3>\n<!-- \/wp:heading -->\n\n<!-- wp:paragraph -->\n<p>Si noti che al momento della prenotazione on line nessun pagamento \u00e8 effettuato; la carta di credito viene utilizzato esclusivamente come un mezzo per garantire la prenotazione on-line. La carta di credito \u00e8 controllato solo per quanto riguarda la validit\u00e0 del dato insieme di numeri attraverso il cosiddetto algoritmo Luhn. OR non garantisce l\u2019autenticit\u00e0 di detta carta di credito memorizzata nei suoi server e criptati e non possono essere decodificati da OR in conformit\u00e0 con gli standard di sicurezza PCI-DSS.<\/p>\n<!-- \/wp:paragraph -->\n\n<!-- wp:paragraph -->\n<p>La successiva ricarica delle carte di credito dei clienti \u00e8 pienamente la responsabilit\u00e0 della struttura ricettiva.<br>Non agire come intermediario OR \u00e8 completamente sollevato di eventuali controversie tra la struttura ricettiva e dei suoi clienti.<\/p>\n<!-- \/wp:paragraph -->\n\n<!-- wp:heading {\"level\":3} -->\n<h3>CHANNEL MANAGER<\/h3>\n<!-- \/wp:heading -->\n\n<!-- wp:paragraph -->\n<p>Nonostante OR&nbsp;fornisca questo servizio utilizzando tecnologie affidabili e mantenga un costante monitoraggio e aggiornamento delle stesse e considerato che i servizi sono caratterizzati da una tecnologia in continua evoluzione,&nbsp;la struttura ricettiva \u00e8 tenuta a verificare il corretto aggiornamento e allineamento dei portali connessi.<br>OR&nbsp;non \u00e8 responsabile di eventuali overbooking della struttura ricettiva, di mancati aggiornamenti dei portali e di mancati guadagni.<\/p>\n<!-- \/wp:paragraph -->\n\n<!-- wp:heading {\"level\":3} -->\n<h3>SISTEMI DI PAGAMENTO<\/h3>\n<!-- \/wp:heading -->\n\n<!-- wp:paragraph -->\n<p>OR fornisce il servizio di integrazione con diversi payment gateway e partner per la gestione dei pagamenti. Il servizio offerto da OR \u00e8 esclusivamente tecnico e riguarda la connessione con i sistemi suddetti. OR non interagisce in alcun modo con gli organi istituzionali di pagamento e non effettua intermediazioni bancarie, non \u00e8 pertanto responsabile di eventuali contestazioni e mancati\/o errati accrediti di importi legati alle prenotazioni e ai servizi offerti dall\u2019utilizzatore.<br>Il responsabile dei servizi di incasso e pagamento e il relativo supporto in merito alle contestazioni deve essere fornito dal partner scelto per la gestione dei pagamenti.<\/p>\n<!-- \/wp:paragraph -->\n\n<!-- wp:heading {\"level\":3} -->\n<h3>SERVIZIO ALLOGGIATI POLIZIA DI STATO E ISTAT<\/h3>\n<!-- \/wp:heading -->\n\n<!-- wp:paragraph -->\n<p>OR fornisce il servizio per la creazione e l\u2019invio delle schedine alloggiati per il portale web della Polizia di Stato e per la raccolta dati ISTAT. OR fornisce il servizio utilizzando tecnologie affidabili, monitorando il funzionamento e aggiornando costantemente i sistemi. Considerato il cambiamento costante e continuo delle procedure e delle normative degli organi vigenti, OR \u00e8 impossibilitata a garantire il corretto invio delle schedine alloggiati e dei dati ISTAT agli organi preposti secondo le tempistiche richieste. \u00c8 responsabilit\u00e0 dell\u2019utilizzatore verificare il corretto invio della documentazione tramite OR oppure provvedere tramite i canali ufficiali.<\/p>\n<!-- \/wp:paragraph -->\n\n<!-- wp:heading {\"level\":3} -->\n<h3>DURATA DEL CONTRATTO<\/h3>\n<!-- \/wp:heading -->\n\n<!-- wp:paragraph -->\n<p>Il contratto diventa efficace al momento della registrazione e ha una validit\u00e0 illimitata. La cancellazione \u00e8 possibile in qualsiasi momento per entrambe le parti. All\u2019interno della sezione \u201cUpgrade\u201d l\u2019utente pu\u00f2 disattivare autonomamente uno o tutti i servizi che compongono la piattaforma.<\/p>\n<!-- \/wp:paragraph -->\n\n<!-- wp:heading {\"level\":3} -->\n<h3>GIURISDIZIONE<\/h3>\n<!-- \/wp:heading -->\n\n<!-- wp:paragraph -->\n<p>Il presente contratto deve intendersi interpretato e regolato in conformit\u00e0 con la Legge Italiana. Per tutto quanto non espressamente regolato dal presente contratto, troveranno applicazione le disposizioni del Codice<\/p>\n<!-- \/wp:paragraph -->\n\n<!-- wp:paragraph -->\n<p>Civile in materia. Per qualsiasi controversia relativa all\u2019interpretazione e\/o esecuzione del presente contratto sar\u00e0 competente in via esclusiva il Foro di Roma<\/p>\n<!-- \/wp:paragraph -->\n\n<!-- wp:heading {\"level\":3} -->\n<h3>INFORMAZIONI RIGUARDANTI IL TRATTAMENTO DEI DATI<\/h3>\n<!-- \/wp:heading -->\n\n<!-- wp:heading -->\n<h2><strong>Informativa sulla Privacy<\/strong><\/h2>\n<!-- \/wp:heading -->\n\n<!-- wp:paragraph -->\n<p>Informativa circa il trattamento dei dati personali ai sensi del Regolamento UE 679\/2016 (GDPR)<\/p>\n<!-- \/wp:paragraph -->\n\n<!-- wp:paragraph -->\n<p>La informiamo, ai sensi dell\u2019art. 13 del Regolamento UE 679\/2016(GDPR), che la nostra societ\u00e0 proceder\u00e0 al trattamento dei dati personali da Lei forniti nel rispetto della normativa in materia di tutela del trattamento dei dati personali e nel rispetto degli obblighi e delle garanzie delle norme di legge, contrattuali e regolamentari.I dati personali da Lei forniti sono raccolti per le seguenti finalit\u00e0: 1) erogazione dei servizi richiesti e gestione di eventuali reclami e\/o contenziosi;<br>2) invio di comunicazioni commerciali relative a prodotti, servizi o iniziative dell\u2019Editore e\/o di suoi partner commerciali o di societ\u00e0 terze; attivit\u00e0 di vendite e di collocamento dirette ed indirette; rilevazioni del grado di soddisfazione della clientela sulla qualit\u00e0 dei servizi forniti; effettuazione di studi e ricerche statistiche e di mercato. Il mancato, parziale o inesatto conferimento dei Suoi dati potrebbe avere come conseguenza l\u2019impossibilit\u00e0 di fornirLe i servizi richiesti.<\/p>\n<!-- \/wp:paragraph -->\n\n<!-- wp:paragraph -->\n<p>I trattamenti di cui ai precedenti punti 1 e 2 potranno essere eseguiti con modalit\u00e0 informatiche o manuali con procedure tali da garantirne la conformit\u00e0 alle disposizioni normative vigenti in materia.All\u2019interno della nostra organizzazione i dati potranno essere conosciuti solo da soggetti specificatamente autorizzati e istruiti.<\/p>\n<!-- \/wp:paragraph -->\n\n<!-- wp:paragraph -->\n<p>Titolare del trattamento \u00e8 la societ\u00e0 Octorate Srl con sede in Via Filippo Caruso,23 Roma (Italia).<\/p>\n<!-- \/wp:paragraph -->\n\n<!-- wp:paragraph -->\n<p>L\u2019interessato potr\u00e0 in qualsiasi momento esercitare i diritti previsti dal Regolamento UE.Per esercitare i diritti previsti dal Regolamento UE (art. 15 Diritto di accesso; art.16 Rettifica; art. 17 Cancellazione) dovr\u00e0 scrivere a tech@octorate.com<\/p>\n<!-- \/wp:paragraph -->\n\n<!-- wp:paragraph -->\n<p>Si informa che, per ragioni tecniche, i tempi necessari per l\u2019eventuale cancellazione dei Suoi dati personali dall\u2019archivio&nbsp; saranno al massimo di 5 giorni lavorativi.<\/p>\n<!-- \/wp:paragraph -->\n\n<!-- wp:paragraph -->\n<p>Il sito Octorate.com, cos\u00ec come il resto del mercato, utilizza i cookie, che sono delle brevi stringhe di testo che vengono inviate dal Server del sito al Browser dell\u2019utente\/visitatore del sito e vengono automaticamente salvati sul pc dell\u2019utente\/visitatore. La finalit\u00e0 principale di questi cookie \u00e8 quella di rendere pi\u00f9 fruibile la navigazione del sito e quindi si consiglia di configurare il proprio browser in modo da accettarli.<\/p>\n<!-- \/wp:paragraph -->\n\n<!-- wp:paragraph -->\n<p>Quasi tutti i browser sono impostati per accettare i cookie, tuttavia l\u2019utente\/visitatore pu\u00f2 autonomamente modificare la configurazione del proprio Browser e bloccare i cookie (opt-out). E\u2019 necessario sapere che in caso di blocco dei cookie la fruizione del sito octorate.com e l\u2019utilizzo di alcuni servizi pu\u00f2 risultare molto limitata o impossibile, in particolare di tutti i servizi ai quali si accede attraverso una registrazione.I cookie poi si distinguono in \u201cdi sessione\u201d e \u201cpersistenti\u201d, i primi una volta scaricati vengono poi eliminati alla chiusura del Browser, i secondi invece vengono memorizzati sul disco rigido dell\u2019utente\/visitatore fino alla loro scadenza.<\/p>\n<!-- \/wp:paragraph -->\n\n<!-- wp:heading {\"level\":3} -->\n<h3><strong>cookie policy<\/strong><\/h3>\n<!-- \/wp:heading -->\n\n<!-- wp:paragraph -->\n<p>I cookie persistenti vengono utilizzati principalmente per facilitare la navigazione del sito, per capire quali sezioni del sito hanno generato un certo numero di pagine e utenti e anche per l\u2019erogazione dei formati pubblicitari. In relazione ai messaggi pubblicitari Octorate.com, come la maggior parte dei siti concorrenti, utilizza cookie generati da altri siti per erogare i formati pubblicitari. Questi cookie possono sempre essere disattivati (opt-out) anche quando sono anonimi, cio\u00e8 non raccolgono informazioni personali che possono portare all\u2019identificazione dell\u2019utente (p.es. l\u2019indirizzo IP). A questo proposito si sottolinea che i dati di browser eventualmente identificati (personally identifiable information: PII) tramite un cookie non possono far risalire all\u2019utente e non vengono collezionati. I cookie di sessione invece vengono principalmente utilizzati in fase di autenticazione, autorizzazione e navigazione nei servizi ai quali si accede tramite una registrazione. (<a href=\"https:\/\/www.octorate.com\/it\/cookie-policy\/\">Cookie Policy<\/a>)<\/p>\n<!-- \/wp:paragraph -->\n\n<!-- wp:paragraph -->\n<p><strong>Modifiche Informativa sulla Privacy<\/strong><br>La presente Informativa sulla Privacy pu\u00f2 subire modifiche nel tempo, anche connesse all\u2019eventuale entrata in vigore di nuove normative di settore, all\u2019aggiornamento o erogazione di nuovi servizi ovvero ad intervenute innovazioni tecnologiche, per cui l\u2019utente\/visitatore \u00e8 invitato a consultare periodicamente questa pagina.<\/p>\n<!-- \/wp:paragraph -->","_et_gb_content_width":"","footnotes":""},"_links":{"self":[{"href":"https:\/\/octorate.com\/es\/wp-json\/wp\/v2\/pages\/59157"}],"collection":[{"href":"https:\/\/octorate.com\/es\/wp-json\/wp\/v2\/pages"}],"about":[{"href":"https:\/\/octorate.com\/es\/wp-json\/wp\/v2\/types\/page"}],"author":[{"embeddable":true,"href":"https:\/\/octorate.com\/es\/wp-json\/wp\/v2\/users\/29"}],"replies":[{"embeddable":true,"href":"https:\/\/octorate.com\/es\/wp-json\/wp\/v2\/comments?post=59157"}],"version-history":[{"count":12,"href":"https:\/\/octorate.com\/es\/wp-json\/wp\/v2\/pages\/59157\/revisions"}],"predecessor-version":[{"id":74364,"href":"https:\/\/octorate.com\/es\/wp-json\/wp\/v2\/pages\/59157\/revisions\/74364"}],"wp:featuredmedia":[{"embeddable":true,"href":"https:\/\/octorate.com\/es\/wp-json\/wp\/v2\/media\/1950"}],"wp:attachment":[{"href":"https:\/\/octorate.com\/es\/wp-json\/wp\/v2\/media?parent=59157"}],"curies":[{"name":"wp","href":"https:\/\/api.w.org\/{rel}","templated":true}]}}