{"id":2706,"date":"2020-12-08T21:15:13","date_gmt":"2020-12-08T20:15:13","guid":{"rendered":"http:\/\/www2.octorate.com\/wordpress\/news\/"},"modified":"2023-06-27T11:33:28","modified_gmt":"2023-06-27T09:33:28","slug":"news","status":"publish","type":"page","link":"https:\/\/octorate.com\/es\/news\/","title":{"rendered":"News"},"content":{"rendered":"<p>[et_pb_section fb_built=\u00bb1&#8243; _builder_version=\u00bb4.16&#8243; _module_preset=\u00bbdefault\u00bb background_image=\u00bbhttps:\/\/octorate.com\/wordpress\/wp-content\/uploads\/2022\/02\/sfondo-home-octorate.webp\u00bb custom_padding=\u00bb50px||||false|false\u00bb locked=\u00bboff\u00bb global_colors_info=\u00bb{}\u00bb][et_pb_row make_equal=\u00bbon\u00bb _builder_version=\u00bb4.16&#8243; _module_preset=\u00bbdefault\u00bb custom_css_main_element=\u00bbalign-items:center\u00bb global_colors_info=\u00bb{}\u00bb][et_pb_column type=\u00bb4_4&#8243; _builder_version=\u00bb4.16&#8243; _module_preset=\u00bbdefault\u00bb global_colors_info=\u00bb{}\u00bb][et_pb_text _builder_version=\u00bb4.16&#8243; _module_preset=\u00bbdefault\u00bb header_text_color=\u00bb#FFFFFF\u00bb header_font_size=\u00bb3.5em\u00bb custom_margin=\u00bb||-1px|||\u00bb header_font_size_tablet=\u00bb3.5em\u00bb header_font_size_phone=\u00bb2em\u00bb header_font_size_last_edited=\u00bbon|phone\u00bb global_colors_info=\u00bb{}\u00bb]<\/p>\n<h1>Noticias, art\u00edculos et estudios especificos para hoteleros et proprietarios de alquiler vacacional\u00a0<\/h1>\n<p>[\/et_pb_text][et_pb_text _builder_version=\u00bb4.16&#8243; _module_preset=\u00bbdefault\u00bb text_font_size=\u00bb1.7em\u00bb text_line_height=\u00bb1.1em\u00bb header_font=\u00bb|700|||||||\u00bb header_font_size=\u00bb3em\u00bb background_layout=\u00bbdark\u00bb custom_padding=\u00bb19px|||||\u00bb text_font_size_tablet=\u00bb1.7em\u00bb text_font_size_phone=\u00bb1.3em\u00bb text_font_size_last_edited=\u00bbon|phone\u00bb text_text_shadow_style=\u00bbpreset2&#8243; locked=\u00bboff\u00bb global_colors_info=\u00bb{}\u00bb]<\/p>\n<p>Bienvenidos al blog de Octorate<\/p>\n<p>[\/et_pb_text][\/et_pb_column][\/et_pb_row][\/et_pb_section][et_pb_section fb_built=\u00bb1&#8243; _builder_version=\u00bb4.16&#8243; _module_preset=\u00bbdefault\u00bb global_colors_info=\u00bb{}\u00bb][et_pb_row column_structure=\u00bb1_2,1_2&#8243; _builder_version=\u00bb4.18.0&#8243; _module_preset=\u00bbdefault\u00bb locked=\u00bboff\u00bb global_colors_info=\u00bb{}\u00bb][et_pb_column type=\u00bb1_2&#8243; _builder_version=\u00bb4.18.0&#8243; _module_preset=\u00bbdefault\u00bb global_colors_info=\u00bb{}\u00bb][et_pb_image src=\u00bbhttps:\/\/octorate.com\/wordpress\/wp-content\/uploads\/2023\/06\/Spagnolo.webp\u00bb alt=\u00bbLos 100 Mejores Sitios para Alquiler Vacacional\u00bb title_text=\u00bbSpagnolo\u00bb url=\u00bbhttps:\/\/octorate.com\/booking-ranking\/\u00bb _builder_version=\u00bb4.21.0&#8243; _module_preset=\u00bbdefault\u00bb hover_enabled=\u00bb0&#8243; global_colors_info=\u00bb{}\u00bb border_radii=\u00bbon|15px|15px|15px|15px\u00bb sticky_enabled=\u00bb0&#8243;][\/et_pb_image][\/et_pb_column][et_pb_column type=\u00bb1_2&#8243; _builder_version=\u00bb4.18.0&#8243; _module_preset=\u00bbdefault\u00bb global_colors_info=\u00bb{}\u00bb][et_pb_text _builder_version=\u00bb4.18.0&#8243; text_font=\u00bbOpen Sans||||||||\u00bb text_line_height=\u00bb1.8em\u00bb header_font=\u00bb||||||||\u00bb header_2_font=\u00bbPoppins||||||||\u00bb header_2_font_size=\u00bb28px\u00bb header_2_line_height=\u00bb1.3em\u00bb header_3_font=\u00bb||||||||\u00bb header_3_text_align=\u00bbleft\u00bb header_3_text_color=\u00bb#222222&#8243; header_3_font_size=\u00bb2em\u00bb text_orientation=\u00bbcenter\u00bb module_alignment=\u00bbcenter\u00bb custom_margin=\u00bb||-2px|||\u00bb custom_padding=\u00bb||11px|||\u00bb header_3_font_size_tablet=\u00bb2em\u00bb header_3_font_size_phone=\u00bb1.5em\u00bb header_3_font_size_last_edited=\u00bbon|phone\u00bb header_3_line_height_tablet=\u00bb\u00bb header_3_line_height_phone=\u00bb1.2em\u00bb header_3_line_height_last_edited=\u00bbon|phone\u00bb locked=\u00bboff\u00bb global_colors_info=\u00bb{}\u00bb]<\/p>\n<h3>Descubra cu\u00e1les son los 100 mejores sitios para alquiler vacacional<\/h3>\n<p>[\/et_pb_text][et_pb_button button_url=\u00bbhttps:\/\/form.jotform.com\/231764955153361&#8243; url_new_window=\u00bbon\u00bb button_text=\u00bbdescargar la lista completa\u00bb button_alignment=\u00bbleft\u00bb _builder_version=\u00bb4.21.0&#8243; _module_preset=\u00bbdefault\u00bb button_text_color=\u00bb#FFFFFF\u00bb button_bg_use_color_gradient=\u00bbon\u00bb button_bg_color_gradient_direction=\u00bb90deg\u00bb button_bg_color_gradient_stops=\u00bb#ff5000 0%|#e09900 100%\u00bb button_bg_color_gradient_start=\u00bb#ff5000&#8243; button_bg_color_gradient_end=\u00bb#e09900&#8243; button_border_width=\u00bb0px\u00bb button_border_radius=\u00bb5px\u00bb button_font=\u00bb|700|||||||\u00bb button_use_icon=\u00bboff\u00bb transform_translate=\u00bb0px|6px\u00bb transform_origin=\u00bb50%|100%\u00bb custom_margin=\u00bb-12px|0px|0px|0px|false|false\u00bb custom_padding=\u00bb1em|1.5em|1em|1.5em|true|false\u00bb hover_enabled=\u00bb0&#8243; locked=\u00bboff\u00bb global_colors_info=\u00bb{}\u00bb transform_styles__hover_enabled=\u00bboff|desktop\u00bb transform_scale__hover_enabled=\u00bboff|desktop\u00bb transform_translate__hover_enabled=\u00bboff|desktop\u00bb transform_rotate__hover_enabled=\u00bboff|desktop\u00bb transform_skew__hover_enabled=\u00bboff|desktop\u00bb transform_origin__hover_enabled=\u00bboff|desktop\u00bb transform_scale__hover=\u00bb110%|110%\u00bb transform_translate__hover=\u00bb0px|6px\u00bb transform_origin__hover=\u00bb50%|100%\u00bb sticky_enabled=\u00bb0&#8243;][\/et_pb_button][\/et_pb_column][\/et_pb_row][et_pb_row column_structure=\u00bb3_4,1_4&#8243; _builder_version=\u00bb4.16&#8243; _module_preset=\u00bbdefault\u00bb locked=\u00bboff\u00bb global_colors_info=\u00bb{}\u00bb][et_pb_column type=\u00bb3_4&#8243; _builder_version=\u00bb4.16&#8243; _module_preset=\u00bbdefault\u00bb global_colors_info=\u00bb{}\u00bb][et_pb_blog fullwidth=\u00bboff\u00bb include_categories=\u00bball\u00bb excerpt_length=\u00bb120&#8243; show_more=\u00bbon\u00bb _builder_version=\u00bb4.16&#8243; _module_preset=\u00bbdefault\u00bb header_text_align=\u00bbleft\u00bb header_font_size=\u00bb2em\u00bb header_line_height=\u00bb1.3em\u00bb meta_font=\u00bb|700|||||||\u00bb read_more_font=\u00bb|700||on|||||\u00bb read_more_line_height=\u00bb4em\u00bb module_alignment=\u00bbcenter\u00bb link_option_url_new_window=\u00bbon\u00bb border_radii=\u00bbon|10px|10px|10px|10px\u00bb box_shadow_style=\u00bbpreset3&#8243; global_colors_info=\u00bb{}\u00bb transform_styles__hover_enabled=\u00bboff|desktop\u00bb transform_scale__hover_enabled=\u00bboff|desktop\u00bb transform_translate__hover_enabled=\u00bboff|desktop\u00bb transform_rotate__hover_enabled=\u00bboff|desktop\u00bb transform_skew__hover_enabled=\u00bboff|desktop\u00bb transform_origin__hover_enabled=\u00bboff|desktop\u00bb transform_scale__hover=\u00bb112%|112%\u00bb][\/et_pb_blog][\/et_pb_column][et_pb_column type=\u00bb1_4&#8243; _builder_version=\u00bb4.16&#8243; _module_preset=\u00bbdefault\u00bb sticky_position=\u00bbtop\u00bb sticky_offset_top=\u00bb20px\u00bb sticky_limit_bottom=\u00bbsection\u00bb global_colors_info=\u00bb{}\u00bb][et_pb_search_posttype button_color=\u00bb#f1f1f1&#8243; include_posttypes=\u00bbon|off|off\u00bb _builder_version=\u00bb4.16&#8243; _module_preset=\u00bbdefault\u00bb button_font=\u00bb||||||||\u00bb button_text_color=\u00bb#000000&#8243; border_radii=\u00bbon|10px|10px|10px|10px\u00bb global_colors_info=\u00bb{}\u00bb][\/et_pb_search_posttype][et_pb_code _builder_version=\u00bb4.19.5&#8243; _module_preset=\u00bbdefault\u00bb text_orientation=\u00bbright\u00bb module_alignment=\u00bbright\u00bb custom_margin=\u00bb||0px|0px|false|false\u00bb custom_padding=\u00bb10%|10%|10%|10%|true|false\u00bb custom_padding_tablet=\u00bb|1em||0px|true|false\u00bb custom_padding_phone=\u00bb\u00bb custom_padding_last_edited=\u00bbon|tablet\u00bb border_radii=\u00bbon|10px|10px|10px|10px\u00bb border_width_all=\u00bb1px\u00bb border_color_all=\u00bb#d9d9d9&#8243; locked=\u00bboff\u00bb global_colors_info=\u00bb{}\u00bb]<\/p>\n<h3 style=\"text-align:center\">Reserva una Demo Gratis<\/h3>\n<p><!-- [et_pb_line_break_holder] --><pee style=\"text-align:left; line-height: 1.6em; font-size: 1em\">Reservas una Demo para averiguar c\u00f3mo Octorate podr\u00eda simplificar la gesti\u00f3n de tu Hotel, Apartamento turistico o casa de vacaciones.<\/pee><!-- [et_pb_line_break_holder] -->  <pee><\/pee><!-- [et_pb_line_break_holder] --><!-- Calendly link widget begin --><!-- [et_pb_line_break_holder] --><\/p>\n<div align=\"center\"><!-- [et_pb_line_break_holder] --><link href=\"https:\/\/assets.calendly.com\/assets\/external\/widget.css\" rel=\"stylesheet\"><!-- [et_pb_line_break_holder] --><script src=\"https:\/\/assets.calendly.com\/assets\/external\/widget.js\" type=\"text\/javascript\"><\/script><!-- [et_pb_line_break_holder] --><a href=\"\" onclick=\"Calendly.initPopupWidget({url: 'https:\/\/calendly.com\/d\/yvx-p84-2vq'});return false;\" style=\"\/* Permalink - use to edit and share this gradient: https:\/\/colorzilla.com\/gradient-editor\/#ff5000+1,e09900+100 *\/<!-- [et_pb_line_break_holder] -->background: #ff5000; \/* Old browsers *\/<!-- [et_pb_line_break_holder] -->background: -moz-linear-gradient(left,  #ff5000 1%, #e09900 100%); \/* FF3.6-15 *\/<!-- [et_pb_line_break_holder] -->background: -webkit-linear-gradient(left,  #ff5000 1%,#e09900 100%); \/* Chrome10-25,Safari5.1-6 *\/<!-- [et_pb_line_break_holder] -->background: linear-gradient(to right,  #ff5000 1%,#e09900 100%); \/* W3C, IE10+, FF16+, Chrome26+, Opera12+, Safari7+ *\/<!-- [et_pb_line_break_holder] -->filter: progid:DXImageTransform.Microsoft.gradient( startColorstr=&#8217;#ff5000&#8242;, endColorstr=&#8217;#e09900&#8242;,GradientType=1 ); \/* IE6-9 *\/<!-- [et_pb_line_break_holder] -->                                                                                                                                               ;    padding: .5em;   color: #fff;    font-weight: 600;    text-transform: uppercase; border-radius: 5px; font-size: 1em\u00bb>DEMO GRATIS<\/a><\/div>\n<p>[\/et_pb_code][et_pb_code _builder_version=\u00bb4.21.0&#8243; _module_preset=\u00bbdefault\u00bb text_orientation=\u00bbright\u00bb module_alignment=\u00bbright\u00bb custom_margin=\u00bb15%|||0px|false|false\u00bb custom_padding=\u00bb10%|10%|10%|10%|true|false\u00bb custom_padding_tablet=\u00bb|1em||0px|true|false\u00bb custom_padding_phone=\u00bb\u00bb custom_padding_last_edited=\u00bbon|tablet\u00bb border_radii=\u00bbon|10px|10px|10px|10px\u00bb border_width_all=\u00bb1px\u00bb border_color_all=\u00bb#d9d9d9&#8243; locked=\u00bboff\u00bb global_colors_info=\u00bb{}\u00bb]<\/p>\n<div align=\"center\"><!-- [et_pb_line_break_holder] --><\/p>\n<h3 style=\"text-align:center\">\u00a1Suscr\u00edbete al bolet\u00edn de noticias de Octorate!<\/h3>\n<p><!-- [et_pb_line_break_holder] --><pee style=\"text-align:left; line-height: 1.6em; font-size: 1em\"><\/pee><!-- [et_pb_line_break_holder] --><pee><!-- [et_pb_line_break_holder] -->  <!-- [et_pb_line_break_holder] --><\/pee><!-- [et_pb_line_break_holder] --><!-- [et_pb_line_break_holder] -->    <a style=\"background: black; padding: .5em;   color: #fff;    font-weight: 600;    text-transform: uppercase; border-radius: 5px; font-size: .85em\"\"<!-- [et_pb_line_break_holder] -->      href=\u00bbjavascript:void(<!-- [et_pb_line_break_holder] -->        window.open(<!-- [et_pb_line_break_holder] -->          &#8216;https:\/\/form.jotform.com\/231443117279354&#8217;,<!-- [et_pb_line_break_holder] -->          &#8216;blank&#8217;,<!-- [et_pb_line_break_holder] -->          &#8216;scrollbars=yes,<!-- [et_pb_line_break_holder] -->          toolbar=no,<!-- [et_pb_line_break_holder] -->          width=700,<!-- [et_pb_line_break_holder] -->          height=500&#8242;<!-- [et_pb_line_break_holder] -->        )<!-- [et_pb_line_break_holder] -->      )<!-- [et_pb_line_break_holder] -->    \u00ab><!-- [et_pb_line_break_holder] -->      Mantente actualizado<!-- [et_pb_line_break_holder] -->    <\/a><!-- [et_pb_line_break_holder] --><\/div>\n<p>[\/et_pb_code][\/et_pb_column][\/et_pb_row][\/et_pb_section]<\/p>\n","protected":false},"excerpt":{"rendered":"<p>Noticias, art\u00edculos et estudios especificos para hoteleros et proprietarios de alquiler vacacional\u00a0Bienvenidos al blog de OctorateDescubra cu\u00e1les son los 100 mejores sitios para alquiler vacacionalReserva una Demo GratisReservas una Demo para averiguar c\u00f3mo Octorate podr\u00eda simplificar la gesti\u00f3n de tu Hotel, Apartamento turistico o casa de vacaciones.<\/p>\n","protected":false},"author":1,"featured_media":14474,"parent":0,"menu_order":0,"comment_status":"closed","ping_status":"closed","template":"","meta":{"_et_pb_use_builder":"on","_et_pb_old_content":"","_et_gb_content_width":"","footnotes":""},"_links":{"self":[{"href":"https:\/\/octorate.com\/es\/wp-json\/wp\/v2\/pages\/2706"}],"collection":[{"href":"https:\/\/octorate.com\/es\/wp-json\/wp\/v2\/pages"}],"about":[{"href":"https:\/\/octorate.com\/es\/wp-json\/wp\/v2\/types\/page"}],"author":[{"embeddable":true,"href":"https:\/\/octorate.com\/es\/wp-json\/wp\/v2\/users\/1"}],"replies":[{"embeddable":true,"href":"https:\/\/octorate.com\/es\/wp-json\/wp\/v2\/comments?post=2706"}],"version-history":[{"count":1,"href":"https:\/\/octorate.com\/es\/wp-json\/wp\/v2\/pages\/2706\/revisions"}],"predecessor-version":[{"id":74859,"href":"https:\/\/octorate.com\/es\/wp-json\/wp\/v2\/pages\/2706\/revisions\/74859"}],"wp:featuredmedia":[{"embeddable":true,"href":"https:\/\/octorate.com\/es\/wp-json\/wp\/v2\/media\/14474"}],"wp:attachment":[{"href":"https:\/\/octorate.com\/es\/wp-json\/wp\/v2\/media?parent=2706"}],"curies":[{"name":"wp","href":"https:\/\/api.w.org\/{rel}","templated":true}]}}