{"id":76251,"date":"2026-03-23T11:33:18","date_gmt":"2026-03-23T10:33:18","guid":{"rendered":"https:\/\/octorate.com\/work-with-us\/"},"modified":"2026-03-23T13:20:43","modified_gmt":"2026-03-23T12:20:43","slug":"arbeiten-bei-uns","status":"publish","type":"page","link":"https:\/\/octorate.com\/de\/arbeiten-bei-uns\/","title":{"rendered":"Arbeiten bei uns"},"content":{"rendered":"<p>[et_pb_section fb_built=&#8221;1&#8243; inner_shadow=&#8221;on&#8221; disabled_on=&#8221;on|on|off&#8221; admin_label=&#8221;Hero&#8221; _builder_version=&#8221;4.24.2&#8243; background_color=&#8221;#000000&#8243; background_enable_image=&#8221;off&#8221; background_size=&#8221;custom&#8221; background_repeat=&#8221;space&#8221; background_enable_pattern_style=&#8221;on&#8221; background_pattern_style=&#8221;diagonal-stripes-2&#8243; background_pattern_color=&#8221;#141414&#8243; background_pattern_size=&#8221;custom&#8221; background_pattern_repeat_origin=&#8221;center&#8221; background_pattern_blend_mode=&#8221;screen&#8221; custom_padding=&#8221;50px||100px|||&#8221; locked=&#8221;off&#8221; global_colors_info=&#8221;{%22gcid-1c82c0b6-8bbd-468a-9d52-b47ea069ffb0%22:%91%22background_color%22%93}&#8221;][et_pb_row _builder_version=&#8221;4.24.2&#8243; _module_preset=&#8221;default&#8221; max_width=&#8221;1550px&#8221; custom_padding=&#8221;||0px|||&#8221; locked=&#8221;off&#8221; global_colors_info=&#8221;{}&#8221;][et_pb_column type=&#8221;4_4&#8243; _builder_version=&#8221;4.24.2&#8243; _module_preset=&#8221;default&#8221; global_colors_info=&#8221;{}&#8221;][et_pb_image src=&#8221;https:\/\/octorate.com\/wordpress\/wp-content\/uploads\/2025\/01\/AI-Powered-color.png&#8221; alt=&#8221;Octorate logo&#8221; title_text=&#8221;Octorate logo&#8221; url=&#8221;\/en\/vacation-rental\/&#8221; url_new_window=&#8221;on&#8221; align=&#8221;center&#8221; disabled_on=&#8221;off|off|off&#8221; _builder_version=&#8221;4.24.2&#8243; _module_preset=&#8221;default&#8221; max_width=&#8221;35%&#8221; custom_padding=&#8221;||0%||false|false&#8221; filter_saturate=&#8221;0%&#8221; filter_brightness=&#8221;200%&#8221; filter_contrast=&#8221;200%&#8221; locked=&#8221;off&#8221; global_colors_info=&#8221;{}&#8221;][\/et_pb_image][et_pb_text _builder_version=&#8221;4.24.2&#8243; _module_preset=&#8221;default&#8221; text_font_size=&#8221;28px&#8221; header_2_font=&#8221;Exo 2||||||||&#8221; header_2_text_color=&#8221;#FFA31A&#8221; header_2_font_size=&#8221;41px&#8221; header_2_line_height=&#8221;1.2em&#8221; text_orientation=&#8221;center&#8221; custom_margin=&#8221;||0px||false|false&#8221; custom_padding=&#8221;7%||16px||false|false&#8221; header_2_font_size_tablet=&#8221;32px&#8221; header_2_font_size_phone=&#8221;42px&#8221; header_2_font_size_last_edited=&#8221;on|desktop&#8221; border_style_all=&#8221;none&#8221; border_width_bottom=&#8221;1px&#8221; border_color_bottom=&#8221;#d6d6d6&#8243; locked=&#8221;off&#8221; global_colors_info=&#8221;{}&#8221;]<\/p>\n<h1><span style=\"color: #ffffff;\">Arbeiten bei uns<\/span><\/h1>\n<p>[\/et_pb_text][et_pb_text _builder_version=&#8221;4.24.2&#8243; _module_preset=&#8221;default&#8221; text_font_size=&#8221;28px&#8221; header_2_font=&#8221;Exo 2||||||||&#8221; header_2_text_color=&#8221;#FFA31A&#8221; header_2_font_size=&#8221;41px&#8221; header_2_line_height=&#8221;1.2em&#8221; text_orientation=&#8221;center&#8221; custom_margin=&#8221;||0px||false|false&#8221; custom_padding=&#8221;7%||16px||false|false&#8221; header_2_font_size_tablet=&#8221;32px&#8221; header_2_font_size_phone=&#8221;42px&#8221; header_2_font_size_last_edited=&#8221;on|desktop&#8221; border_style_all=&#8221;none&#8221; border_width_bottom=&#8221;1px&#8221; border_color_bottom=&#8221;#d6d6d6&#8243; locked=&#8221;off&#8221; global_colors_info=&#8221;{}&#8221;]<\/p>\n<h2><span style=\"color: #f39202;\">Entdecken sie Ihre karrierem\u00f6glichkeiten bei Octorate<\/span><\/h2>\n<p>[\/et_pb_text][et_pb_text module_class=&#8221;titolo-pricing&#8221; _builder_version=&#8221;4.24.2&#8243; _module_preset=&#8221;default&#8221; header_6_font=&#8221;Montserrat||||||||&#8221; background_layout=&#8221;dark&#8221; custom_margin=&#8221;||30px||false|false&#8221; header_line_height_tablet=&#8221;&#8221; header_line_height_phone=&#8221;0.9em&#8221; header_line_height_last_edited=&#8221;on|phone&#8221; global_colors_info=&#8221;{}&#8221; custom_margin__hover_enabled=&#8221;on|desktop&#8221; custom_margin__hover=&#8221;||||false|false&#8221;]<\/p>\n<h1 style=\"text-align: center;\"><\/h1>\n<p style=\"text-align: center;\">Octorate ist ein Unternehmen im Bereich Reisetechnologie und Teil der Dylog-Gruppe. Wir entwickeln eine cloudbasierte Komplettl\u00f6sung, die Hotels, Pensionen und Immobilienverwaltern hilft, ihre t\u00e4glichen Abl\u00e4ufe zu vereinfachen und Direktbuchungen zu steigern. Unsere Technologie bietet eine flexible und umfassende Alternative zu den Systemen gro\u00dfer Hotelketten und macht Innovationen f\u00fcr jede Art von Unterkunft zug\u00e4nglich.<\/p>\n<p style=\"text-align: center;\">Teil unseres Teams in Rom zu werden bedeutet, an der Schnittstelle zwischen Gastgewerbe und Software zu arbeiten und zum Erfolg tausender Unternehmen weltweit beizutragen. Wir suchen neugierige Menschen mit einer Leidenschaft f\u00fcr Technologie, die gerne L\u00f6sungen f\u00fcr komplexe Herausforderungen finden.<\/p>\n<p>[\/et_pb_text][et_pb_text _builder_version=&#8221;4.24.2&#8243; _module_preset=&#8221;default&#8221; text_font_size=&#8221;28px&#8221; header_2_font=&#8221;Exo 2||||||||&#8221; header_2_text_color=&#8221;#FFA31A&#8221; header_2_font_size=&#8221;41px&#8221; header_2_line_height=&#8221;1.2em&#8221; text_orientation=&#8221;center&#8221; custom_margin=&#8221;||0px||false|false&#8221; custom_padding=&#8221;7%||16px||false|false&#8221; header_2_font_size_tablet=&#8221;32px&#8221; header_2_font_size_phone=&#8221;42px&#8221; header_2_font_size_last_edited=&#8221;on|desktop&#8221; border_style_all=&#8221;none&#8221; border_width_bottom=&#8221;1px&#8221; border_color_bottom=&#8221;#d6d6d6&#8243; locked=&#8221;off&#8221; global_colors_info=&#8221;{}&#8221;]<\/p>\n<h2><span>Offene Stellen<\/span><\/h2>\n<p>[\/et_pb_text][et_pb_accordion open_toggle_text_color=&#8221;#FFA31A&#8221; disabled_on=&#8221;off|off|off&#8221; _builder_version=&#8221;4.24.2&#8243; _module_preset=&#8221;default&#8221; toggle_text_color=&#8221;#FFA31A&#8221; toggle_level=&#8221;h6&#8243; toggle_text_align=&#8221;left&#8221; toggle_font_size=&#8221;1.5em&#8221; body_text_color=&#8221;#3d3d3d&#8221; body_font_size=&#8221;1.2em&#8221; width=&#8221;60%&#8221; module_alignment=&#8221;center&#8221; hover_enabled=&#8221;0&#8243; body_font_size_tablet=&#8221;1.2em&#8221; body_font_size_phone=&#8221;1em&#8221; body_font_size_last_edited=&#8221;on|phone&#8221; body_line_height_tablet=&#8221;&#8221; body_line_height_phone=&#8221;1.6em&#8221; body_line_height_last_edited=&#8221;on|phone&#8221; custom_css_toggle_title=&#8221;text-align: left !important;&#8221; rank_math_faq_schema=&#8221;on&#8221; border_radii=&#8221;on|10px|10px|10px|10px&#8221; box_shadow_blur_tablet=&#8221;&#8221; box_shadow_blur_phone=&#8221;&#8221; box_shadow_blur_last_edited=&#8221;on|desktop&#8221; locked=&#8221;off&#8221; global_colors_info=&#8221;{}&#8221; box_shadow_vertical__hover_enabled=&#8221;on|hover&#8221; box_shadow_vertical__hover=&#8221;0px&#8221; sticky_enabled=&#8221;0&#8243;][et_pb_accordion_item title=&#8221;Customer success specialist \u2013 Spanisch&#8221; open=&#8221;on&#8221; open_toggle_text_color=&#8221;#E09900&#8243; open_toggle_background_color=&#8221;rgba(0,0,0,0)&#8221; closed_toggle_background_color=&#8221;RGBA(255,255,255,0)&#8221; icon_color=&#8221;#ffffff&#8221; toggle_icon=&#8221;&#x47;||divi||400&#8243; _builder_version=&#8221;4.24.2&#8243; _module_preset=&#8221;default&#8221; body_text_color=&#8221;#ffffff&#8221; background_color=&#8221;RGBA(255,255,255,0)&#8221; background_enable_color=&#8221;on&#8221; hover_enabled=&#8221;0&#8243; global_colors_info=&#8221;{}&#8221; toggle_text_color=&#8221;#E09900&#8243; toggle_text_align=&#8221;center&#8221; sticky_enabled=&#8221;0&#8243;]<\/p>\n<p>Standort: Rom (Hybrid)<\/p>\n<p>In dieser Rolle sind Sie ein strategischer Partner f\u00fcr unsere Kunden in Spanien und auf internationalen M\u00e4rkten. Sie begleiten Partner durch den Onboarding-Prozess und optimieren die Plattformkonfiguration, um deren Ergebnisse zu maximieren.<\/p>\n<p>Hauptaufgaben<\/p>\n<p>Leitung des Onboarding-Prozesses f\u00fcr Neukunden und Sicherstellung einer optimalen Softwarekonfiguration.<\/p>\n<p>Fachkundige Unterst\u00fctzung via Chat, E-Mail und Telefon f\u00fcr den spanischen Markt.<\/p>\n<p>Strategische Beratung der Kunden zur Steigerung von Direktbuchungen.<\/p>\n<p>Zusammenarbeit mit dem Produktteam zur Meldung von Fehlern oder Vorschlag von Plattformverbesserungen.<\/p>\n<p>Aktualisierung und Pflege der spanischsprachigen Dokumentation und der internen Wissensdatenbank.<\/p>\n<p>Unterst\u00fctzung bei Schulungen und regelm\u00e4\u00dfigen Gesch\u00e4ftsberichten f\u00fcr Key-Accounts.<\/p>\n<p>Anforderungen<\/p>\n<p>Muttersprachliches Niveau oder mindestens C1 in Spanisch; professionelle Kenntnisse in Italienisch und Englisch.<\/p>\n<p>1\u20133 Jahre Erfahrung im Gastgewerbe, in der Immobilienverwaltung oder im Bereich Travel Tech\/SaaS.<\/p>\n<p>Sicherer Umgang mit modernen CRM-Tools, Channel-Managern oder Booking-Engines.<\/p>\n<p>Bereitschaft zur Arbeit in einem hybriden Modell mit physischer Pr\u00e4senz in unserem B\u00fcro in Rom.<\/p>\n<p>[\/et_pb_accordion_item][et_pb_accordion_item title=&#8221;Customer success specialist \u2013 Franz\u00f6sisch&#8221; open_toggle_text_color=&#8221;#E09900&#8243; open_toggle_background_color=&#8221;rgba(0,0,0,0)&#8221; closed_toggle_background_color=&#8221;RGBA(255,255,255,0)&#8221; icon_color=&#8221;#ffffff&#8221; toggle_icon=&#8221;&#x47;||divi||400&#8243; _builder_version=&#8221;4.24.2&#8243; _module_preset=&#8221;default&#8221; body_text_color=&#8221;#ffffff&#8221; background_color=&#8221;RGBA(255,255,255,0)&#8221; background_enable_color=&#8221;on&#8221; hover_enabled=&#8221;0&#8243; global_colors_info=&#8221;{}&#8221; toggle_text_color=&#8221;#E09900&#8243; toggle_text_align=&#8221;center&#8221; open=&#8221;off&#8221; sticky_enabled=&#8221;0&#8243;]<\/p>\n<p>Standort: Rom (Hybrid)<\/p>\n<p>Wir suchen einen Spezialisten mit starken technischen F\u00e4higkeiten zur Unterst\u00fctzung unserer franz\u00f6sischsprachigen Partner. Sie verwalten die gesamte Customer Journey und stellen sicher, dass jede Unterkunft vom ersten Tag an den maximalen Nutzen aus den L\u00f6sungen von Octorate zieht.<\/p>\n<p>Hauptaufgaben<\/p>\n<p>Verwaltung der Einrichtung und Konfiguration der Plattform f\u00fcr neue Konten.<\/p>\n<p>Fachkundiger Support und technische Fehlerbehebung f\u00fcr den franz\u00f6sischen Markt.<\/p>\n<p>Analyse von Marktbed\u00fcrfnissen zur Entwicklung neuer Funktionen mit dem Entwicklungsteam.<\/p>\n<p>Pflege und Aktualisierung technischer Dokumentationen und Schulungsmaterialien auf Franz\u00f6sisch.<\/p>\n<p>Unterst\u00fctzung bei Schulungen und regelm\u00e4\u00dfigen Gesch\u00e4ftsberichten f\u00fcr Key-Accounts.<\/p>\n<p>Strategische Beratung der Kunden bei der digitalen Distribution.<\/p>\n<p>Anforderungen<\/p>\n<p>Muttersprachliches Niveau oder mindestens C1 in Franz\u00f6sisch; professionelle Kenntnisse in Italienisch und Englisch.<\/p>\n<p>1\u20133 Jahre Berufserfahrung in Hotels, in der Reisetechnologie oder in der Immobilienverwaltung.<\/p>\n<p>Technisches Verst\u00e4ndnis mit der F\u00e4higkeit, komplexe Softwarefunktionen schnell zu lernen und klar zu erkl\u00e4ren.<\/p>\n<p>Verf\u00fcgbarkeit f\u00fcr die Arbeit in unserem B\u00fcro in Rom im Rahmen eines hybriden Zeitplans.<\/p>\n<p>[\/et_pb_accordion_item][\/et_pb_accordion][et_pb_button button_url=&#8221;https:\/\/form.jotform.com\/260812015392349&#8243; url_new_window=&#8221;on&#8221; button_text=&#8221;Jetzt bewerben&#8221; button_alignment=&#8221;center&#8221; _builder_version=&#8221;4.24.2&#8243; _module_preset=&#8221;default&#8221; button_text_size=&#8221;20px&#8221; button_text_color=&#8221;#000000&#8243; button_bg_color=&#8221;#e09900&#8243; button_border_width=&#8221;0px&#8221; button_border_radius=&#8221;10px&#8221; button_letter_spacing=&#8221;1px&#8221; hover_enabled=&#8221;0&#8243; locked=&#8221;off&#8221; global_colors_info=&#8221;{}&#8221; sticky_enabled=&#8221;0&#8243;][\/et_pb_button][et_pb_text _builder_version=&#8221;4.24.2&#8243; _module_preset=&#8221;default&#8221; text_font_size=&#8221;28px&#8221; header_2_font=&#8221;Exo 2||||||||&#8221; header_2_text_color=&#8221;#FFA31A&#8221; header_2_font_size=&#8221;41px&#8221; header_2_line_height=&#8221;1.2em&#8221; text_orientation=&#8221;center&#8221; custom_margin=&#8221;||0px||false|false&#8221; custom_padding=&#8221;3%||16px||false|false&#8221; hover_enabled=&#8221;0&#8243; header_2_font_size_tablet=&#8221;32px&#8221; header_2_font_size_phone=&#8221;42px&#8221; header_2_font_size_last_edited=&#8221;on|desktop&#8221; border_style_all=&#8221;none&#8221; border_width_bottom=&#8221;1px&#8221; border_color_bottom=&#8221;#d6d6d6&#8243; locked=&#8221;off&#8221; global_colors_info=&#8221;{}&#8221; sticky_enabled=&#8221;0&#8243;]<\/p>\n<h2><span style=\"color: #f39202;\">Nicht das Richtige gefunden?<\/p>\n<p>Schicken Sie uns trotzdem Ihren Lebenslauf! Wir melden uns bei Ihnen, sobald eine passende Stelle frei wird.<\/span><\/h2>\n<p>[\/et_pb_text][\/et_pb_column][\/et_pb_row][\/et_pb_section][et_pb_section fb_built=&#8221;1&#8243; inner_shadow=&#8221;on&#8221; disabled_on=&#8221;off|off|on&#8221; admin_label=&#8221;Hero&#8221; _builder_version=&#8221;4.24.2&#8243; background_color=&#8221;#000000&#8243; background_enable_image=&#8221;off&#8221; background_size=&#8221;custom&#8221; background_repeat=&#8221;space&#8221; background_enable_pattern_style=&#8221;on&#8221; background_pattern_style=&#8221;diagonal-stripes-2&#8243; background_pattern_color=&#8221;#141414&#8243; background_pattern_size=&#8221;custom&#8221; background_pattern_repeat_origin=&#8221;center&#8221; background_pattern_blend_mode=&#8221;screen&#8221; custom_padding=&#8221;75px||100px||false|false&#8221; locked=&#8221;off&#8221; global_colors_info=&#8221;{%22gcid-1c82c0b6-8bbd-468a-9d52-b47ea069ffb0%22:%91%22background_color%22%93}&#8221;][et_pb_row _builder_version=&#8221;4.24.2&#8243; _module_preset=&#8221;default&#8221; max_width=&#8221;1550px&#8221; custom_padding=&#8221;25px||0px||false|false&#8221; locked=&#8221;off&#8221; global_colors_info=&#8221;{}&#8221;][et_pb_column type=&#8221;4_4&#8243; _builder_version=&#8221;4.24.2&#8243; _module_preset=&#8221;default&#8221; global_colors_info=&#8221;{}&#8221;][et_pb_text _builder_version=&#8221;4.24.2&#8243; _module_preset=&#8221;default&#8221; header_2_text_align=&#8221;center&#8221; header_2_font_size=&#8221;1.8em&#8221; custom_margin=&#8221;||18px|||&#8221; custom_padding=&#8221;50px|||||&#8221; locked=&#8221;off&#8221; global_colors_info=&#8221;{}&#8221;]<\/p>\n<h1 style=\"text-align: center;\"><span style=\"color: #ffffff;\">Arbeiten bei uns<\/span><\/h1>\n<p>[\/et_pb_text][et_pb_text _builder_version=&#8221;4.24.2&#8243; _module_preset=&#8221;default&#8221; header_2_text_align=&#8221;center&#8221; header_2_font_size=&#8221;1.8em&#8221; custom_margin=&#8221;||18px|||&#8221; custom_padding=&#8221;25px||||false|false&#8221; locked=&#8221;off&#8221; global_colors_info=&#8221;{}&#8221;]<\/p>\n<h2><span style=\"color: #f39202;\">Entdecken Sie Ihre Karrierem\u00f6glichkeiten bei Octorate<\/span><\/h2>\n<p>[\/et_pb_text][et_pb_text module_class=&#8221;titolo-pricing&#8221; _builder_version=&#8221;4.24.2&#8243; _module_preset=&#8221;default&#8221; header_6_font=&#8221;Montserrat||||||||&#8221; background_layout=&#8221;dark&#8221; custom_margin=&#8221;||30px||false|false&#8221; header_line_height_tablet=&#8221;&#8221; header_line_height_phone=&#8221;0.9em&#8221; header_line_height_last_edited=&#8221;on|phone&#8221; global_colors_info=&#8221;{}&#8221; custom_margin__hover_enabled=&#8221;on|desktop&#8221; custom_margin__hover=&#8221;||||false|false&#8221;]<\/p>\n<h1 style=\"text-align: center;\"><\/h1>\n<p style=\"text-align: center;\">Octorate ist ein Unternehmen im Bereich Reisetechnologie und Teil der Dylog-Gruppe. Wir entwickeln eine cloudbasierte Komplettl\u00f6sung, die Hotels, Pensionen und Immobilienverwaltern hilft, ihre t\u00e4glichen Abl\u00e4ufe zu vereinfachen und Direktbuchungen zu steigern. Unsere Technologie bietet eine flexible und umfassende Alternative zu den Systemen gro\u00dfer Hotelketten und macht Innovationen f\u00fcr jede Art von Unterkunft zug\u00e4nglich.<\/p>\n<p data-path-to-node=\"5\" style=\"text-align: center;\">Teil unseres Teams in Rom zu werden bedeutet, an der Schnittstelle zwischen Gastgewerbe und Software zu arbeiten und zum Erfolg tausender Unternehmen weltweit beizutragen. Wir suchen neugierige Menschen mit einer Leidenschaft f\u00fcr Technologie, die gerne L\u00f6sungen f\u00fcr komplexe Herausforderungen finden.<\/p>\n<p>[\/et_pb_text][et_pb_text _builder_version=&#8221;4.24.2&#8243; _module_preset=&#8221;default&#8221; header_2_text_align=&#8221;center&#8221; header_2_font_size=&#8221;1.8em&#8221; custom_margin=&#8221;||18px|||&#8221; custom_padding=&#8221;50px|||||&#8221; locked=&#8221;off&#8221; global_colors_info=&#8221;{}&#8221;]<\/p>\n<h2><span style=\"color: #f39202;\">Offene Stellen<\/span><\/h2>\n<p>[\/et_pb_text][et_pb_accordion open_toggle_text_color=&#8221;#FFA31A&#8221; disabled_on=&#8221;off|off|on&#8221; _builder_version=&#8221;4.24.2&#8243; _module_preset=&#8221;default&#8221; toggle_text_color=&#8221;#FFA31A&#8221; toggle_level=&#8221;h6&#8243; toggle_text_align=&#8221;left&#8221; toggle_font_size=&#8221;16.8px&#8221; body_text_color=&#8221;#3d3d3d&#8221; body_font_size=&#8221;1.2em&#8221; width=&#8221;90%&#8221; max_width=&#8221;90%&#8221; module_alignment=&#8221;center&#8221; hover_enabled=&#8221;0&#8243; body_font_size_tablet=&#8221;1.2em&#8221; body_font_size_phone=&#8221;14.8px&#8221; body_font_size_last_edited=&#8221;on|phone&#8221; body_line_height_tablet=&#8221;&#8221; body_line_height_phone=&#8221;1.6em&#8221; body_line_height_last_edited=&#8221;on|phone&#8221; custom_css_toggle_title=&#8221;text-align: left !important;&#8221; rank_math_faq_schema=&#8221;on&#8221; border_radii=&#8221;on|10px|10px|10px|10px&#8221; locked=&#8221;off&#8221; global_colors_info=&#8221;{}&#8221; box_shadow_vertical__hover_enabled=&#8221;on|hover&#8221; box_shadow_vertical__hover=&#8221;0px&#8221; sticky_enabled=&#8221;0&#8243;][et_pb_accordion_item title=&#8221;Customer success specialist \u2013 Spanisch&#8221; open=&#8221;on&#8221; open_toggle_text_color=&#8221;#E09900&#8243; open_toggle_background_color=&#8221;rgba(0,0,0,0)&#8221; closed_toggle_background_color=&#8221;RGBA(255,255,255,0)&#8221; icon_color=&#8221;#ffffff&#8221; toggle_icon=&#8221;&#x47;||divi||400&#8243; _builder_version=&#8221;4.24.2&#8243; _module_preset=&#8221;default&#8221; body_text_color=&#8221;#ffffff&#8221; background_color=&#8221;RGBA(255,255,255,0)&#8221; background_enable_color=&#8221;on&#8221; hover_enabled=&#8221;0&#8243; global_colors_info=&#8221;{}&#8221; toggle_text_color=&#8221;#E09900&#8243; toggle_text_align=&#8221;center&#8221; sticky_enabled=&#8221;0&#8243;]<\/p>\n<p>Standort: Rom (Hybrid)<\/p>\n<p>In dieser Rolle sind Sie ein strategischer Partner f\u00fcr unsere Kunden in Spanien und auf internationalen M\u00e4rkten. Sie begleiten Partner durch den Onboarding-Prozess und optimieren die Plattformkonfiguration, um deren Ergebnisse zu maximieren.<\/p>\n<p>Hauptaufgaben<\/p>\n<p>Leitung des Onboarding-Prozesses f\u00fcr Neukunden und Sicherstellung einer optimalen Softwarekonfiguration.<\/p>\n<p>Fachkundige Unterst\u00fctzung via Chat, E-Mail und Telefon f\u00fcr den spanischen Markt.<\/p>\n<p>Strategische Beratung der Kunden zur Steigerung von Direktbuchungen.<\/p>\n<p>Zusammenarbeit mit dem Produktteam zur Meldung von Fehlern oder Vorschlag von Plattformverbesserungen.<\/p>\n<p>Aktualisierung und Pflege der spanischsprachigen Dokumentation und der internen Wissensdatenbank.<\/p>\n<p>Unterst\u00fctzung bei Schulungen und regelm\u00e4\u00dfigen Gesch\u00e4ftsberichten f\u00fcr Key-Accounts.<\/p>\n<p>Anforderungen<\/p>\n<p>Muttersprachliches Niveau oder mindestens C1 in Spanisch; professionelle Kenntnisse in Italienisch und Englisch.<\/p>\n<p>1\u20133 Jahre Erfahrung im Gastgewerbe, in der Immobilienverwaltung oder im Bereich Travel Tech\/SaaS.<\/p>\n<p>Sicherer Umgang mit modernen CRM-Tools, Channel-Managern oder Booking-Engines.<\/p>\n<p>Bereitschaft zur Arbeit in einem hybriden Modell mit physischer Pr\u00e4senz in unserem B\u00fcro in Rom.<\/p>\n<p>[\/et_pb_accordion_item][et_pb_accordion_item title=&#8221;Customer success specialist \u2013 Franz\u00f6sisch&#8221; open_toggle_text_color=&#8221;#E09900&#8243; open_toggle_background_color=&#8221;rgba(0,0,0,0)&#8221; closed_toggle_background_color=&#8221;RGBA(255,255,255,0)&#8221; icon_color=&#8221;#ffffff&#8221; toggle_icon=&#8221;&#x47;||divi||400&#8243; _builder_version=&#8221;4.24.2&#8243; _module_preset=&#8221;default&#8221; body_text_color=&#8221;#ffffff&#8221; background_color=&#8221;RGBA(255,255,255,0)&#8221; background_enable_color=&#8221;on&#8221; hover_enabled=&#8221;0&#8243; global_colors_info=&#8221;{}&#8221; toggle_text_color=&#8221;#E09900&#8243; toggle_text_align=&#8221;center&#8221; open=&#8221;off&#8221; sticky_enabled=&#8221;0&#8243;]<\/p>\n<p>Standort: Rom (Hybrid)<\/p>\n<p>Wir suchen einen Spezialisten mit starken technischen F\u00e4higkeiten zur Unterst\u00fctzung unserer franz\u00f6sischsprachigen Partner. Sie verwalten die gesamte Customer Journey und stellen sicher, dass jede Unterkunft vom ersten Tag an den maximalen Nutzen aus den L\u00f6sungen von Octorate zieht.<\/p>\n<p>Hauptaufgaben<\/p>\n<p>Verwaltung der Einrichtung und Konfiguration der Plattform f\u00fcr neue Konten.<\/p>\n<p>Fachkundiger Support und technische Fehlerbehebung f\u00fcr den franz\u00f6sischen Markt.<\/p>\n<p>Analyse von Marktbed\u00fcrfnissen zur Entwicklung neuer Funktionen mit dem Entwicklungsteam.<\/p>\n<p>Pflege und Aktualisierung technischer Dokumentationen und Schulungsmaterialien auf Franz\u00f6sisch.<\/p>\n<p>Unterst\u00fctzung bei Schulungen und regelm\u00e4\u00dfigen Gesch\u00e4ftsberichten f\u00fcr Key-Accounts.<\/p>\n<p>Strategische Beratung der Kunden bei der digitalen Distribution.<\/p>\n<p>Anforderungen<\/p>\n<p>Muttersprachliches Niveau oder mindestens C1 in Franz\u00f6sisch; professionelle Kenntnisse in Italienisch und Englisch.<\/p>\n<p>1\u20133 Jahre Berufserfahrung in Hotels, in der Reisetechnologie oder in der Immobilienverwaltung.<\/p>\n<p>Technisches Verst\u00e4ndnis mit der F\u00e4higkeit, komplexe Softwarefunktionen schnell zu lernen und klar zu erkl\u00e4ren.<\/p>\n<p>Verf\u00fcgbarkeit f\u00fcr die Arbeit in unserem B\u00fcro in Rom im Rahmen eines hybriden Zeitplans.<\/p>\n<p>Jetzt bewerben<br \/>Nicht die passende Stelle gefunden?<br \/>Schicken Sie uns trotzdem Ihren Lebenslauf! Wir sind immer auf der Suche nach talentierten Menschen und melden uns bei Ihnen, sobald eine Position frei wird, die zu Ihrem Profil passt.<\/p>\n<p>Ich m\u00f6chte mich f\u00fcr die Rolle als&#8230; bewerben<br \/>(Teilen Sie uns mit, f\u00fcr welche Abteilung oder Position Sie sich interessieren, z. B. Marketing, Vertrieb oder Entwicklung)<br \/>[Textfeld]<\/p>\n<p>Datei hochladen<br \/>[Auswahl-Button]<\/p>\n<p>SEO-Daten:<\/p>\n<p>SEO Title: Karriere bei Octorate &#8211; Offene Stellen<\/p>\n<p>Meta Description: Finden Sie Ihren Job bei Octorate in Rom. Entdecken Sie unsere offenen Stellen und bewerben Sie sich online, um Teil unseres Teams zu werden.<\/p>\n<p>[\/et_pb_accordion_item][\/et_pb_accordion][et_pb_button button_url=&#8221;https:\/\/form.jotform.com\/260812015392349&#8243; url_new_window=&#8221;on&#8221; button_text=&#8221;Jetzt bewerben&#8221; button_alignment=&#8221;center&#8221; _builder_version=&#8221;4.24.2&#8243; _module_preset=&#8221;default&#8221; button_text_size=&#8221;20px&#8221; button_text_color=&#8221;#000000&#8243; button_bg_color=&#8221;#e09900&#8243; button_border_width=&#8221;0px&#8221; button_border_radius=&#8221;10px&#8221; button_letter_spacing=&#8221;1px&#8221; hover_enabled=&#8221;0&#8243; locked=&#8221;off&#8221; global_colors_info=&#8221;{}&#8221; sticky_enabled=&#8221;0&#8243;][\/et_pb_button][et_pb_text _builder_version=&#8221;4.24.2&#8243; _module_preset=&#8221;default&#8221; header_2_text_align=&#8221;center&#8221; header_2_font_size=&#8221;1.8em&#8221; custom_margin=&#8221;||18px|||&#8221; custom_padding=&#8221;50px|||||&#8221; locked=&#8221;off&#8221; global_colors_info=&#8221;{}&#8221;]<\/p>\n<h2><span style=\"color: #f39202;\">Nicht das Richtige gefunden?<\/p>\n<p>Schicken Sie uns trotzdem Ihren Lebenslauf! Wir melden uns bei Ihnen, sobald eine passende Stelle frei wird.<\/span><\/h2>\n<p>[\/et_pb_text][\/et_pb_column][\/et_pb_row][\/et_pb_section]<\/p>\n","protected":false},"excerpt":{"rendered":"<p>Arbeiten bei unsEntdecken sie Ihre karrierem\u00f6glichkeiten bei Octorate Octorate ist ein Unternehmen im Bereich Reisetechnologie und Teil der Dylog-Gruppe. Wir entwickeln eine cloudbasierte Komplettl\u00f6sung, die Hotels, Pensionen und Immobilienverwaltern hilft, ihre t\u00e4glichen Abl\u00e4ufe zu vereinfachen und Direktbuchungen zu steigern. Unsere Technologie bietet eine flexible und umfassende Alternative zu den Systemen gro\u00dfer Hotelketten und macht Innovationen [&hellip;]<\/p>\n","protected":false},"author":1,"featured_media":0,"parent":0,"menu_order":0,"comment_status":"closed","ping_status":"closed","template":"","meta":{"_et_pb_use_builder":"on","_et_pb_old_content":"","_et_gb_content_width":"","footnotes":""},"_links":{"self":[{"href":"https:\/\/octorate.com\/de\/wp-json\/wp\/v2\/pages\/76251"}],"collection":[{"href":"https:\/\/octorate.com\/de\/wp-json\/wp\/v2\/pages"}],"about":[{"href":"https:\/\/octorate.com\/de\/wp-json\/wp\/v2\/types\/page"}],"author":[{"embeddable":true,"href":"https:\/\/octorate.com\/de\/wp-json\/wp\/v2\/users\/1"}],"replies":[{"embeddable":true,"href":"https:\/\/octorate.com\/de\/wp-json\/wp\/v2\/comments?post=76251"}],"version-history":[{"count":13,"href":"https:\/\/octorate.com\/de\/wp-json\/wp\/v2\/pages\/76251\/revisions"}],"predecessor-version":[{"id":76266,"href":"https:\/\/octorate.com\/de\/wp-json\/wp\/v2\/pages\/76251\/revisions\/76266"}],"wp:attachment":[{"href":"https:\/\/octorate.com\/de\/wp-json\/wp\/v2\/media?parent=76251"}],"curies":[{"name":"wp","href":"https:\/\/api.w.org\/{rel}","templated":true}]}}